{"id":22844,"date":"2025-01-06T02:44:21","date_gmt":"2025-01-06T02:44:21","guid":{"rendered":"https:\/\/v2smt.com\/?post_type=product&#038;p=22844"},"modified":"2025-01-06T03:29:04","modified_gmt":"2025-01-06T03:29:04","slug":"gkg-g-titan-smt-printer","status":"publish","type":"product","link":"https:\/\/v2smt.com\/fr\/products\/gkg-g-titan-smt-printer\/","title":{"rendered":"GKG G-TITAN SMT PRINTER"},"content":{"rendered":"<h2>GKG G-TITAN SMT PRINTER<\/h2>\n<p>Fonctionnement enti\u00e8rement automatique : Garantit une impression r\u00e9guli\u00e8re et sans erreur des pochoirs.<br \/>\nTechnologie avanc\u00e9e d'impression au pochoir : Permet d'obtenir des impressions de haute qualit\u00e9 pour les composants \u00e9lectroniques.<br \/>\nInterface conviviale : Simplifie l'utilisation et minimise la courbe d'apprentissage.<br \/>\nGrande compatibilit\u00e9 : Prise en charge d'un large \u00e9ventail de tailles et de types de pochoirs.<br \/>\nConstruction durable : Con\u00e7ue pour r\u00e9sister aux exigences d'une utilisation industrielle.<\/p>","protected":false},"excerpt":{"rendered":"<h3>GKG G-TITAN SMT PRINTER :<\/h3>\n<p>Un aper\u00e7u de l'avenir de la fabrication Alors que le paysage de la fabrication adopte de plus en plus l'industrie 4.0, les clients s'attendent de plus en plus \u00e0 transformer leurs op\u00e9rations pour am\u00e9liorer leur productivit\u00e9 et leur comp\u00e9titivit\u00e9. G-TITAN, strat\u00e9giquement \u00e9quip\u00e9 de l'OPC (Optimum-Paste Control), assure une transition transparente vers une fabrication sans lumi\u00e8re. Associ\u00e9 au QPC (Quality-Print Control), G-TITAN d\u00e9fend fermement l'id\u00e9e qu'une impression de haute qualit\u00e9 est primordiale. Ces avanc\u00e9es r\u00e9volutionnaires dans les aspects fondamentaux de l'imprimante SMT promettent un niveau d'efficacit\u00e9 jamais atteint auparavant.<\/p>\n<h4>Distribution automatis\u00e9e de p\u00e2te<\/h4>\n<p>La p\u00e2te est distribu\u00e9e uniform\u00e9ment sur toute la longueur de la raclette, en maintenant un diam\u00e8tre de roulement constant de 15 mm. Ce syst\u00e8me utilise le pot de p\u00e2te \u00e0 souder standard de 500 grammes, ce qui \u00e9limine efficacement tout gaspillage caus\u00e9 par le d\u00e9bordement de la p\u00e2te sur les c\u00f4t\u00e9s de la raclette.<\/p>\n<h4>Syst\u00e8me de surveillance du diam\u00e8tre de laminage de la p\u00e2te et raclette OPC Raclette OPC<\/h4>\n<p>CONTR\u00d4LE DE LA QUALIT\u00c9 DE L'IMPRESSION (CQI) - RIEN N'EST PLUS IMPORTANT QU'UNE BONNE IMPRESSION<\/p>","protected":false},"featured_media":22845,"comment_status":"open","ping_status":"closed","template":"","meta":{"iawp_total_views":150},"etheme_brands":[{"term_id":177,"name":"GKG","slug":"gkg","term_group":0,"term_taxonomy_id":177,"taxonomy":"brand","description":"","parent":0,"count":1,"filter":"raw"}],"product_brand":[],"product_cat":[133],"product_tag":[178],"class_list":{"0":"post-22844","1":"product","2":"type-product","3":"status-publish","4":"has-post-thumbnail","6":"brand-gkg","7":"product_cat-solder-printer","8":"product_tag-gkg-printer","10":"first","11":"instock","12":"shipping-taxable","13":"product-type-simple"},"_links":{"self":[{"href":"https:\/\/v2smt.com\/fr\/wp-json\/wp\/v2\/product\/22844","targetHints":{"allow":["GET"]}}],"collection":[{"href":"https:\/\/v2smt.com\/fr\/wp-json\/wp\/v2\/product"}],"about":[{"href":"https:\/\/v2smt.com\/fr\/wp-json\/wp\/v2\/types\/product"}],"replies":[{"embeddable":true,"href":"https:\/\/v2smt.com\/fr\/wp-json\/wp\/v2\/comments?post=22844"}],"version-history":[{"count":0,"href":"https:\/\/v2smt.com\/fr\/wp-json\/wp\/v2\/product\/22844\/revisions"}],"wp:featuredmedia":[{"embeddable":true,"href":"https:\/\/v2smt.com\/fr\/wp-json\/wp\/v2\/media\/22845"}],"wp:attachment":[{"href":"https:\/\/v2smt.com\/fr\/wp-json\/wp\/v2\/media?parent=22844"}],"wp:term":[{"taxonomy":"brand","embeddable":true,"href":"https:\/\/v2smt.com\/fr\/wp-json\/wp\/v2\/etheme_brands?post=22844"},{"taxonomy":"product_brand","embeddable":true,"href":"https:\/\/v2smt.com\/fr\/wp-json\/wp\/v2\/product_brand?post=22844"},{"taxonomy":"product_cat","embeddable":true,"href":"https:\/\/v2smt.com\/fr\/wp-json\/wp\/v2\/product_cat?post=22844"},{"taxonomy":"product_tag","embeddable":true,"href":"https:\/\/v2smt.com\/fr\/wp-json\/wp\/v2\/product_tag?post=22844"}],"curies":[{"name":"wp","href":"https:\/\/api.w.org\/{rel}","templated":true}]}}