{"id":22810,"date":"2024-11-22T08:21:24","date_gmt":"2024-11-22T08:21:24","guid":{"rendered":"https:\/\/v2smt.com\/?post_type=product&#038;p=22810"},"modified":"2025-12-29T03:15:07","modified_gmt":"2025-12-29T03:15:07","slug":"automatic-stencil-inspection-machine-vg830","status":"publish","type":"product","link":"https:\/\/v2smt.com\/fr\/products\/automatic-stencil-inspection-machine-vg830\/","title":{"rendered":"Machine automatique d'inspection de pochoirs VG830"},"content":{"rendered":"<p>La machine d'inspection automatique de pochoirs VG830 de V2 est con\u00e7ue pour l'inspection de haute pr\u00e9cision d'imprim\u00e9s.<br \/>\npochoirs.<br \/>\n\uf06cThe La machine d'inspection automatique de pochoirs VG830 est un dispositif d'inspection optique avanc\u00e9 con\u00e7u pour am\u00e9liorer la pr\u00e9cision des processus SMT (technologie de montage en surface). Il commence par utiliser une technologie d'imagerie automatis\u00e9e pour recueillir des donn\u00e9es compl\u00e8tes sur la taille et le positionnement des ouvertures du pochoir. Ces informations sont ensuite m\u00e9ticuleusement compar\u00e9es \u00e0 des param\u00e8tres pr\u00e9d\u00e9finis dans le syst\u00e8me, ce qui permet de mettre en place des mesures rigoureuses de contr\u00f4le de la qualit\u00e9 des pochoirs.<br \/>\n\uf06cKey Avantages par rapport \u00e0 l'inspection manuelle :<\/p>\n<p>\uf06cPrecision et coh\u00e9rence : Contrairement aux m\u00e9thodes manuelles traditionnelles qui se heurtent \u00e0 des probl\u00e8mes de coh\u00e9rence et de pr\u00e9cision, nos machines d'inspection fournissent des mesures pr\u00e9cises et des comparaisons objectives, \u00e9liminant ainsi l'erreur humaine.<\/p>\n<p>\uf06cData Int\u00e9gration : Les inspections manuelles ne permettent pas d'enregistrer et d'analyser efficacement les donn\u00e9es. Notre syst\u00e8me int\u00e8gre de mani\u00e8re transparente les r\u00e9sultats des inspections dans des bases de donn\u00e9es, ce qui permet une analyse approfondie de l'impact des techniques de forage sur la qualit\u00e9.<\/p>\n<p>\uf06cEase : nos machines d'inspection sont conviviales et enti\u00e8rement automatis\u00e9es, ce qui garantit des cycles d'inspection rapides tout en \u00e9liminant les jugements subjectifs du processus. Cela permet d'obtenir des donn\u00e9es impartiales et fiables, cruciales pour l'assurance qualit\u00e9.<\/p>\n<p>\uf06cSpecialized Fonctionnalit\u00e9 : Notre \u00e9quipement est sp\u00e9cialis\u00e9 dans la v\u00e9rification des dimensions et de la pr\u00e9cision de placement des ouvertures des nouveaux pochoirs, ainsi que dans le contr\u00f4le de l'\u00e9tat et de l'usure des pochoirs existants. La d\u00e9tection pr\u00e9coce de la d\u00e9gradation ou de la non-conformit\u00e9 des pochoirs permet d'\u00e9viter de compromettre les lots de circuits imprim\u00e9s en raison de la mauvaise qualit\u00e9 des pochoirs.<\/p>\n<p>\uf06cAdaptive Ajustement et test : Les machines d'inspection s'adaptent automatiquement aux diff\u00e9rentes tailles de pochoirs, effectuent des tests de tension et documentent les r\u00e9sultats, ce qui permet un suivi continu de la pr\u00e9cision de chaque pochoir au fil du temps.<\/p>\n<p>\uf06cComprehensive Couverture : Qu'il s'agisse de pochoirs standard ou en \u00e9chelle, nos machines d'inspection garantissent le respect des normes de fabrication les plus strictes, en validant \u00e0 la fois l'int\u00e9grit\u00e9 des nouveaux pochoirs et la pr\u00e9cision des m\u00e9thodologies de production.<\/p>\n<p>\uf06cEnhanced V\u00e9rification : En croisant les donn\u00e9es collect\u00e9es avec les fichiers GERBER de PCB et GERBER\/CAD de pochoirs, nos machines d'inspection effectuent des comparaisons \u00e0 plusieurs niveaux. Cette v\u00e9rification hors ligne confirme l'authenticit\u00e9 des fichiers avant leur d\u00e9ploiement en production, ajoutant ainsi une couche suppl\u00e9mentaire de contr\u00f4le qualit\u00e9.<\/p>\n<p>\uf06cProactive Gestion de la qualit\u00e9 : L'int\u00e9gration de nos machines d'inspection de pochoirs dans des syst\u00e8mes de gestion automatis\u00e9s permet d'identifier et de rectifier rapidement les pochoirs non conformes, pr\u00e9servant ainsi l'efficacit\u00e9 globale de la production et la qualit\u00e9 des produits.<\/p>\n<p>La machine d'inspection automatique de pochoirs VG830 joue un r\u00f4le essentiel dans l'affinement des m\u00e9thodologies de per\u00e7age des pochoirs et dans la r\u00e9solution des probl\u00e8mes d'impression complexes, contribuant directement \u00e0 un rendement \u00e9lev\u00e9 du premier passage dans l'inspection de la p\u00e2te \u00e0 braser (SPI). En enregistrant m\u00e9ticuleusement les donn\u00e9es d'inspection.<\/p>\n<p>Les syst\u00e8mes \uf06cThe g\u00e9n\u00e8rent des rapports complets qui couvrent tous les aspects du processus d'inspection. Ces informations d\u00e9taill\u00e9es facilitent les analyses techniques approfondies et apportent un soutien inestimable aux initiatives d'am\u00e9lioration continue, garantissant des performances et une qualit\u00e9 optimales tout au long de la cha\u00eene de production.<\/p>","protected":false},"excerpt":{"rendered":"<p>La machine d'inspection automatique de pochoirs VG830 est con\u00e7ue pour une inspection de haute pr\u00e9cision des pochoirs imprim\u00e9s. Cet inspecteur est con\u00e7u pour l'inspection de nouveaux pochoirs et le nettoyage de qualit\u00e9 des anciens pochoirs.<br \/>\nStencil, tout en optimisant l'\u00e9valuation et la recherche des techniques de forage au pochoir en<br \/>\nEnregistrement et t\u00e9l\u00e9chargement automatique dans une base de donn\u00e9es du cycle \u201cArriv\u00e9e - Contr\u00f4le et r\u00e9ception - Stockage - Utilisation - Nettoyage - Inspection du nettoyage - R\u00e9utilisation et stockage - Mise au rebut\u201d de tous les pochoirs, contribuant ainsi \u00e0 une gestion enti\u00e8rement automatis\u00e9e des donn\u00e9es.<br \/>\nMachine automatique d'inspection de pochoirs<br \/>\nUne machine automatique d'inspection de pochoirs est un syst\u00e8me de mesure optique de haute pr\u00e9cision con\u00e7u pour le contr\u00f4le de la qualit\u00e9 dans la fabrication de la technologie de montage en surface (SMT). Il effectue une inspection automatis\u00e9e et sans contact des pochoirs de p\u00e2te \u00e0 braser (\u00e9galement appel\u00e9s \u00e9crans ou gabarits) afin de garantir la pr\u00e9cision des dimensions de l'ouverture, l'absence de d\u00e9fauts et la conformit\u00e9 aux normes industrielles.<\/p>\n<p>Fonctions principales<br \/>\nD\u00e9tection des d\u00e9fauts<br \/>\nIdentifie les ouvertures bloqu\u00e9es\/align\u00e9es, les bavures et les dommages.<br \/>\nD\u00e9tecte les ouvertures trop grandes ou trop petites et les erreurs d'inclinaison<br \/>\nMesure 3D<br \/>\nMesure les dimensions de l'ouverture (longueur\/largeur\/diam\u00e8tre)<br \/>\nQuantifie les angles de conicit\u00e9 et l'aspect lisse des parois<br \/>\nContr\u00f4le des processus<br \/>\nContr\u00f4le de l'usure des pochoirs au cours des cycles de production<br \/>\nG\u00e9n\u00e8re des rapports SPC (Statistical Process Control)<br \/>\nPrincipe de fonctionnement<br \/>\nImagerie \u00e0 haute r\u00e9solution<br \/>\nUtilise des optiques t\u00e9l\u00e9centriques ou des scanners laser<br \/>\nPermet d'atteindre une pr\u00e9cision de l'ordre du micron (typiquement \u00b11-5\u03bcm).<br \/>\nAnalyse aliment\u00e9e par l'IA<br \/>\nComparaison des mod\u00e8les de pochoirs avec les fichiers CAO\/Gerber<br \/>\nLes algorithmes d'apprentissage automatique signalent les anomalies<br \/>\nFonctionnement automatis\u00e9<br \/>\nStades XY motoris\u00e9s pour un balayage de toute la surface<br \/>\nR\u00e9glage automatique de la mise au point et optimisation de l'\u00e9clairage<br \/>\nAvantages techniques<br \/>\nVitesse : contr\u00f4le des pochoirs de 600x600 mm en moins de 5 minutes<br \/>\nPr\u00e9cision : R\u00e9solution de caract\u00e9ristiques jusqu'\u00e0 25\u03bcm<br \/>\nPolyvalence : Compatible avec les pochoirs en acier inoxydable, en nickel et hybrides<br \/>\nInt\u00e9gration des donn\u00e9es : Prise en charge de l'industrie 4.0 avec connectivit\u00e9 MES\/ERP<br \/>\nApplications<br \/>\nAssemblage de circuits imprim\u00e9s pour l'\u00e9lectronique grand public<br \/>\nFabrication d'\u00e9lectronique automobile<br \/>\nProduction de composants de dispositifs m\u00e9dicaux<br \/>\nFabrication de cartes de circuits imprim\u00e9s pour l'a\u00e9rospatiale<br \/>\nImpact sur l'industrie : R\u00e9duit les d\u00e9fauts de la p\u00e2te \u00e0 braser jusqu'\u00e0 90%, minimise les co\u00fbts de reprise et garantit la conformit\u00e9 avec les normes de conception des pochoirs IPC-7525.<\/p>","protected":false},"featured_media":22811,"comment_status":"open","ping_status":"closed","template":"","meta":{"iawp_total_views":33},"etheme_brands":[],"product_brand":[],"product_cat":[176],"product_tag":[175],"class_list":{"0":"post-22810","1":"product","2":"type-product","3":"status-publish","4":"has-post-thumbnail","6":"product_cat-stencil-inspection-machine","7":"product_tag-automatic-stencil-inspection-machine","9":"first","10":"instock","11":"shipping-taxable","12":"product-type-simple"},"_links":{"self":[{"href":"https:\/\/v2smt.com\/fr\/wp-json\/wp\/v2\/product\/22810","targetHints":{"allow":["GET"]}}],"collection":[{"href":"https:\/\/v2smt.com\/fr\/wp-json\/wp\/v2\/product"}],"about":[{"href":"https:\/\/v2smt.com\/fr\/wp-json\/wp\/v2\/types\/product"}],"replies":[{"embeddable":true,"href":"https:\/\/v2smt.com\/fr\/wp-json\/wp\/v2\/comments?post=22810"}],"version-history":[{"count":0,"href":"https:\/\/v2smt.com\/fr\/wp-json\/wp\/v2\/product\/22810\/revisions"}],"wp:featuredmedia":[{"embeddable":true,"href":"https:\/\/v2smt.com\/fr\/wp-json\/wp\/v2\/media\/22811"}],"wp:attachment":[{"href":"https:\/\/v2smt.com\/fr\/wp-json\/wp\/v2\/media?parent=22810"}],"wp:term":[{"taxonomy":"brand","embeddable":true,"href":"https:\/\/v2smt.com\/fr\/wp-json\/wp\/v2\/etheme_brands?post=22810"},{"taxonomy":"product_brand","embeddable":true,"href":"https:\/\/v2smt.com\/fr\/wp-json\/wp\/v2\/product_brand?post=22810"},{"taxonomy":"product_cat","embeddable":true,"href":"https:\/\/v2smt.com\/fr\/wp-json\/wp\/v2\/product_cat?post=22810"},{"taxonomy":"product_tag","embeddable":true,"href":"https:\/\/v2smt.com\/fr\/wp-json\/wp\/v2\/product_tag?post=22810"}],"curies":[{"name":"wp","href":"https:\/\/api.w.org\/{rel}","templated":true}]}}