{"id":21944,"date":"2024-07-23T16:50:37","date_gmt":"2024-07-23T16:50:37","guid":{"rendered":"https:\/\/v2smt.com\/?post_type=product&#038;p=21944"},"modified":"2024-08-22T17:03:59","modified_gmt":"2024-08-22T17:03:59","slug":"mso-400c-selective-wave-solder-machine","status":"publish","type":"product","link":"https:\/\/v2smt.com\/fr\/products\/mso-400c-selective-wave-solder-machine\/","title":{"rendered":"Machine \u00e0 souder \u00e0 la vague s\u00e9lective MSO-400C"},"content":{"rendered":"<p>Conception compacte tout-en-un : Combine le fluxage et le brasage en une seule unit\u00e9 pour une meilleure efficacit\u00e9 de l'espace.<\/p>\n<p>Soudure de haute qualit\u00e9 : Garantit une qualit\u00e9 sup\u00e9rieure gr\u00e2ce \u00e0 un contr\u00f4le pr\u00e9cis de la machine.<\/p>\n<p>Formation flexible de la ligne : Peut \u00eatre facilement int\u00e9gr\u00e9 \u00e0 la ligne de production pour le brasage \u00e0 la demande.<\/p>\n<p>Contr\u00f4le total sur PC : Les param\u00e8tres sont facilement r\u00e9gl\u00e9s et sauvegard\u00e9s sur un ordinateur pour une qualit\u00e9 reproductible.<\/p>\n<p>Syst\u00e8me logiciel avanc\u00e9 : Bas\u00e9 sur Windows 10, il offre un fonctionnement convivial et une bonne tra\u00e7abilit\u00e9.<\/p>\n<p>Table de mouvement XYZ : \u00c9quip\u00e9e de moteurs pas \u00e0 pas et de pilotes pour un mouvement pr\u00e9cis des circuits imprim\u00e9s.<\/p>\n<p>Fluxage et brasage s\u00e9lectifs : Comprend une vanne de fluxage et un pot de soudure de 10 \u00e0 15 kg avec un servomoteur pour une soudure contr\u00f4l\u00e9e.<\/p>\n<p>Surveillance en temps r\u00e9el : Comprend une cam\u00e9ra de surveillance en direct pour un contr\u00f4le visuel du processus.<\/p>\n<p>Construction modulaire : Facilite l'entretien et la mise \u00e0 niveau.<\/p>\n<p>Syst\u00e8me de chauffage en ligne N2 : Maintient la qualit\u00e9 du brasage en r\u00e9duisant l'\u00e9cume et en assurant un bon mouillage.<\/p>","protected":false},"excerpt":{"rendered":"<p>La machine de brasage s\u00e9lectif \u00e0 la vague MSO-400C est une solution compacte tout-en-un pour le brasage de haute qualit\u00e9 dans les lignes de production. Avec son fluxage s\u00e9lectif et son brasage int\u00e9gr\u00e9s sur la m\u00eame table \u00e0 mouvement XYZ, elle offre flexibilit\u00e9 et efficacit\u00e9. La machine est enti\u00e8rement contr\u00f4l\u00e9e par un PC, ce qui permet de r\u00e9gler les param\u00e8tres, de les sauvegarder et d'assurer la tra\u00e7abilit\u00e9, garantissant ainsi une qualit\u00e9 de brasage constante.<\/p>","protected":false},"featured_media":21698,"comment_status":"open","ping_status":"closed","template":"","meta":{"iawp_total_views":148},"etheme_brands":[],"product_brand":[],"product_cat":[139,138],"product_tag":[],"class_list":{"0":"post-21944","1":"product","2":"type-product","3":"status-publish","4":"has-post-thumbnail","6":"product_cat-selective-wave-soldering","7":"product_cat-wave-soldering","9":"first","10":"instock","11":"shipping-taxable","12":"product-type-simple"},"_links":{"self":[{"href":"https:\/\/v2smt.com\/fr\/wp-json\/wp\/v2\/product\/21944","targetHints":{"allow":["GET"]}}],"collection":[{"href":"https:\/\/v2smt.com\/fr\/wp-json\/wp\/v2\/product"}],"about":[{"href":"https:\/\/v2smt.com\/fr\/wp-json\/wp\/v2\/types\/product"}],"replies":[{"embeddable":true,"href":"https:\/\/v2smt.com\/fr\/wp-json\/wp\/v2\/comments?post=21944"}],"version-history":[{"count":0,"href":"https:\/\/v2smt.com\/fr\/wp-json\/wp\/v2\/product\/21944\/revisions"}],"wp:featuredmedia":[{"embeddable":true,"href":"https:\/\/v2smt.com\/fr\/wp-json\/wp\/v2\/media\/21698"}],"wp:attachment":[{"href":"https:\/\/v2smt.com\/fr\/wp-json\/wp\/v2\/media?parent=21944"}],"wp:term":[{"taxonomy":"brand","embeddable":true,"href":"https:\/\/v2smt.com\/fr\/wp-json\/wp\/v2\/etheme_brands?post=21944"},{"taxonomy":"product_brand","embeddable":true,"href":"https:\/\/v2smt.com\/fr\/wp-json\/wp\/v2\/product_brand?post=21944"},{"taxonomy":"product_cat","embeddable":true,"href":"https:\/\/v2smt.com\/fr\/wp-json\/wp\/v2\/product_cat?post=21944"},{"taxonomy":"product_tag","embeddable":true,"href":"https:\/\/v2smt.com\/fr\/wp-json\/wp\/v2\/product_tag?post=21944"}],"curies":[{"name":"wp","href":"https:\/\/api.w.org\/{rel}","templated":true}]}}