{"id":21941,"date":"2024-07-23T16:45:29","date_gmt":"2024-07-23T16:45:29","guid":{"rendered":"https:\/\/v2smt.com\/?post_type=product&#038;p=21941"},"modified":"2024-08-22T17:03:59","modified_gmt":"2024-08-22T17:03:59","slug":"pcb-router-machine-xj-l400z","status":"publish","type":"product","link":"https:\/\/v2smt.com\/fr\/products\/pcb-router-machine-xj-l400z\/","title":{"rendered":"Machine \u00e0 router les circuits imprim\u00e9s XJ-L400Z"},"content":{"rendered":"<p>1. Fraises \u00e0 grande vitesse : Assure une s\u00e9paration rapide et pr\u00e9cise des circuits imprim\u00e9s.<br \/>\n2. Servomoteur \u00e0 trois axes : Fournit un contr\u00f4le de pr\u00e9cision multidirectionnel.<br \/>\n3. Interface homme-machine : Conviviale, avec un \u00e9cran de 17 pouces.<br \/>\n4. Syst\u00e8me d'exploitation WIN10 : Offre une plateforme moderne et fiable.<br \/>\n5. Cam\u00e9ra CCD \u00e0 haute r\u00e9solution : Am\u00e9liore l'enseignement et l'\u00e9dition des trajectoires.<br \/>\n6. Logiciel de compensation MAKE : Permet des ajustements pr\u00e9cis de la programmation.<br \/>\n7. Addition de cadres rectangulaires : Simplifie l'alignement g\u00e9om\u00e9trique pour la programmation.<br \/>\n8. Plage de vitesse de la broche : 2000-60000 tr\/min pour une plus grande polyvalence.<br \/>\n9. Pr\u00e9cision de positionnement de \u00b10,01 mm : Garantit une grande pr\u00e9cision dans les coupes.<br \/>\n10. Contr\u00f4le de la vitesse de coupe : R\u00e9glable de 0 \u00e0 100 mm\/sec.<br \/>\n11. Fonctions de coupe polyvalentes : Prend en charge diff\u00e9rents mod\u00e8les de coupe, notamment droite, en L, en U, en arc et en cercle complet.<br \/>\n12. Contr\u00f4le par ordinateur industriel : Assure un fonctionnement robuste et stable.<br \/>\n13. Dimensions compactes de la machine : L830W1020H1860mm pour une meilleure efficacit\u00e9 de l'espace.<br \/>\n14. Options de d\u00e9poussi\u00e9rage : D\u00e9poussi\u00e9rage sup\u00e9rieur ou inf\u00e9rieur disponible.<br \/>\n15. Syst\u00e8me vis\/rail HIWIN : Garantit un mouvement fluide et fiable.<br \/>\n16. Alimentation \u00e9lectrique 380V\/3KW : Permet de r\u00e9aliser des op\u00e9rations lourdes.<br \/>\n17. Poids de la machine : 280KG pour la stabilit\u00e9 et la durabilit\u00e9.<\/p>","protected":false},"excerpt":{"rendered":"<p>Le PCB Router XJ-L400Z est une fraiseuse visuelle de pointe \u00e0 station unique, con\u00e7ue pour une s\u00e9paration rapide et pr\u00e9cise des circuits imprim\u00e9s. Elle am\u00e9liore la qualit\u00e9 des produits et r\u00e9duit les d\u00e9chets gr\u00e2ce au fraisage automatis\u00e9, en utilisant une technologie avanc\u00e9e pour une production efficace.<\/p>","protected":false},"featured_media":21705,"comment_status":"open","ping_status":"closed","template":"","meta":{"iawp_total_views":49},"etheme_brands":[],"product_brand":[],"product_cat":[160],"product_tag":[],"class_list":{"0":"post-21941","1":"product","2":"type-product","3":"status-publish","4":"has-post-thumbnail","6":"product_cat-pcb-router-machine","8":"first","9":"instock","10":"shipping-taxable","11":"product-type-simple"},"_links":{"self":[{"href":"https:\/\/v2smt.com\/fr\/wp-json\/wp\/v2\/product\/21941","targetHints":{"allow":["GET"]}}],"collection":[{"href":"https:\/\/v2smt.com\/fr\/wp-json\/wp\/v2\/product"}],"about":[{"href":"https:\/\/v2smt.com\/fr\/wp-json\/wp\/v2\/types\/product"}],"replies":[{"embeddable":true,"href":"https:\/\/v2smt.com\/fr\/wp-json\/wp\/v2\/comments?post=21941"}],"version-history":[{"count":0,"href":"https:\/\/v2smt.com\/fr\/wp-json\/wp\/v2\/product\/21941\/revisions"}],"wp:featuredmedia":[{"embeddable":true,"href":"https:\/\/v2smt.com\/fr\/wp-json\/wp\/v2\/media\/21705"}],"wp:attachment":[{"href":"https:\/\/v2smt.com\/fr\/wp-json\/wp\/v2\/media?parent=21941"}],"wp:term":[{"taxonomy":"brand","embeddable":true,"href":"https:\/\/v2smt.com\/fr\/wp-json\/wp\/v2\/etheme_brands?post=21941"},{"taxonomy":"product_brand","embeddable":true,"href":"https:\/\/v2smt.com\/fr\/wp-json\/wp\/v2\/product_brand?post=21941"},{"taxonomy":"product_cat","embeddable":true,"href":"https:\/\/v2smt.com\/fr\/wp-json\/wp\/v2\/product_cat?post=21941"},{"taxonomy":"product_tag","embeddable":true,"href":"https:\/\/v2smt.com\/fr\/wp-json\/wp\/v2\/product_tag?post=21941"}],"curies":[{"name":"wp","href":"https:\/\/api.w.org\/{rel}","templated":true}]}}