{"id":21939,"date":"2024-07-23T16:44:21","date_gmt":"2024-07-23T16:44:21","guid":{"rendered":"https:\/\/v2smt.com\/?post_type=product&#038;p=21939"},"modified":"2024-08-22T17:03:59","modified_gmt":"2024-08-22T17:03:59","slug":"pcb-router-machine-l400","status":"publish","type":"product","link":"https:\/\/v2smt.com\/fr\/products\/pcb-router-machine-l400\/","title":{"rendered":"Machine \u00e0 router les circuits imprim\u00e9s L400"},"content":{"rendered":"<p>1. Fraisage \u00e0 grande vitesse : Utilise des fraises pour une s\u00e9paration rapide des circuits imprim\u00e9s.<br \/>\n2. Servomoteur \u00e0 trois axes : Assure un contr\u00f4le multidirectionnel pr\u00e9cis.<br \/>\n3. Interface homme-machine : Conviviale, avec un \u00e9cran de 17 pouces.<br \/>\n4. Syst\u00e8me d'exploitation WIN7 : Fournit une plateforme stable et famili\u00e8re.<br \/>\n5. Cam\u00e9ra CCD \u00e0 haute r\u00e9solution : Am\u00e9liore la pr\u00e9cision de l'enseignement et de l'\u00e9dition des trajectoires.<br \/>\n6. Logiciel de compensation MAKE : Facilite les ajustements pr\u00e9cis de la programmation.<br \/>\n7. Addition de cadres rectangulaires : Simplifie l'alignement g\u00e9om\u00e9trique pour la programmation.<br \/>\n8. Variabilit\u00e9 de la vitesse de la broche : Plage de 2000 \u00e0 60000 tr\/min.<br \/>\n9. Pr\u00e9cision du positionnement : \u00b10,01 mm pour les coupes de haute pr\u00e9cision.<br \/>\n10. Contr\u00f4le de la vitesse de coupe : R\u00e9glable de 0 \u00e0 100 mm\/sec.<br \/>\n11. Fonctions de coupe polyvalentes : S'adapte \u00e0 diff\u00e9rents mod\u00e8les de coupe.<br \/>\n12. Contr\u00f4le par ordinateur industriel : Assure un fonctionnement fiable.<br \/>\n13. Dimension compacte : L830W1020H1400mm pour une meilleure efficacit\u00e9 de l'espace.<br \/>\n14. Options de d\u00e9poussi\u00e9rage : D\u00e9poussi\u00e9rage sup\u00e9rieur ou inf\u00e9rieur disponible.<br \/>\n15. Syst\u00e8me vis\/rail HIWIN : Offre un mouvement fluide et fiable.<br \/>\n16. Alimentation \u00e9lectrique 380V\/3KW : Permet de r\u00e9aliser des op\u00e9rations lourdes.<br \/>\n17. Poids de la machine : 280KG pour la stabilit\u00e9 et la durabilit\u00e9.<\/p>","protected":false},"excerpt":{"rendered":"<p>La PCB Router Machine L400 est une fraiseuse visuelle de pointe \u00e0 station unique, con\u00e7ue pour une s\u00e9paration pr\u00e9cise et \u00e0 grande vitesse des circuits imprim\u00e9s. Elle utilise des servomoteurs avanc\u00e9s et une cam\u00e9ra CCD \u00e0 haute r\u00e9solution pour automatiser le processus de d\u00e9coupe, ce qui am\u00e9liore consid\u00e9rablement la qualit\u00e9 des produits et r\u00e9duit les d\u00e9chets. Cette machine est \u00e9quip\u00e9e d'une interface conviviale et de fonctions robustes pour optimiser l'efficacit\u00e9 de la production.<\/p>","protected":false},"featured_media":21704,"comment_status":"open","ping_status":"closed","template":"","meta":{"iawp_total_views":39},"etheme_brands":[],"product_brand":[],"product_cat":[160],"product_tag":[],"class_list":{"0":"post-21939","1":"product","2":"type-product","3":"status-publish","4":"has-post-thumbnail","6":"product_cat-pcb-router-machine","8":"first","9":"instock","10":"shipping-taxable","11":"product-type-simple"},"_links":{"self":[{"href":"https:\/\/v2smt.com\/fr\/wp-json\/wp\/v2\/product\/21939","targetHints":{"allow":["GET"]}}],"collection":[{"href":"https:\/\/v2smt.com\/fr\/wp-json\/wp\/v2\/product"}],"about":[{"href":"https:\/\/v2smt.com\/fr\/wp-json\/wp\/v2\/types\/product"}],"replies":[{"embeddable":true,"href":"https:\/\/v2smt.com\/fr\/wp-json\/wp\/v2\/comments?post=21939"}],"version-history":[{"count":0,"href":"https:\/\/v2smt.com\/fr\/wp-json\/wp\/v2\/product\/21939\/revisions"}],"wp:featuredmedia":[{"embeddable":true,"href":"https:\/\/v2smt.com\/fr\/wp-json\/wp\/v2\/media\/21704"}],"wp:attachment":[{"href":"https:\/\/v2smt.com\/fr\/wp-json\/wp\/v2\/media?parent=21939"}],"wp:term":[{"taxonomy":"brand","embeddable":true,"href":"https:\/\/v2smt.com\/fr\/wp-json\/wp\/v2\/etheme_brands?post=21939"},{"taxonomy":"product_brand","embeddable":true,"href":"https:\/\/v2smt.com\/fr\/wp-json\/wp\/v2\/product_brand?post=21939"},{"taxonomy":"product_cat","embeddable":true,"href":"https:\/\/v2smt.com\/fr\/wp-json\/wp\/v2\/product_cat?post=21939"},{"taxonomy":"product_tag","embeddable":true,"href":"https:\/\/v2smt.com\/fr\/wp-json\/wp\/v2\/product_tag?post=21939"}],"curies":[{"name":"wp","href":"https:\/\/api.w.org\/{rel}","templated":true}]}}