{"id":21936,"date":"2024-07-23T16:36:17","date_gmt":"2024-07-23T16:36:17","guid":{"rendered":"https:\/\/v2smt.com\/?post_type=product&#038;p=21936"},"modified":"2024-08-22T17:03:59","modified_gmt":"2024-08-22T17:03:59","slug":"x-ray-parts-counter-xc-01","status":"publish","type":"product","link":"https:\/\/v2smt.com\/fr\/products\/x-ray-parts-counter-xc-01\/","title":{"rendered":"Compteur de pi\u00e8ces radiologiques XC-01"},"content":{"rendered":"<p>Tube \u00e0 rayons X de type ferm\u00e9 80kV : Longue dur\u00e9e de vie et fonctionnement pratiquement sans entretien.<\/p>\n<p>FPD 17\u201d Super Definition : assure une imagerie \u00e0 haute r\u00e9solution pour un comptage pr\u00e9cis.<\/p>\n<p>Vitesse de comptage ultra-rapide : Compte quatre bobines de 7\u201d ou une bobine de 15\u201d en moins de 10 secondes.<\/p>\n<p>Algorithme d'apprentissage profond de l'IA : Mises \u00e0 jour gratuites et compatibilit\u00e9 avec les syst\u00e8mes MES, ERP, WMS.<\/p>\n<p>Num\u00e9risation et \u00e9tiquetage automatiques des codes : Rationalise le flux de travail et r\u00e9duit les efforts de l'utilisateur.<\/p>\n<p>Aucun changement de mode n'est n\u00e9cessaire : Conception intuitive pour le comptage d'une ou plusieurs bobines sans commutation manuelle.<\/p>\n<p>Fonction de num\u00e9ro de bon de travail : Permet d'enregistrer et de suivre facilement les ordres de travail.<\/p>\n<p>Syst\u00e8mes de verrouillage de s\u00e9curit\u00e9 : La s\u00e9curit\u00e9 de l'utilisateur est assur\u00e9e par une mise hors tension imm\u00e9diate lors de l'ouverture de la porte.<\/p>\n<p>Connectivit\u00e9 de la base de donn\u00e9es dans le nuage : Am\u00e9liore la pr\u00e9cision et l'efficacit\u00e9 du comptage gr\u00e2ce au partage des donn\u00e9es.<\/p>\n<p>Arr\u00eat d'urgence et s\u00e9curit\u00e9 anti-pincement : Mesures de s\u00e9curit\u00e9 \u00e0 r\u00e9ponse imm\u00e9diate.<\/p>","protected":false},"excerpt":{"rendered":"<p>Le compteur de pi\u00e8ces \u00e0 rayons X Microfocus XC-01 est un syst\u00e8me d'inspection innovant con\u00e7u pour r\u00e9volutionner le comptage de composants dans l'industrie \u00e9lectronique. Gr\u00e2ce \u00e0 son algorithme avanc\u00e9 d'apprentissage en profondeur de l'IA et \u00e0 son d\u00e9tecteur num\u00e9rique \u00e0 \u00e9cran plat haute d\u00e9finition, le XC-01 offre des capacit\u00e9s de comptage ultrarapides avec une pr\u00e9cision exceptionnelle. Ce syst\u00e8me s'int\u00e8gre parfaitement \u00e0 l'infrastructure de gestion existante, offrant une solution compl\u00e8te pour l'inventaire des composants et le contr\u00f4le de la qualit\u00e9.<\/p>","protected":false},"featured_media":21716,"comment_status":"open","ping_status":"closed","template":"","meta":{"iawp_total_views":120},"etheme_brands":[],"product_brand":[],"product_cat":[155],"product_tag":[],"class_list":{"0":"post-21936","1":"product","2":"type-product","3":"status-publish","4":"has-post-thumbnail","6":"product_cat-x-ray-parts-counter","8":"first","9":"instock","10":"shipping-taxable","11":"product-type-simple"},"_links":{"self":[{"href":"https:\/\/v2smt.com\/fr\/wp-json\/wp\/v2\/product\/21936","targetHints":{"allow":["GET"]}}],"collection":[{"href":"https:\/\/v2smt.com\/fr\/wp-json\/wp\/v2\/product"}],"about":[{"href":"https:\/\/v2smt.com\/fr\/wp-json\/wp\/v2\/types\/product"}],"replies":[{"embeddable":true,"href":"https:\/\/v2smt.com\/fr\/wp-json\/wp\/v2\/comments?post=21936"}],"version-history":[{"count":0,"href":"https:\/\/v2smt.com\/fr\/wp-json\/wp\/v2\/product\/21936\/revisions"}],"wp:featuredmedia":[{"embeddable":true,"href":"https:\/\/v2smt.com\/fr\/wp-json\/wp\/v2\/media\/21716"}],"wp:attachment":[{"href":"https:\/\/v2smt.com\/fr\/wp-json\/wp\/v2\/media?parent=21936"}],"wp:term":[{"taxonomy":"brand","embeddable":true,"href":"https:\/\/v2smt.com\/fr\/wp-json\/wp\/v2\/etheme_brands?post=21936"},{"taxonomy":"product_brand","embeddable":true,"href":"https:\/\/v2smt.com\/fr\/wp-json\/wp\/v2\/product_brand?post=21936"},{"taxonomy":"product_cat","embeddable":true,"href":"https:\/\/v2smt.com\/fr\/wp-json\/wp\/v2\/product_cat?post=21936"},{"taxonomy":"product_tag","embeddable":true,"href":"https:\/\/v2smt.com\/fr\/wp-json\/wp\/v2\/product_tag?post=21936"}],"curies":[{"name":"wp","href":"https:\/\/api.w.org\/{rel}","templated":true}]}}