{"id":21934,"date":"2024-07-23T16:30:23","date_gmt":"2024-07-23T16:30:23","guid":{"rendered":"https:\/\/v2smt.com\/?post_type=product&#038;p=21934"},"modified":"2024-08-22T17:03:59","modified_gmt":"2024-08-22T17:03:59","slug":"dx-temperature-curve-analyzer","status":"publish","type":"product","link":"https:\/\/v2smt.com\/fr\/products\/dx-temperature-curve-analyzer\/","title":{"rendered":"Analyseur de courbe de temp\u00e9rature DX"},"content":{"rendered":"<p>Fonctionnement intuitif : Interface simple et conviviale avec gestion de la base de donn\u00e9es pour toutes les donn\u00e9es.<\/p>\n<p>Fr\u00e9quence d'\u00e9chantillonnage \u00e9lev\u00e9e : De 0,05 s \u00e0 30 min, pour r\u00e9pondre aux diff\u00e9rents besoins en mati\u00e8re de tests.<\/p>\n<p>Grande capacit\u00e9 de m\u00e9moire : Jusqu'\u00e0 500 000 points de donn\u00e9es stock\u00e9s pour une analyse approfondie.<\/p>\n<p>Plusieurs canaux de test : Options de 6, 10 ou 15 canaux pour des tests complets.<\/p>\n<p>Haute pr\u00e9cision : \u00b10,6\u2103 de pr\u00e9cision pour des mesures de temp\u00e9rature fiables.<\/p>\n<p>Distinction : r\u00e9solution de 0,1\u2103 pour les donn\u00e9es thermiques \u00e0 grain fin.<\/p>\n<p>Analyse intelligente : D\u00e9termination automatis\u00e9e de l'admissibilit\u00e9 du processus sans t\u00e9l\u00e9chargement de donn\u00e9es.<\/p>\n<p>Logiciel d'analyse : \u00c9quip\u00e9 d'un logiciel d'analyse des donn\u00e9es tr\u00e8s efficace et facile \u00e0 utiliser.<\/p>\n<p>Capacit\u00e9 de charge rapide : une charge de 10 minutes permet de prolonger la dur\u00e9e d'utilisation.<\/p>\n<p>Affichage d'indicateurs LED : Indicateurs clairs de l'\u00e9tat de la batterie, du stockage des donn\u00e9es et des alarmes de temp\u00e9rature \u00e9lev\u00e9e.<\/p>\n<p>Autoprotection \u00e0 haute temp\u00e9rature : Arr\u00eat automatique \u00e0 70\u2103 pour \u00e9viter les dommages.<\/p>","protected":false},"excerpt":{"rendered":"<p>L'analyseur de courbe de temp\u00e9rature de la s\u00e9rie DX de BESTEMP est un instrument d'analyse thermique avanc\u00e9 con\u00e7u pour l'\u00e9tablissement de profils de temp\u00e9rature de haute pr\u00e9cision dans diverses industries. Gr\u00e2ce \u00e0 son fonctionnement convivial et \u00e0 sa gestion robuste de la base de donn\u00e9es, la s\u00e9rie DX simplifie le processus de capture et d'analyse des donn\u00e9es thermiques, ce qui en fait un outil indispensable pour l'assurance qualit\u00e9 dans les secteurs de l'\u00e9lectronique, de la c\u00e9ramique, de l'alimentation, de l'automobile et bien plus encore.<\/p>","protected":false},"featured_media":21715,"comment_status":"open","ping_status":"closed","template":"","meta":{"iawp_total_views":115},"etheme_brands":[],"product_brand":[],"product_cat":[141,162],"product_tag":[],"class_list":{"0":"post-21934","1":"product","2":"type-product","3":"status-publish","4":"has-post-thumbnail","6":"product_cat-temperature-curve-analyzer","7":"product_cat-tools","9":"first","10":"instock","11":"shipping-taxable","12":"product-type-simple"},"_links":{"self":[{"href":"https:\/\/v2smt.com\/fr\/wp-json\/wp\/v2\/product\/21934","targetHints":{"allow":["GET"]}}],"collection":[{"href":"https:\/\/v2smt.com\/fr\/wp-json\/wp\/v2\/product"}],"about":[{"href":"https:\/\/v2smt.com\/fr\/wp-json\/wp\/v2\/types\/product"}],"replies":[{"embeddable":true,"href":"https:\/\/v2smt.com\/fr\/wp-json\/wp\/v2\/comments?post=21934"}],"version-history":[{"count":0,"href":"https:\/\/v2smt.com\/fr\/wp-json\/wp\/v2\/product\/21934\/revisions"}],"wp:featuredmedia":[{"embeddable":true,"href":"https:\/\/v2smt.com\/fr\/wp-json\/wp\/v2\/media\/21715"}],"wp:attachment":[{"href":"https:\/\/v2smt.com\/fr\/wp-json\/wp\/v2\/media?parent=21934"}],"wp:term":[{"taxonomy":"brand","embeddable":true,"href":"https:\/\/v2smt.com\/fr\/wp-json\/wp\/v2\/etheme_brands?post=21934"},{"taxonomy":"product_brand","embeddable":true,"href":"https:\/\/v2smt.com\/fr\/wp-json\/wp\/v2\/product_brand?post=21934"},{"taxonomy":"product_cat","embeddable":true,"href":"https:\/\/v2smt.com\/fr\/wp-json\/wp\/v2\/product_cat?post=21934"},{"taxonomy":"product_tag","embeddable":true,"href":"https:\/\/v2smt.com\/fr\/wp-json\/wp\/v2\/product_tag?post=21934"}],"curies":[{"name":"wp","href":"https:\/\/api.w.org\/{rel}","templated":true}]}}