{"id":21929,"date":"2024-07-23T16:10:11","date_gmt":"2024-07-23T16:10:11","guid":{"rendered":"https:\/\/v2smt.com\/?post_type=product&#038;p=21929"},"modified":"2024-08-22T17:03:59","modified_gmt":"2024-08-22T17:03:59","slug":"lead-free-reflow-oven-ty-tech-8020","status":"publish","type":"product","link":"https:\/\/v2smt.com\/fr\/products\/lead-free-reflow-oven-ty-tech-8020\/","title":{"rendered":"Four de refusion sans plomb TY-Tech 8020"},"content":{"rendered":"<p>1. Contr\u00f4le intelligent Siemens PLC<br \/>\n2. Interface d'exploitation Windows XP<br \/>\n3. Levage automatique du corps du v\u00e9rin<br \/>\n4. Ceinture en maille pour un transport en douceur<br \/>\n5. Contr\u00f4le PID pour les zones de chauffage<br \/>\n6. Contr\u00f4le de la transmission r\u00e9seau\/cha\u00eene<br \/>\n7. Alarme de d\u00e9faut et protection contre les fuites<br \/>\n8. ASI et syst\u00e8me d'arr\u00eat diff\u00e9r\u00e9<br \/>\n9. Mode de chauffage par microcirculation ERSA<br \/>\n10. Syst\u00e8me ind\u00e9pendant de microcirculation de l'air<\/p>","protected":false},"excerpt":{"rendered":"<p>Le four de refusion TY-Tech 8020 est dot\u00e9 d'un syst\u00e8me de contr\u00f4le intelligent avec PLC Siemens, assurant une pr\u00e9cision de \u00b11-2\u2103 dans le contr\u00f4le de la temp\u00e9rature. \u00c9quip\u00e9 d'un syst\u00e8me de chauffage \u00e0 8 zones, d'un refroidissement par air forc\u00e9 et d'une bande \u00e0 mailles de 500 mm, il r\u00e9pond aux besoins des circuits imprim\u00e9s de grande taille avec un d\u00e9bit \u00e9lev\u00e9. Des fonctions de s\u00e9curit\u00e9 avanc\u00e9es et une interface conviviale soulignent ses performances robustes dans le processus de brasage.<\/p>","protected":false},"featured_media":21689,"comment_status":"open","ping_status":"closed","template":"","meta":{"iawp_total_views":47},"etheme_brands":[],"product_brand":[],"product_cat":[140],"product_tag":[],"class_list":{"0":"post-21929","1":"product","2":"type-product","3":"status-publish","4":"has-post-thumbnail","6":"product_cat-reflow-soldering","8":"first","9":"instock","10":"shipping-taxable","11":"product-type-simple"},"_links":{"self":[{"href":"https:\/\/v2smt.com\/fr\/wp-json\/wp\/v2\/product\/21929","targetHints":{"allow":["GET"]}}],"collection":[{"href":"https:\/\/v2smt.com\/fr\/wp-json\/wp\/v2\/product"}],"about":[{"href":"https:\/\/v2smt.com\/fr\/wp-json\/wp\/v2\/types\/product"}],"replies":[{"embeddable":true,"href":"https:\/\/v2smt.com\/fr\/wp-json\/wp\/v2\/comments?post=21929"}],"version-history":[{"count":0,"href":"https:\/\/v2smt.com\/fr\/wp-json\/wp\/v2\/product\/21929\/revisions"}],"wp:featuredmedia":[{"embeddable":true,"href":"https:\/\/v2smt.com\/fr\/wp-json\/wp\/v2\/media\/21689"}],"wp:attachment":[{"href":"https:\/\/v2smt.com\/fr\/wp-json\/wp\/v2\/media?parent=21929"}],"wp:term":[{"taxonomy":"brand","embeddable":true,"href":"https:\/\/v2smt.com\/fr\/wp-json\/wp\/v2\/etheme_brands?post=21929"},{"taxonomy":"product_brand","embeddable":true,"href":"https:\/\/v2smt.com\/fr\/wp-json\/wp\/v2\/product_brand?post=21929"},{"taxonomy":"product_cat","embeddable":true,"href":"https:\/\/v2smt.com\/fr\/wp-json\/wp\/v2\/product_cat?post=21929"},{"taxonomy":"product_tag","embeddable":true,"href":"https:\/\/v2smt.com\/fr\/wp-json\/wp\/v2\/product_tag?post=21929"}],"curies":[{"name":"wp","href":"https:\/\/api.w.org\/{rel}","templated":true}]}}