{"id":21917,"date":"2024-07-23T15:55:58","date_gmt":"2024-07-23T15:55:58","guid":{"rendered":"https:\/\/v2smt.com\/?post_type=product&#038;p=21917"},"modified":"2024-08-22T17:03:58","modified_gmt":"2024-08-22T17:03:58","slug":"tabletop-dispensing-machine-300ed","status":"publish","type":"product","link":"https:\/\/v2smt.com\/fr\/products\/tabletop-dispensing-machine-300ed\/","title":{"rendered":"Distributeur de table 300ED"},"content":{"rendered":"<p>Convient aux colles fluides : G\u00e8re les UV, la colle AB, la COB, la colle blanche, etc.<\/p>\n<p>Grande plage de travail : 300(X)\u2573300(Y)\u2573100(Z)mm pour une couverture \u00e9tendue.<\/p>\n<p>Vitesse de mouvement \u00e9lev\u00e9e : 400 mm\/sec (XY)\/200 mm\/sec (Z) pour des op\u00e9rations rapides.<\/p>\n<p>Entra\u00eenement par moteur pas \u00e0 pas : Garantit un contr\u00f4le pr\u00e9cis et une grande exactitude.<\/p>\n<p>R\u00e9p\u00e9tabilit\u00e9 XYZ : \u00b10,025 mm pour des r\u00e9sultats coh\u00e9rents.<\/p>\n<p>Capacit\u00e9 du programme : Stocke 999 fichiers de param\u00e8tres avec jusqu'\u00e0 65535 points chacun.<\/p>\n<p>Interface \u00e0 \u00e9cran LCD : Utilisation et programmation conviviales.<\/p>\n<p>Micro-moteur pas \u00e0 pas japonais : Contr\u00f4le de mouvement de haute qualit\u00e9.<\/p>\n<p>Mod\u00e8le de mouvement \u00e0 3 axes : Capable d'effectuer des mouvements de point \u00e0 point, de ligne continue et d'arc.<\/p>\n<p>Ports de signal E\/S : 4 entr\u00e9es\/4 sorties pour une int\u00e9gration flexible.<\/p>","protected":false},"excerpt":{"rendered":"<p>La 300ED est une machine de d\u00e9pose de table polyvalente et facile \u00e0 utiliser qui met l'accent sur la r\u00e9p\u00e9tabilit\u00e9 et la pr\u00e9cision. Id\u00e9ale pour les projets \u00e0 petite \u00e9chelle, elle offre une interface conviviale et un ensemble de fonctions robustes pour diverses applications adh\u00e9sives.<\/p>","protected":false},"featured_media":21713,"comment_status":"open","ping_status":"closed","template":"","meta":{"iawp_total_views":51},"etheme_brands":[],"product_brand":[],"product_cat":[147,148],"product_tag":[],"class_list":{"0":"post-21917","1":"product","2":"type-product","3":"status-publish","4":"has-post-thumbnail","6":"product_cat-automatic-dispensing-machine","7":"product_cat-glue-dispenser","9":"first","10":"instock","11":"shipping-taxable","12":"product-type-simple"},"_links":{"self":[{"href":"https:\/\/v2smt.com\/fr\/wp-json\/wp\/v2\/product\/21917","targetHints":{"allow":["GET"]}}],"collection":[{"href":"https:\/\/v2smt.com\/fr\/wp-json\/wp\/v2\/product"}],"about":[{"href":"https:\/\/v2smt.com\/fr\/wp-json\/wp\/v2\/types\/product"}],"replies":[{"embeddable":true,"href":"https:\/\/v2smt.com\/fr\/wp-json\/wp\/v2\/comments?post=21917"}],"version-history":[{"count":0,"href":"https:\/\/v2smt.com\/fr\/wp-json\/wp\/v2\/product\/21917\/revisions"}],"wp:featuredmedia":[{"embeddable":true,"href":"https:\/\/v2smt.com\/fr\/wp-json\/wp\/v2\/media\/21713"}],"wp:attachment":[{"href":"https:\/\/v2smt.com\/fr\/wp-json\/wp\/v2\/media?parent=21917"}],"wp:term":[{"taxonomy":"brand","embeddable":true,"href":"https:\/\/v2smt.com\/fr\/wp-json\/wp\/v2\/etheme_brands?post=21917"},{"taxonomy":"product_brand","embeddable":true,"href":"https:\/\/v2smt.com\/fr\/wp-json\/wp\/v2\/product_brand?post=21917"},{"taxonomy":"product_cat","embeddable":true,"href":"https:\/\/v2smt.com\/fr\/wp-json\/wp\/v2\/product_cat?post=21917"},{"taxonomy":"product_tag","embeddable":true,"href":"https:\/\/v2smt.com\/fr\/wp-json\/wp\/v2\/product_tag?post=21917"}],"curies":[{"name":"wp","href":"https:\/\/api.w.org\/{rel}","templated":true}]}}