{"id":21915,"date":"2024-07-23T15:52:14","date_gmt":"2024-07-23T15:52:14","guid":{"rendered":"https:\/\/v2smt.com\/?post_type=product&#038;p=21915"},"modified":"2024-08-22T17:03:58","modified_gmt":"2024-08-22T17:03:58","slug":"t350-wave-soldering-machine","status":"publish","type":"product","link":"https:\/\/v2smt.com\/fr\/products\/t350-wave-soldering-machine\/","title":{"rendered":"Machine \u00e0 souder \u00e0 la vague T350"},"content":{"rendered":"<p>1. Conception efficace et \u00e9cologique - Economies d'\u00e9nergie, absence de plomb, s\u00e9curit\u00e9.<br \/>\n2. Syst\u00e8me d'alimentation automatique - Convertisseur de fr\u00e9quence, entr\u00e9e du tableau automatique.<br \/>\n3. Syst\u00e8me avanc\u00e9 de pulv\u00e9risation de flux - Buses \u00e0 balayage, buses japonaises, commande PLC.<br \/>\n4. Contr\u00f4le ind\u00e9pendant de la temp\u00e9rature - chaleur uniforme, pr\u00e9cision de \u00b12\u00baC.<br \/>\n5. Griffes de cha\u00eene en alliage sp\u00e9cial - Antiadh\u00e9sives, elles garantissent la qualit\u00e9 de la soudure.<br \/>\n6. Moteur de soudure \u00e0 haute fr\u00e9quence - import\u00e9, performances stables.<br \/>\n7. Four de soudure sans plomb - Facile \u00e0 nettoyer, protection de l'environnement.<br \/>\n8. Contr\u00f4le de chauffage PID et IR - 90 minutes de chauffage, fonctions pr\u00e9r\u00e9gl\u00e9es.<br \/>\n9. Fonction de m\u00e9moire de la bo\u00eete noire - Stocke les enregistrements de production, l'efficacit\u00e9.<br \/>\n10. Nettoyage automatique des griffes - Assure une propret\u00e9 continue.<br \/>\n11. Syst\u00e8me d'alarme de s\u00e9curit\u00e9 - Sensible, il garantit la performance et la s\u00e9curit\u00e9.<\/p>","protected":false},"excerpt":{"rendered":"<p>La machine \u00e0 souder \u00e0 la vague T350 offre une solution de brasage efficace, \u00e9conome en \u00e9nergie et sans plomb, respectueuse de l'environnement et facile \u00e0 entretenir. Elle est dot\u00e9e d'un syst\u00e8me d'alimentation automatique, d'une application pr\u00e9cise du flux et d'une cha\u00eene de transport en alliage sp\u00e9cial pour un brasage de qualit\u00e9 des circuits imprim\u00e9s. Gr\u00e2ce \u00e0 sa conception conviviale et \u00e0 ses syst\u00e8mes de contr\u00f4le avanc\u00e9s, il garantit un fonctionnement s\u00fbr et fiable.<\/p>","protected":false},"featured_media":21712,"comment_status":"open","ping_status":"closed","template":"","meta":{"iawp_total_views":66},"etheme_brands":[],"product_brand":[],"product_cat":[138],"product_tag":[],"class_list":{"0":"post-21915","1":"product","2":"type-product","3":"status-publish","4":"has-post-thumbnail","6":"product_cat-wave-soldering","8":"first","9":"instock","10":"shipping-taxable","11":"product-type-simple"},"_links":{"self":[{"href":"https:\/\/v2smt.com\/fr\/wp-json\/wp\/v2\/product\/21915","targetHints":{"allow":["GET"]}}],"collection":[{"href":"https:\/\/v2smt.com\/fr\/wp-json\/wp\/v2\/product"}],"about":[{"href":"https:\/\/v2smt.com\/fr\/wp-json\/wp\/v2\/types\/product"}],"replies":[{"embeddable":true,"href":"https:\/\/v2smt.com\/fr\/wp-json\/wp\/v2\/comments?post=21915"}],"version-history":[{"count":0,"href":"https:\/\/v2smt.com\/fr\/wp-json\/wp\/v2\/product\/21915\/revisions"}],"wp:featuredmedia":[{"embeddable":true,"href":"https:\/\/v2smt.com\/fr\/wp-json\/wp\/v2\/media\/21712"}],"wp:attachment":[{"href":"https:\/\/v2smt.com\/fr\/wp-json\/wp\/v2\/media?parent=21915"}],"wp:term":[{"taxonomy":"brand","embeddable":true,"href":"https:\/\/v2smt.com\/fr\/wp-json\/wp\/v2\/etheme_brands?post=21915"},{"taxonomy":"product_brand","embeddable":true,"href":"https:\/\/v2smt.com\/fr\/wp-json\/wp\/v2\/product_brand?post=21915"},{"taxonomy":"product_cat","embeddable":true,"href":"https:\/\/v2smt.com\/fr\/wp-json\/wp\/v2\/product_cat?post=21915"},{"taxonomy":"product_tag","embeddable":true,"href":"https:\/\/v2smt.com\/fr\/wp-json\/wp\/v2\/product_tag?post=21915"}],"curies":[{"name":"wp","href":"https:\/\/api.w.org\/{rel}","templated":true}]}}