{"id":21913,"date":"2024-07-23T15:48:36","date_gmt":"2024-07-23T15:48:36","guid":{"rendered":"https:\/\/v2smt.com\/?post_type=product&#038;p=21913"},"modified":"2024-08-22T17:03:58","modified_gmt":"2024-08-22T17:03:58","slug":"aoi-600-automated-optical-inspection-machine","status":"publish","type":"product","link":"https:\/\/v2smt.com\/fr\/products\/aoi-600-automated-optical-inspection-machine\/","title":{"rendered":"Machine d'inspection optique automatis\u00e9e AOI 600"},"content":{"rendered":"<p>1. Cam\u00e9ra haute vitesse de 5M : Capture des images d\u00e9taill\u00e9es avec une exposition globale.<br \/>\n2. Objectif t\u00e9l\u00e9centrique : clart\u00e9 des pixels de 5M, profondeur de champ de 8-10mm.<br \/>\n3. \u00c9clairage LED RVB : Am\u00e9liore la visibilit\u00e9 gr\u00e2ce \u00e0 un \u00e9clairage multi-angle.<br \/>\n4. Syst\u00e8me de contr\u00f4le num\u00e9rique : G\u00e8re les param\u00e8tres de lumi\u00e8re et de d\u00e9tection.<br \/>\n5. Algorithmes de d\u00e9tection avanc\u00e9s : Comprend la correspondance des mod\u00e8les, la d\u00e9tection intelligente.<br \/>\n6. Technologie IPE : Traitement d'image personnalisable pour une meilleure pr\u00e9cision.<br \/>\n7. Vitesse de traitement rapide : moins de 170 ms par FOV.<br \/>\n8. Vitesse de d\u00e9tection efficace : 3500 mm\u00b2\/s pour le contr\u00f4le de la qualit\u00e9.<br \/>\n9. Programmation hors ligne : Interface graphique pour le d\u00e9bogage \u00e0 distance.<br \/>\n10. Points de marquage multiples : Permet de s\u00e9lectionner jusqu'\u00e0 deux points communs ou plus.<br \/>\n11. D\u00e9tection compl\u00e8te des d\u00e9fauts : Couvre la p\u00e2te \u00e0 braser, le SMT, la refusion, le soudage \u00e0 la vague.<br \/>\n12. Mesures antistatiques : \u00c9quip\u00e9 d'une prise et d'un anneau antistatiques.<br \/>\n13. Manipulation flexible des circuits imprim\u00e9s : R\u00e9glable pour les tailles 50\u00d750mm \u00e0 500\u00d7325mm.<br \/>\n14. Positionnement pr\u00e9cis : pr\u00e9cision de \u22648um avec le syst\u00e8me de servomoteur.<br \/>\n15. Mat\u00e9riel puissant : CPU I3, GPU 8GB, RAM 16GB pour un fonctionnement fiable.<\/p>","protected":false},"excerpt":{"rendered":"<p>L'AOI 600 est une machine d'inspection optique automatis\u00e9e sophistiqu\u00e9e, \u00e9quip\u00e9e d'une cam\u00e9ra industrielle num\u00e9rique intelligente \u00e0 haute vitesse de 5M et d'un objectif t\u00e9l\u00e9centrique. Elle offre des algorithmes de d\u00e9tection avanc\u00e9s, la technologie IPE pour un traitement personnalis\u00e9 des images et un syst\u00e8me m\u00e9canique robuste. Capable de traiter des circuits imprim\u00e9s jusqu'\u00e0 500\u00d7325 mm, elle assure des inspections rapides et pr\u00e9cises avec une vitesse de traitement inf\u00e9rieure \u00e0 170 ms par FOV et une vitesse de d\u00e9tection de 3500 mm\u00b2\/s.<\/p>","protected":false},"featured_media":21674,"comment_status":"open","ping_status":"closed","template":"","meta":{"iawp_total_views":66},"etheme_brands":[],"product_brand":[],"product_cat":[136],"product_tag":[],"class_list":{"0":"post-21913","1":"product","2":"type-product","3":"status-publish","4":"has-post-thumbnail","6":"product_cat-automated-optical-inspection","8":"first","9":"instock","10":"shipping-taxable","11":"product-type-simple"},"_links":{"self":[{"href":"https:\/\/v2smt.com\/fr\/wp-json\/wp\/v2\/product\/21913","targetHints":{"allow":["GET"]}}],"collection":[{"href":"https:\/\/v2smt.com\/fr\/wp-json\/wp\/v2\/product"}],"about":[{"href":"https:\/\/v2smt.com\/fr\/wp-json\/wp\/v2\/types\/product"}],"replies":[{"embeddable":true,"href":"https:\/\/v2smt.com\/fr\/wp-json\/wp\/v2\/comments?post=21913"}],"version-history":[{"count":0,"href":"https:\/\/v2smt.com\/fr\/wp-json\/wp\/v2\/product\/21913\/revisions"}],"wp:featuredmedia":[{"embeddable":true,"href":"https:\/\/v2smt.com\/fr\/wp-json\/wp\/v2\/media\/21674"}],"wp:attachment":[{"href":"https:\/\/v2smt.com\/fr\/wp-json\/wp\/v2\/media?parent=21913"}],"wp:term":[{"taxonomy":"brand","embeddable":true,"href":"https:\/\/v2smt.com\/fr\/wp-json\/wp\/v2\/etheme_brands?post=21913"},{"taxonomy":"product_brand","embeddable":true,"href":"https:\/\/v2smt.com\/fr\/wp-json\/wp\/v2\/product_brand?post=21913"},{"taxonomy":"product_cat","embeddable":true,"href":"https:\/\/v2smt.com\/fr\/wp-json\/wp\/v2\/product_cat?post=21913"},{"taxonomy":"product_tag","embeddable":true,"href":"https:\/\/v2smt.com\/fr\/wp-json\/wp\/v2\/product_tag?post=21913"}],"curies":[{"name":"wp","href":"https:\/\/api.w.org\/{rel}","templated":true}]}}