{"id":21911,"date":"2024-07-23T15:46:57","date_gmt":"2024-07-23T15:46:57","guid":{"rendered":"https:\/\/v2smt.com\/?post_type=product&#038;p=21911"},"modified":"2024-08-22T17:03:58","modified_gmt":"2024-08-22T17:03:58","slug":"aoi-500-automated-optical-inspection-machine","status":"publish","type":"product","link":"https:\/\/v2smt.com\/fr\/products\/aoi-500-automated-optical-inspection-machine\/","title":{"rendered":"Machine d'inspection optique automatis\u00e9e AOI 500"},"content":{"rendered":"<p>1. Cam\u00e9ra \u00e0 grande vitesse : Cam\u00e9ra intelligente de 5 millions de pixels pour des inspections d\u00e9taill\u00e9es.<br \/>\n2. Objectif t\u00e9l\u00e9centrique : Offre une clart\u00e9 de 5 millions de pixels avec une profondeur de champ de 8 \u00e0 10 mm.<br \/>\n3. \u00c9clairage LED RVB : \u00c9clairage multi-angle pour une visibilit\u00e9 constante.<br \/>\n4. Syst\u00e8me de contr\u00f4le num\u00e9rique : Gestion avanc\u00e9e de la lumi\u00e8re et des param\u00e8tres de d\u00e9tection.<br \/>\n5. Algorithmes de d\u00e9tection : Correspondance de mod\u00e8les, d\u00e9tection intelligente et d\u00e9tection de cercles.<br \/>\n6. Technologie IPE : Traitement d'image personnalisable pour une meilleure d\u00e9tection.<br \/>\n7. Vitesse de traitement \u00e9lev\u00e9e : moins de 170 ms par FOV pour une analyse rapide.<br \/>\n8. Vitesse de d\u00e9tection pr\u00e9cise : 3500 mm\u00b2\/s pour un contr\u00f4le de qualit\u00e9 efficace.<br \/>\n9. Programmation hors ligne : Interface graphique pour un d\u00e9bogage pr\u00e9cis et \u00e0 distance.<br \/>\n10. S\u00e9lection des points de rep\u00e8re : Choisissez plusieurs points de r\u00e9f\u00e9rence pour plus de pr\u00e9cision.<br \/>\n11. Couverture compl\u00e8te des tests : D\u00e9tecte les d\u00e9fauts de la p\u00e2te \u00e0 braser, de la soudure SMT, de la refusion et de la soudure \u00e0 la vague.<br \/>\n12. Mesures antistatiques : \u00c9quip\u00e9 d'une prise et d'un anneau antistatiques.<br \/>\n13. Manipulation flexible des circuits imprim\u00e9s : R\u00e9glable pour des tailles de 35\u00d735mm \u00e0 450\u00d7330mm.<br \/>\n14. Conception m\u00e9canique robuste : Le syst\u00e8me de servomoteur assure une pr\u00e9cision \u22648um.<br \/>\n15. Mat\u00e9riel puissant : CPU I3, GPU 8GB, RAM 16GB pour un fonctionnement fiable.<\/p>","protected":false},"excerpt":{"rendered":"<p>L'AOI 500 est une machine d'inspection optique automatis\u00e9e de pointe, con\u00e7ue pour un contr\u00f4le qualit\u00e9 de pr\u00e9cision \u00e0 grande vitesse dans le secteur de la fabrication. Il est \u00e9quip\u00e9 d'une cam\u00e9ra industrielle num\u00e9rique intelligente \u00e0 grande vitesse de 5M avec une r\u00e9solution de 15 microns, d'un objectif t\u00e9l\u00e9centrique et d'un \u00e9clairage LED RVB. Le syst\u00e8me prend en charge divers algorithmes de d\u00e9tection, notamment la correspondance de mod\u00e8les, la d\u00e9tection intelligente, la d\u00e9tection de cercles et la reconnaissance de caract\u00e8res. Avec une vitesse de traitement d'image inf\u00e9rieure \u00e0 170 ms par FOV et une vitesse de d\u00e9tection de 3500 mm\u00b2\/s, l'AOI 500 garantit des inspections efficaces et pr\u00e9cises. Il offre \u00e9galement l'IPE pour un traitement d'image personnalis\u00e9 et fonctionne sous Windows 10-64Bit avec une configuration mat\u00e9rielle robuste.<\/p>","protected":false},"featured_media":21673,"comment_status":"open","ping_status":"closed","template":"","meta":{"iawp_total_views":134},"etheme_brands":[],"product_brand":[],"product_cat":[136],"product_tag":[],"class_list":{"0":"post-21911","1":"product","2":"type-product","3":"status-publish","4":"has-post-thumbnail","6":"product_cat-automated-optical-inspection","8":"first","9":"instock","10":"shipping-taxable","11":"product-type-simple"},"_links":{"self":[{"href":"https:\/\/v2smt.com\/fr\/wp-json\/wp\/v2\/product\/21911","targetHints":{"allow":["GET"]}}],"collection":[{"href":"https:\/\/v2smt.com\/fr\/wp-json\/wp\/v2\/product"}],"about":[{"href":"https:\/\/v2smt.com\/fr\/wp-json\/wp\/v2\/types\/product"}],"replies":[{"embeddable":true,"href":"https:\/\/v2smt.com\/fr\/wp-json\/wp\/v2\/comments?post=21911"}],"version-history":[{"count":0,"href":"https:\/\/v2smt.com\/fr\/wp-json\/wp\/v2\/product\/21911\/revisions"}],"wp:featuredmedia":[{"embeddable":true,"href":"https:\/\/v2smt.com\/fr\/wp-json\/wp\/v2\/media\/21673"}],"wp:attachment":[{"href":"https:\/\/v2smt.com\/fr\/wp-json\/wp\/v2\/media?parent=21911"}],"wp:term":[{"taxonomy":"brand","embeddable":true,"href":"https:\/\/v2smt.com\/fr\/wp-json\/wp\/v2\/etheme_brands?post=21911"},{"taxonomy":"product_brand","embeddable":true,"href":"https:\/\/v2smt.com\/fr\/wp-json\/wp\/v2\/product_brand?post=21911"},{"taxonomy":"product_cat","embeddable":true,"href":"https:\/\/v2smt.com\/fr\/wp-json\/wp\/v2\/product_cat?post=21911"},{"taxonomy":"product_tag","embeddable":true,"href":"https:\/\/v2smt.com\/fr\/wp-json\/wp\/v2\/product_tag?post=21911"}],"curies":[{"name":"wp","href":"https:\/\/api.w.org\/{rel}","templated":true}]}}