{"id":21909,"date":"2024-07-23T15:44:20","date_gmt":"2024-07-23T15:44:20","guid":{"rendered":"https:\/\/v2smt.com\/?post_type=product&#038;p=21909"},"modified":"2024-08-22T17:03:58","modified_gmt":"2024-08-22T17:03:58","slug":"yrh10-hybrid-mounting-machine","status":"publish","type":"product","link":"https:\/\/v2smt.com\/fr\/products\/yrh10-hybrid-mounting-machine\/","title":{"rendered":"Machine de montage hybride YRH10"},"content":{"rendered":"<p>Capacit\u00e9 de montage hybride : Permet de combiner le placement de composants semi-conducteurs et CMS en un seul processus.<br \/>\nVitesse de placement \u00e9lev\u00e9e : Jusqu'\u00e0 10 800 CPH dans des conditions optimales.<br \/>\nPlacement de pr\u00e9cision : Assure une pr\u00e9cision de placement de \u00b115\u03bcm avec une valeur Cpk de 1,0 ou plus.<br \/>\nSyst\u00e8me de cam\u00e9ra avanc\u00e9 : \u00c9quip\u00e9 d'une cam\u00e9ra multifonctionnelle pour une reconnaissance de haute pr\u00e9cision des composants.<br \/>\nOptions d'alimentation flexibles : Prise en charge d'une large gamme de chargeurs pour divers types et tailles de composants.<br \/>\nSupport pour nourrisseurs \u00e9lectriques : Compatible avec les nourrisseurs \u00e9lectriques intelligents pour une meilleure efficacit\u00e9.<br \/>\nMise en page personnalisable : Adaptable \u00e0 divers processus de production gr\u00e2ce \u00e0 une structure de pr\u00e9sentation personnalisable.<br \/>\nInspection apr\u00e8s montage : Fonction standard pour l'assurance qualit\u00e9 apr\u00e8s la mise en place des composants. 9 Alimentation \u00e9lectrique robuste : Compatible avec une large gamme de tensions et de fr\u00e9quences pour une utilisation globale.<br \/>\nConception compacte : Offre une solution efficace en termes d'espace avec un faible encombrement dans la ligne de production.<\/p>","protected":false},"excerpt":{"rendered":"<p>Le YRH10, un \u00e9quipement de montage hybride de YAMAHA MOTOR, est con\u00e7u pour r\u00e9pondre aux exigences de placement de haute pr\u00e9cision des semi-conducteurs et des composants SMD. Gr\u00e2ce \u00e0 sa conception polyvalente et efficace, le YRH10 est capable de traiter une grande vari\u00e9t\u00e9 de tailles et de types de composants, ce qui en fait une solution id\u00e9ale pour la fabrication \u00e9lectronique moderne.<\/p>","protected":false},"featured_media":21964,"comment_status":"open","ping_status":"closed","template":"","meta":{"iawp_total_views":116},"etheme_brands":[],"product_brand":[],"product_cat":[131],"product_tag":[],"class_list":{"0":"post-21909","1":"product","2":"type-product","3":"status-publish","4":"has-post-thumbnail","6":"product_cat-pick-and-place","8":"first","9":"instock","10":"shipping-taxable","11":"product-type-simple"},"_links":{"self":[{"href":"https:\/\/v2smt.com\/fr\/wp-json\/wp\/v2\/product\/21909","targetHints":{"allow":["GET"]}}],"collection":[{"href":"https:\/\/v2smt.com\/fr\/wp-json\/wp\/v2\/product"}],"about":[{"href":"https:\/\/v2smt.com\/fr\/wp-json\/wp\/v2\/types\/product"}],"replies":[{"embeddable":true,"href":"https:\/\/v2smt.com\/fr\/wp-json\/wp\/v2\/comments?post=21909"}],"version-history":[{"count":0,"href":"https:\/\/v2smt.com\/fr\/wp-json\/wp\/v2\/product\/21909\/revisions"}],"wp:featuredmedia":[{"embeddable":true,"href":"https:\/\/v2smt.com\/fr\/wp-json\/wp\/v2\/media\/21964"}],"wp:attachment":[{"href":"https:\/\/v2smt.com\/fr\/wp-json\/wp\/v2\/media?parent=21909"}],"wp:term":[{"taxonomy":"brand","embeddable":true,"href":"https:\/\/v2smt.com\/fr\/wp-json\/wp\/v2\/etheme_brands?post=21909"},{"taxonomy":"product_brand","embeddable":true,"href":"https:\/\/v2smt.com\/fr\/wp-json\/wp\/v2\/product_brand?post=21909"},{"taxonomy":"product_cat","embeddable":true,"href":"https:\/\/v2smt.com\/fr\/wp-json\/wp\/v2\/product_cat?post=21909"},{"taxonomy":"product_tag","embeddable":true,"href":"https:\/\/v2smt.com\/fr\/wp-json\/wp\/v2\/product_tag?post=21909"}],"curies":[{"name":"wp","href":"https:\/\/api.w.org\/{rel}","templated":true}]}}