{"id":21905,"date":"2024-07-23T15:33:53","date_gmt":"2024-07-23T15:33:53","guid":{"rendered":"https:\/\/v2smt.com\/?post_type=product&#038;p=21905"},"modified":"2024-08-22T17:03:58","modified_gmt":"2024-08-22T17:03:58","slug":"intelligent-material-rack","status":"publish","type":"product","link":"https:\/\/v2smt.com\/fr\/products\/intelligent-material-rack\/","title":{"rendered":"Rack \u00e0 mat\u00e9riaux intelligent"},"content":{"rendered":"<p>Int\u00e9gration d'un syst\u00e8me de stockage intelligent : Am\u00e9liore la pr\u00e9paration du mat\u00e9riel gr\u00e2ce \u00e0 la synchronisation des donn\u00e9es.<\/p>\n<p>Pr\u00e9l\u00e8vement guid\u00e9 par la lumi\u00e8re de l'\u00e9tiquette \u00e9lectronique : Am\u00e9liore la pr\u00e9cision et l'efficacit\u00e9 de la pr\u00e9paration des commandes.<\/p>\n<p>Capacit\u00e9 \u00e0 g\u00e9rer plusieurs ordres de travail : G\u00e8re facilement les ordres de travail simultan\u00e9s.<\/p>\n<p>Compatible avec diff\u00e9rentes tailles de bobines : S'adapte aux bobines de 7, 13 et 15 pouces.<\/p>\n<p>Communication WIFI : Connectivit\u00e9 sans fil robuste avec une port\u00e9e de 1 \u00e0 300 m\u00e8tres.<\/p>\n<p>Scanner de codes-barres pour une localisation rapide des mat\u00e9riaux : Simplifie l'identification et la r\u00e9cup\u00e9ration des mat\u00e9riaux.<\/p>\n<p>Batterie longue dur\u00e9e : Fonctionnement continu jusqu'\u00e0 48 heures.<\/p>\n<p>Interface de communication ouverte : Facilite l'int\u00e9gration avec le syst\u00e8me de machines \u00e0 compter SEAMARK.<\/p>\n<p>Int\u00e9gration MES et WMS\/ERP : Permet la mise \u00e0 jour en temps r\u00e9el de l'\u00e9tat des mat\u00e9riaux et le calcul des stocks.<\/p>\n<p>\u00c9clairage LED RVB : Offre de multiples options de couleurs pour des besoins d'\u00e9clairage vari\u00e9s.<\/p>","protected":false},"excerpt":{"rendered":"<p>Le Sensor Intelligent Material Rack est une solution de stockage de pointe con\u00e7ue pour optimiser la manipulation des mat\u00e9riaux dans les environnements de production SMT. Ce syst\u00e8me de stockage intelligent s'int\u00e8gre parfaitement aux lignes d'assemblage, offrant des capacit\u00e9s automatis\u00e9es de comptage et de stockage des composants SMD par rayons X. Il est con\u00e7u pour r\u00e9pondre aux divers besoins de stockage des entreprises de petite ou grande taille. Il est con\u00e7u pour r\u00e9pondre aux divers besoins de stockage des entreprises, qu'elles soient petites ou grandes.<\/p>","protected":false},"featured_media":21682,"comment_status":"open","ping_status":"closed","template":"","meta":{"iawp_total_views":137},"etheme_brands":[],"product_brand":[],"product_cat":[156],"product_tag":[],"class_list":{"0":"post-21905","1":"product","2":"type-product","3":"status-publish","4":"has-post-thumbnail","6":"product_cat-intelligent-material-rack","8":"first","9":"instock","10":"shipping-taxable","11":"product-type-simple"},"_links":{"self":[{"href":"https:\/\/v2smt.com\/fr\/wp-json\/wp\/v2\/product\/21905","targetHints":{"allow":["GET"]}}],"collection":[{"href":"https:\/\/v2smt.com\/fr\/wp-json\/wp\/v2\/product"}],"about":[{"href":"https:\/\/v2smt.com\/fr\/wp-json\/wp\/v2\/types\/product"}],"replies":[{"embeddable":true,"href":"https:\/\/v2smt.com\/fr\/wp-json\/wp\/v2\/comments?post=21905"}],"version-history":[{"count":0,"href":"https:\/\/v2smt.com\/fr\/wp-json\/wp\/v2\/product\/21905\/revisions"}],"wp:featuredmedia":[{"embeddable":true,"href":"https:\/\/v2smt.com\/fr\/wp-json\/wp\/v2\/media\/21682"}],"wp:attachment":[{"href":"https:\/\/v2smt.com\/fr\/wp-json\/wp\/v2\/media?parent=21905"}],"wp:term":[{"taxonomy":"brand","embeddable":true,"href":"https:\/\/v2smt.com\/fr\/wp-json\/wp\/v2\/etheme_brands?post=21905"},{"taxonomy":"product_brand","embeddable":true,"href":"https:\/\/v2smt.com\/fr\/wp-json\/wp\/v2\/product_brand?post=21905"},{"taxonomy":"product_cat","embeddable":true,"href":"https:\/\/v2smt.com\/fr\/wp-json\/wp\/v2\/product_cat?post=21905"},{"taxonomy":"product_tag","embeddable":true,"href":"https:\/\/v2smt.com\/fr\/wp-json\/wp\/v2\/product_tag?post=21905"}],"curies":[{"name":"wp","href":"https:\/\/api.w.org\/{rel}","templated":true}]}}