{"id":21901,"date":"2024-07-23T15:33:53","date_gmt":"2024-07-23T15:33:53","guid":{"rendered":"https:\/\/v2smt.com\/?post_type=product&#038;p=21901"},"modified":"2024-08-22T17:03:57","modified_gmt":"2024-08-22T17:03:57","slug":"mso-600-heavy-duty-offline-selective-soldering-machine","status":"publish","type":"product","link":"https:\/\/v2smt.com\/fr\/products\/mso-600-heavy-duty-offline-selective-soldering-machine\/","title":{"rendered":"MSO-600 Machine \u00e0 souder s\u00e9lective hors ligne \u00e0 usage intensif"},"content":{"rendered":"<p>Plate-forme de mouvement int\u00e9gr\u00e9e : Combine la pulv\u00e9risation et le soudage dans un espace compact.<\/p>\n<p>Position stationnaire de la plaque PCB : Assure la stabilit\u00e9 pendant que la plate-forme de pulv\u00e9risation et de soudage se d\u00e9place.<\/p>\n<p>Haute qualit\u00e9 de soudage : Am\u00e9liore le taux de r\u00e9ussite du soudage gr\u00e2ce \u00e0 un contr\u00f4le de pr\u00e9cision.<\/p>\n<p>Conception modulaire : Facilite la formation de lignes flexibles et le transport hors ligne.<\/p>\n<p>Contr\u00f4le complet sur PC : Les param\u00e8tres sont r\u00e9gl\u00e9s et enregistr\u00e9s sur un PC pour faciliter la tra\u00e7abilit\u00e9.<\/p>\n<p>Syst\u00e8me logiciel avanc\u00e9 : Bas\u00e9 sur Windows 10 pour un fonctionnement convivial.<\/p>\n<p>Table de mouvement XYZ : \u00c9quip\u00e9e de vis \u00e0 billes, de guides lin\u00e9aires et de servomoteurs pour un mouvement pr\u00e9cis.<\/p>\n<p>Valve de jetting de flux import\u00e9e : Assure une application efficace et pr\u00e9cise du flux.<\/p>\n<p>Syst\u00e8me de pr\u00e9chauffage infrarouge : Pr\u00e9pare le circuit imprim\u00e9 pour des conditions de soudure optimales.<\/p>\n<p>Pot de soudure de 15 kg : avec un servomoteur et une turbine pour un flux de soudure constant et un contr\u00f4le de la temp\u00e9rature.<\/p>","protected":false},"excerpt":{"rendered":"<p>La MSO-600 est une machine de brasage s\u00e9lectif hors ligne \u00e0 usage intensif, con\u00e7ue pour un soudage de haute qualit\u00e9 avec un syst\u00e8me compact et modulaire. Elle int\u00e8gre une gamme compl\u00e8te de fonctionnalit\u00e9s, y compris une plate-forme de mouvement avec pulv\u00e9risation et soudage int\u00e9gr\u00e9s, garantissant un taux de r\u00e9ussite \u00e9lev\u00e9 du soudage et une formation flexible de la ligne de production. La machine est enti\u00e8rement contr\u00f4l\u00e9e par un PC, ce qui permet de r\u00e9gler et d'enregistrer tous les param\u00e8tres, et d'am\u00e9liorer la tra\u00e7abilit\u00e9 et la r\u00e9p\u00e9tabilit\u00e9 de la qualit\u00e9 du brasage.<\/p>","protected":false},"featured_media":21700,"comment_status":"open","ping_status":"closed","template":"","meta":{"iawp_total_views":55},"etheme_brands":[],"product_brand":[],"product_cat":[139,138],"product_tag":[],"class_list":{"0":"post-21901","1":"product","2":"type-product","3":"status-publish","4":"has-post-thumbnail","6":"product_cat-selective-wave-soldering","7":"product_cat-wave-soldering","9":"first","10":"instock","11":"shipping-taxable","12":"product-type-simple"},"_links":{"self":[{"href":"https:\/\/v2smt.com\/fr\/wp-json\/wp\/v2\/product\/21901","targetHints":{"allow":["GET"]}}],"collection":[{"href":"https:\/\/v2smt.com\/fr\/wp-json\/wp\/v2\/product"}],"about":[{"href":"https:\/\/v2smt.com\/fr\/wp-json\/wp\/v2\/types\/product"}],"replies":[{"embeddable":true,"href":"https:\/\/v2smt.com\/fr\/wp-json\/wp\/v2\/comments?post=21901"}],"version-history":[{"count":0,"href":"https:\/\/v2smt.com\/fr\/wp-json\/wp\/v2\/product\/21901\/revisions"}],"wp:featuredmedia":[{"embeddable":true,"href":"https:\/\/v2smt.com\/fr\/wp-json\/wp\/v2\/media\/21700"}],"wp:attachment":[{"href":"https:\/\/v2smt.com\/fr\/wp-json\/wp\/v2\/media?parent=21901"}],"wp:term":[{"taxonomy":"brand","embeddable":true,"href":"https:\/\/v2smt.com\/fr\/wp-json\/wp\/v2\/etheme_brands?post=21901"},{"taxonomy":"product_brand","embeddable":true,"href":"https:\/\/v2smt.com\/fr\/wp-json\/wp\/v2\/product_brand?post=21901"},{"taxonomy":"product_cat","embeddable":true,"href":"https:\/\/v2smt.com\/fr\/wp-json\/wp\/v2\/product_cat?post=21901"},{"taxonomy":"product_tag","embeddable":true,"href":"https:\/\/v2smt.com\/fr\/wp-json\/wp\/v2\/product_tag?post=21901"}],"curies":[{"name":"wp","href":"https:\/\/api.w.org\/{rel}","templated":true}]}}