{"id":21899,"date":"2024-07-23T15:33:53","date_gmt":"2024-07-23T15:33:53","guid":{"rendered":"https:\/\/v2smt.com\/?post_type=product&#038;p=21899"},"modified":"2024-08-22T17:03:57","modified_gmt":"2024-08-22T17:03:57","slug":"mso-450-offline-selective-soldering-machine","status":"publish","type":"product","link":"https:\/\/v2smt.com\/fr\/products\/mso-450-offline-selective-soldering-machine\/","title":{"rendered":"Machine \u00e0 souder s\u00e9lective hors ligne MSO-450"},"content":{"rendered":"<p>Conception compacte hors ligne : Peu encombrant, il s'int\u00e8gre facilement aux lignes de production.<\/p>\n<p>Mouvement des circuits imprim\u00e9s avec des plates-formes fixes : Am\u00e9liore la pr\u00e9cision du brasage gr\u00e2ce \u00e0 une plate-forme fixe de pulv\u00e9risation, de pr\u00e9chauffage et de soudage.<\/p>\n<p>Soudage de haute qualit\u00e9 : Garantit des r\u00e9sultats de soudure sup\u00e9rieurs gr\u00e2ce \u00e0 des syst\u00e8mes de contr\u00f4le avanc\u00e9s.<\/p>\n<p>Formation flexible de la ligne : Adaptable \u00e0 diverses configurations de lignes de production.<\/p>\n<p>Contr\u00f4le complet par ordinateur : Les param\u00e8tres sont r\u00e9gl\u00e9s et enregistr\u00e9s sur un ordinateur pour assurer la r\u00e9p\u00e9tabilit\u00e9.<\/p>\n<p>Logiciel convivial : bas\u00e9 sur Windows 10 pour une utilisation et une tra\u00e7abilit\u00e9 faciles.<\/p>\n<p>Plate-forme de mouvement XYZ : \u00c9quip\u00e9e de vis \u00e0 billes, de guides lin\u00e9aires et de servomoteurs pour un mouvement pr\u00e9cis de la carte de circuit imprim\u00e9.<\/p>\n<p>Syst\u00e8me de pulv\u00e9risation s\u00e9lective : Utilise une valve pi\u00e9zo\u00e9lectrique de fabrication allemande pour une application pr\u00e9cise du flux.<\/p>\n<p>Syst\u00e8me de pr\u00e9chauffage : Comprend des lampes infrarouges pour le pr\u00e9chauffage par le haut et par le bas, r\u00e9glables par ordinateur.<\/p>\n<p>Pot de soudure s\u00e9lective : int\u00e9rieur en alliage de titane avec chauffage externe pour une distribution uniforme de la chaleur et aucune fuite.<\/p>","protected":false},"excerpt":{"rendered":"<p>La MSO-450 est une machine de brasage s\u00e9lectif hors ligne con\u00e7ue pour un soudage de haute qualit\u00e9 avec un syst\u00e8me compact et flexible. Elle est dot\u00e9e d'un syst\u00e8me de contr\u00f4le informatique complet qui permet de r\u00e9gler et de sauvegarder les param\u00e8tres, assurant ainsi la tra\u00e7abilit\u00e9 et la r\u00e9p\u00e9tabilit\u00e9 du processus de brasage. La machine comprend une plate-forme de mouvement \u00e0 trois axes pour le d\u00e9placement des circuits imprim\u00e9s, un syst\u00e8me de pulv\u00e9risation s\u00e9lective, un syst\u00e8me de pr\u00e9chauffage et un pot de brasage s\u00e9lectif, le tout int\u00e9gr\u00e9 dans une structure en acier robuste pour plus de stabilit\u00e9 et de pr\u00e9cision.<\/p>","protected":false},"featured_media":21699,"comment_status":"open","ping_status":"closed","template":"","meta":{"iawp_total_views":48},"etheme_brands":[],"product_brand":[],"product_cat":[139,138],"product_tag":[],"class_list":{"0":"post-21899","1":"product","2":"type-product","3":"status-publish","4":"has-post-thumbnail","6":"product_cat-selective-wave-soldering","7":"product_cat-wave-soldering","9":"first","10":"instock","11":"shipping-taxable","12":"product-type-simple"},"_links":{"self":[{"href":"https:\/\/v2smt.com\/fr\/wp-json\/wp\/v2\/product\/21899","targetHints":{"allow":["GET"]}}],"collection":[{"href":"https:\/\/v2smt.com\/fr\/wp-json\/wp\/v2\/product"}],"about":[{"href":"https:\/\/v2smt.com\/fr\/wp-json\/wp\/v2\/types\/product"}],"replies":[{"embeddable":true,"href":"https:\/\/v2smt.com\/fr\/wp-json\/wp\/v2\/comments?post=21899"}],"version-history":[{"count":0,"href":"https:\/\/v2smt.com\/fr\/wp-json\/wp\/v2\/product\/21899\/revisions"}],"wp:featuredmedia":[{"embeddable":true,"href":"https:\/\/v2smt.com\/fr\/wp-json\/wp\/v2\/media\/21699"}],"wp:attachment":[{"href":"https:\/\/v2smt.com\/fr\/wp-json\/wp\/v2\/media?parent=21899"}],"wp:term":[{"taxonomy":"brand","embeddable":true,"href":"https:\/\/v2smt.com\/fr\/wp-json\/wp\/v2\/etheme_brands?post=21899"},{"taxonomy":"product_brand","embeddable":true,"href":"https:\/\/v2smt.com\/fr\/wp-json\/wp\/v2\/product_brand?post=21899"},{"taxonomy":"product_cat","embeddable":true,"href":"https:\/\/v2smt.com\/fr\/wp-json\/wp\/v2\/product_cat?post=21899"},{"taxonomy":"product_tag","embeddable":true,"href":"https:\/\/v2smt.com\/fr\/wp-json\/wp\/v2\/product_tag?post=21899"}],"curies":[{"name":"wp","href":"https:\/\/api.w.org\/{rel}","templated":true}]}}