{"id":21897,"date":"2024-07-23T15:33:53","date_gmt":"2024-07-23T15:33:53","guid":{"rendered":"https:\/\/v2smt.com\/?post_type=product&#038;p=21897"},"modified":"2024-08-22T17:03:57","modified_gmt":"2024-08-22T17:03:57","slug":"msi-400to-selective-wave-solder-machine","status":"publish","type":"product","link":"https:\/\/v2smt.com\/fr\/products\/msi-400to-selective-wave-solder-machine\/","title":{"rendered":"Machine \u00e0 souder \u00e0 la vague s\u00e9lective MSI-400TO"},"content":{"rendered":"<p>Fonctionnalit\u00e9 tout-en-un : Accueille trois cartes de circuits imprim\u00e9s \u00e0 diff\u00e9rents stades pour une productivit\u00e9 accrue.<\/p>\n<p>Plates-formes de fluxage et de brasage ind\u00e9pendantes : Assure un traitement sp\u00e9cialis\u00e9 pour chaque processus.<\/p>\n<p>Qualit\u00e9 de brasage \u00e9lev\u00e9e : Am\u00e9liore le taux de passage direct de la soudure gr\u00e2ce \u00e0 un contr\u00f4le de pr\u00e9cision.<\/p>\n<p>SMEMA Online Connection : Permet une formation flexible des lignes et une int\u00e9gration dans les syst\u00e8mes de production existants.<\/p>\n<p>Contr\u00f4le complet sur PC : Les param\u00e8tres sont r\u00e9gl\u00e9s et enregistr\u00e9s sur un ordinateur pour faciliter la tra\u00e7abilit\u00e9 et la r\u00e9p\u00e9tabilit\u00e9.<\/p>\n<p>Logiciel personnalisable : bas\u00e9 sur Windows 7, il offre une utilisation conviviale et une bonne tra\u00e7abilit\u00e9.<\/p>\n<p>Affichage du processus de brasage en direct : Surveille le processus de brasage en temps r\u00e9el par le biais d'une cam\u00e9ra.<\/p>\n<p>Surveillance des param\u00e8tres critiques : Le logiciel surveille la temp\u00e9rature, la vitesse, la pression, etc.<\/p>\n<p>Calibrage automatique de la hauteur des vagues : Fonctionnalit\u00e9 \u00e9volutive pour une stabilit\u00e9 constante des vagues.<\/p>\n<p>Syst\u00e8me de convoyage int\u00e9gr\u00e9 : Transport en douceur des circuits imprim\u00e9s avec une largeur et une pression r\u00e9glables.<\/p>","protected":false},"excerpt":{"rendered":"<p>La MSI-400TO est une machine de brasage s\u00e9lectif de pointe con\u00e7ue pour une production \u00e0 haut rendement. Elle int\u00e8gre une gamme compl\u00e8te de fonctionnalit\u00e9s au sein d'une seule unit\u00e9, capable d'accueillir simultan\u00e9ment trois cartes de circuits imprim\u00e9s ou palettes dans les processus de fluxage, de pr\u00e9chauffage et de brasage. La machine est con\u00e7ue pour l'efficacit\u00e9, la qualit\u00e9 et la flexibilit\u00e9, prenant en charge le transport en ligne SMEMA et offrant un contr\u00f4le PC complet pour le r\u00e9glage des param\u00e8tres et la tra\u00e7abilit\u00e9.<\/p>","protected":false},"featured_media":21695,"comment_status":"open","ping_status":"closed","template":"","meta":{"iawp_total_views":59},"etheme_brands":[],"product_brand":[],"product_cat":[139,138],"product_tag":[],"class_list":{"0":"post-21897","1":"product","2":"type-product","3":"status-publish","4":"has-post-thumbnail","6":"product_cat-selective-wave-soldering","7":"product_cat-wave-soldering","9":"first","10":"instock","11":"shipping-taxable","12":"product-type-simple"},"_links":{"self":[{"href":"https:\/\/v2smt.com\/fr\/wp-json\/wp\/v2\/product\/21897","targetHints":{"allow":["GET"]}}],"collection":[{"href":"https:\/\/v2smt.com\/fr\/wp-json\/wp\/v2\/product"}],"about":[{"href":"https:\/\/v2smt.com\/fr\/wp-json\/wp\/v2\/types\/product"}],"replies":[{"embeddable":true,"href":"https:\/\/v2smt.com\/fr\/wp-json\/wp\/v2\/comments?post=21897"}],"version-history":[{"count":0,"href":"https:\/\/v2smt.com\/fr\/wp-json\/wp\/v2\/product\/21897\/revisions"}],"wp:featuredmedia":[{"embeddable":true,"href":"https:\/\/v2smt.com\/fr\/wp-json\/wp\/v2\/media\/21695"}],"wp:attachment":[{"href":"https:\/\/v2smt.com\/fr\/wp-json\/wp\/v2\/media?parent=21897"}],"wp:term":[{"taxonomy":"brand","embeddable":true,"href":"https:\/\/v2smt.com\/fr\/wp-json\/wp\/v2\/etheme_brands?post=21897"},{"taxonomy":"product_brand","embeddable":true,"href":"https:\/\/v2smt.com\/fr\/wp-json\/wp\/v2\/product_brand?post=21897"},{"taxonomy":"product_cat","embeddable":true,"href":"https:\/\/v2smt.com\/fr\/wp-json\/wp\/v2\/product_cat?post=21897"},{"taxonomy":"product_tag","embeddable":true,"href":"https:\/\/v2smt.com\/fr\/wp-json\/wp\/v2\/product_tag?post=21897"}],"curies":[{"name":"wp","href":"https:\/\/api.w.org\/{rel}","templated":true}]}}