{"id":21895,"date":"2024-07-23T15:33:52","date_gmt":"2024-07-23T15:33:52","guid":{"rendered":"https:\/\/v2smt.com\/?post_type=product&#038;p=21895"},"modified":"2024-08-22T17:03:57","modified_gmt":"2024-08-22T17:03:57","slug":"msi-400-selective-soldering-machine","status":"publish","type":"product","link":"https:\/\/v2smt.com\/fr\/products\/msi-400-selective-soldering-machine\/","title":{"rendered":"Machine \u00e0 souder s\u00e9lective MSI-400"},"content":{"rendered":"<p>Plate-forme de mouvement int\u00e9gr\u00e9e : Conception compacte avec des capacit\u00e9s combin\u00e9es de pulv\u00e9risation et de soudage.<\/p>\n<p>Plaque PCB fixe : Assure la stabilit\u00e9 pour des op\u00e9rations de brasage pr\u00e9cises.<\/p>\n<p>Soudage de haute qualit\u00e9 : Am\u00e9liore le taux de r\u00e9ussite de la soudure gr\u00e2ce \u00e0 un contr\u00f4le pr\u00e9cis.<\/p>\n<p>Modulaire et flexible : Facilite l'int\u00e9gration dans diverses lignes de production gr\u00e2ce \u00e0 la compatibilit\u00e9 SMEMA.<\/p>\n<p>Contr\u00f4le total par ordinateur : Les param\u00e8tres sont facilement r\u00e9gl\u00e9s et sauvegard\u00e9s sur un PC pour des r\u00e9sultats constants.<\/p>\n<p>Logiciel convivial : bas\u00e9 sur Windows 10 pour une utilisation intuitive et la tra\u00e7abilit\u00e9.<\/p>\n<p>Table de mouvement XYZ : \u00c9quip\u00e9e de vis \u00e0 billes, de guides lin\u00e9aires et de servomoteurs pour des mouvements de haute pr\u00e9cision.<\/p>\n<p>Syst\u00e8me de fluxage avanc\u00e9 : Comprend une valve de jetting import\u00e9e pour une application pr\u00e9cise du flux.<\/p>\n<p>Pr\u00e9chauffage par infrarouge : Pr\u00e9chauffage par le bas pour des conditions de brasage optimales.<\/p>\n<p>Pot de soudure avec syst\u00e8me servo : Un pot de soudure d'une capacit\u00e9 de 15 kg avec un servomoteur pour un d\u00e9bit de soudure contr\u00f4l\u00e9.<\/p>","protected":false},"excerpt":{"rendered":"<p>La MSI-400 est une machine de brasage s\u00e9lectif avanc\u00e9e, con\u00e7ue pour la pr\u00e9cision et l'efficacit\u00e9 dans la fabrication \u00e9lectronique. Ce syst\u00e8me int\u00e9gr\u00e9 combine une gamme compl\u00e8te de fonctionnalit\u00e9s sur une seule plate-forme de mouvement, offrant une solution compacte pour les environnements \u00e0 espace limit\u00e9. Avec sa plaque de circuit imprim\u00e9 fixe et ses plates-formes mobiles de pulv\u00e9risation et de soudage, elle garantit une qualit\u00e9 de soudage \u00e9lev\u00e9e et une am\u00e9lioration significative du taux de r\u00e9ussite du brasage. La machine se caract\u00e9rise par une conception modulaire, un transport en ligne SMEMA et un contr\u00f4le informatique complet pour le r\u00e9glage et l'enregistrement des param\u00e8tres, ce qui garantit une tra\u00e7abilit\u00e9 et une r\u00e9p\u00e9tabilit\u00e9 optimales de la qualit\u00e9 de brasage.<\/p>","protected":false},"featured_media":21694,"comment_status":"open","ping_status":"closed","template":"","meta":{"iawp_total_views":97},"etheme_brands":[],"product_brand":[],"product_cat":[139,138],"product_tag":[],"class_list":{"0":"post-21895","1":"product","2":"type-product","3":"status-publish","4":"has-post-thumbnail","6":"product_cat-selective-wave-soldering","7":"product_cat-wave-soldering","9":"first","10":"instock","11":"shipping-taxable","12":"product-type-simple"},"_links":{"self":[{"href":"https:\/\/v2smt.com\/fr\/wp-json\/wp\/v2\/product\/21895","targetHints":{"allow":["GET"]}}],"collection":[{"href":"https:\/\/v2smt.com\/fr\/wp-json\/wp\/v2\/product"}],"about":[{"href":"https:\/\/v2smt.com\/fr\/wp-json\/wp\/v2\/types\/product"}],"replies":[{"embeddable":true,"href":"https:\/\/v2smt.com\/fr\/wp-json\/wp\/v2\/comments?post=21895"}],"version-history":[{"count":0,"href":"https:\/\/v2smt.com\/fr\/wp-json\/wp\/v2\/product\/21895\/revisions"}],"wp:featuredmedia":[{"embeddable":true,"href":"https:\/\/v2smt.com\/fr\/wp-json\/wp\/v2\/media\/21694"}],"wp:attachment":[{"href":"https:\/\/v2smt.com\/fr\/wp-json\/wp\/v2\/media?parent=21895"}],"wp:term":[{"taxonomy":"brand","embeddable":true,"href":"https:\/\/v2smt.com\/fr\/wp-json\/wp\/v2\/etheme_brands?post=21895"},{"taxonomy":"product_brand","embeddable":true,"href":"https:\/\/v2smt.com\/fr\/wp-json\/wp\/v2\/product_brand?post=21895"},{"taxonomy":"product_cat","embeddable":true,"href":"https:\/\/v2smt.com\/fr\/wp-json\/wp\/v2\/product_cat?post=21895"},{"taxonomy":"product_tag","embeddable":true,"href":"https:\/\/v2smt.com\/fr\/wp-json\/wp\/v2\/product_tag?post=21895"}],"curies":[{"name":"wp","href":"https:\/\/api.w.org\/{rel}","templated":true}]}}