{"id":21893,"date":"2024-07-23T15:33:52","date_gmt":"2024-07-23T15:33:52","guid":{"rendered":"https:\/\/v2smt.com\/?post_type=product&#038;p=21893"},"modified":"2024-08-22T17:03:57","modified_gmt":"2024-08-22T17:03:57","slug":"mso-300b-offline-selective-soldering-machine","status":"publish","type":"product","link":"https:\/\/v2smt.com\/fr\/products\/mso-300b-offline-selective-soldering-machine\/","title":{"rendered":"Machine \u00e0 souder s\u00e9lective hors ligne MSO-300B"},"content":{"rendered":"<p>Machine tout-en-un : Compacte et enti\u00e8rement fonctionnelle pour des op\u00e9rations peu encombrantes.<\/p>\n<p>Mouvement des circuits imprim\u00e9s avec buses fixes : Assure la pr\u00e9cision du brasage avec un flux et un pot de soudure fixes.<\/p>\n<p>Soudure de haute qualit\u00e9 : Les syst\u00e8mes de contr\u00f4le avanc\u00e9s permettent d'obtenir d'excellents r\u00e9sultats de soudage.<\/p>\n<p>Int\u00e9gration flexible \u00e0 la ligne de production : Peut \u00eatre facilement plac\u00e9 \u00e0 c\u00f4t\u00e9 de la ligne de production pour une utilisation pratique.<\/p>\n<p>Contr\u00f4le complet sur PC : Les param\u00e8tres sont r\u00e9gl\u00e9s et enregistr\u00e9s sur un ordinateur pour faciliter la tra\u00e7abilit\u00e9 et la r\u00e9p\u00e9tabilit\u00e9.<\/p>\n<p>Logiciel bas\u00e9 sur Windows 10 : Offre une utilisation conviviale et une bonne tra\u00e7abilit\u00e9.<\/p>\n<p>Table de mouvement XYZ : \u00c9quip\u00e9e de servomoteurs et de moteurs pas \u00e0 pas pour un mouvement pr\u00e9cis des circuits imprim\u00e9s.<\/p>\n<p>Valve de jetting de flux import\u00e9e : S'adapte \u00e0 diff\u00e9rents types de flux pour une performance fiable.<\/p>\n<p>Pot de soudure en alliage de titane et acier inoxydable : garantit l'absence de fuite et un transfert de chaleur uniforme.<\/p>\n<p>Syst\u00e8me de chauffage en ligne N2 : R\u00e9duit les scories de soudure et am\u00e9liore la perfection du mouillage.<\/p>","protected":false},"excerpt":{"rendered":"<p>La MSO-300B est une machine de brasage s\u00e9lectif hors ligne qui combine toutes les fonctionnalit\u00e9s avec un design compact, id\u00e9al pour les applications de brasage de haute qualit\u00e9. Elle est \u00e9quip\u00e9e d'une table mobile pour le d\u00e9placement des circuits imprim\u00e9s, d'une buse de fluxer fixe et d'un pot de soudure, le tout contr\u00f4l\u00e9 par un syst\u00e8me informatique pour un r\u00e9glage et une sauvegarde pr\u00e9cis des param\u00e8tres. La machine garantit la flexibilit\u00e9 dans la formation des lignes de production et facilite la tra\u00e7abilit\u00e9 gr\u00e2ce \u00e0 la g\u00e9n\u00e9ration de fichiers de configuration.<\/p>","protected":false},"featured_media":21697,"comment_status":"open","ping_status":"closed","template":"","meta":{"iawp_total_views":122},"etheme_brands":[],"product_brand":[],"product_cat":[139,138],"product_tag":[],"class_list":{"0":"post-21893","1":"product","2":"type-product","3":"status-publish","4":"has-post-thumbnail","6":"product_cat-selective-wave-soldering","7":"product_cat-wave-soldering","9":"first","10":"instock","11":"shipping-taxable","12":"product-type-simple"},"_links":{"self":[{"href":"https:\/\/v2smt.com\/fr\/wp-json\/wp\/v2\/product\/21893","targetHints":{"allow":["GET"]}}],"collection":[{"href":"https:\/\/v2smt.com\/fr\/wp-json\/wp\/v2\/product"}],"about":[{"href":"https:\/\/v2smt.com\/fr\/wp-json\/wp\/v2\/types\/product"}],"replies":[{"embeddable":true,"href":"https:\/\/v2smt.com\/fr\/wp-json\/wp\/v2\/comments?post=21893"}],"version-history":[{"count":0,"href":"https:\/\/v2smt.com\/fr\/wp-json\/wp\/v2\/product\/21893\/revisions"}],"wp:featuredmedia":[{"embeddable":true,"href":"https:\/\/v2smt.com\/fr\/wp-json\/wp\/v2\/media\/21697"}],"wp:attachment":[{"href":"https:\/\/v2smt.com\/fr\/wp-json\/wp\/v2\/media?parent=21893"}],"wp:term":[{"taxonomy":"brand","embeddable":true,"href":"https:\/\/v2smt.com\/fr\/wp-json\/wp\/v2\/etheme_brands?post=21893"},{"taxonomy":"product_brand","embeddable":true,"href":"https:\/\/v2smt.com\/fr\/wp-json\/wp\/v2\/product_brand?post=21893"},{"taxonomy":"product_cat","embeddable":true,"href":"https:\/\/v2smt.com\/fr\/wp-json\/wp\/v2\/product_cat?post=21893"},{"taxonomy":"product_tag","embeddable":true,"href":"https:\/\/v2smt.com\/fr\/wp-json\/wp\/v2\/product_tag?post=21893"}],"curies":[{"name":"wp","href":"https:\/\/api.w.org\/{rel}","templated":true}]}}