{"id":21891,"date":"2024-07-23T15:33:52","date_gmt":"2024-07-23T15:33:52","guid":{"rendered":"https:\/\/v2smt.com\/?post_type=product&#038;p=21891"},"modified":"2024-08-22T17:03:57","modified_gmt":"2024-08-22T17:03:57","slug":"mso-300-high-speed-offline-selective-soldering-machine","status":"publish","type":"product","link":"https:\/\/v2smt.com\/fr\/products\/mso-300-high-speed-offline-selective-soldering-machine\/","title":{"rendered":"MSO-300 Machine \u00e0 souder s\u00e9lective hors ligne \u00e0 grande vitesse"},"content":{"rendered":"<p>Conception tout-en-un : Machine compacte pour des environnements de production \u00e0 faible encombrement.<\/p>\n<p>Mouvement du circuit imprim\u00e9 : La buse du fluxeur et le pot de soudure restent fixes, ce qui am\u00e9liore la pr\u00e9cision.<\/p>\n<p>Soudure de haute qualit\u00e9 : Garantit une qualit\u00e9 de soudage \u00e9lev\u00e9e.<\/p>\n<p>Formation flexible de la ligne : Peut \u00eatre plac\u00e9 commod\u00e9ment \u00e0 c\u00f4t\u00e9 de la ligne de production.<\/p>\n<p>Contr\u00f4le complet sur PC : Les param\u00e8tres sont r\u00e9gl\u00e9s et sauvegard\u00e9s sur un ordinateur pour assurer la r\u00e9p\u00e9tabilit\u00e9.<\/p>\n<p>Logiciel convivial : bas\u00e9 sur Windows 10 pour une utilisation et une tra\u00e7abilit\u00e9 faciles.<\/p>\n<p>Table de mouvement XYZ : \u00c9quip\u00e9e de vis \u00e0 billes et de guides lin\u00e9aires pour un mouvement pr\u00e9cis de la carte de circuit imprim\u00e9.<\/p>\n<p>Servomoteurs et moteurs pas \u00e0 pas : Fournissent une puissance stable pour des mouvements avec un positionnement pr\u00e9cis.<\/p>\n<p>Valve de jetting de flux import\u00e9e : S'adapte \u00e0 diff\u00e9rents types de flux pour une performance fiable.<\/p>\n<p>Surveillance en temps r\u00e9el : Une cam\u00e9ra en direct permet de surveiller visuellement le processus.<\/p>","protected":false},"excerpt":{"rendered":"<p>La MSO-300 est une machine de brasage s\u00e9lectif hors ligne \u00e0 grande vitesse, con\u00e7ue pour offrir une qualit\u00e9 de soudage exceptionnelle avec une machine compacte tout-en-un. Elle combine le fluxage s\u00e9lectif et le brasage sur la m\u00eame table \u00e0 mouvement XYZ, offrant flexibilit\u00e9 et efficacit\u00e9 dans l'int\u00e9gration de la ligne de production. Le syst\u00e8me est enti\u00e8rement contr\u00f4l\u00e9 par un PC, ce qui facilite le r\u00e9glage, l'enregistrement et la tra\u00e7abilit\u00e9 des param\u00e8tres, garantissant ainsi une qualit\u00e9 de brasage constante.<\/p>","protected":false},"featured_media":21696,"comment_status":"open","ping_status":"closed","template":"","meta":{"iawp_total_views":91},"etheme_brands":[],"product_brand":[],"product_cat":[139,138],"product_tag":[],"class_list":{"0":"post-21891","1":"product","2":"type-product","3":"status-publish","4":"has-post-thumbnail","6":"product_cat-selective-wave-soldering","7":"product_cat-wave-soldering","9":"first","10":"instock","11":"shipping-taxable","12":"product-type-simple"},"_links":{"self":[{"href":"https:\/\/v2smt.com\/fr\/wp-json\/wp\/v2\/product\/21891","targetHints":{"allow":["GET"]}}],"collection":[{"href":"https:\/\/v2smt.com\/fr\/wp-json\/wp\/v2\/product"}],"about":[{"href":"https:\/\/v2smt.com\/fr\/wp-json\/wp\/v2\/types\/product"}],"replies":[{"embeddable":true,"href":"https:\/\/v2smt.com\/fr\/wp-json\/wp\/v2\/comments?post=21891"}],"version-history":[{"count":0,"href":"https:\/\/v2smt.com\/fr\/wp-json\/wp\/v2\/product\/21891\/revisions"}],"wp:featuredmedia":[{"embeddable":true,"href":"https:\/\/v2smt.com\/fr\/wp-json\/wp\/v2\/media\/21696"}],"wp:attachment":[{"href":"https:\/\/v2smt.com\/fr\/wp-json\/wp\/v2\/media?parent=21891"}],"wp:term":[{"taxonomy":"brand","embeddable":true,"href":"https:\/\/v2smt.com\/fr\/wp-json\/wp\/v2\/etheme_brands?post=21891"},{"taxonomy":"product_brand","embeddable":true,"href":"https:\/\/v2smt.com\/fr\/wp-json\/wp\/v2\/product_brand?post=21891"},{"taxonomy":"product_cat","embeddable":true,"href":"https:\/\/v2smt.com\/fr\/wp-json\/wp\/v2\/product_cat?post=21891"},{"taxonomy":"product_tag","embeddable":true,"href":"https:\/\/v2smt.com\/fr\/wp-json\/wp\/v2\/product_tag?post=21891"}],"curies":[{"name":"wp","href":"https:\/\/api.w.org\/{rel}","templated":true}]}}