{"id":21889,"date":"2024-07-23T15:33:52","date_gmt":"2024-07-23T15:33:52","guid":{"rendered":"https:\/\/v2smt.com\/?post_type=product&#038;p=21889"},"modified":"2024-08-22T17:03:57","modified_gmt":"2024-08-22T17:03:57","slug":"sm-sp300p-solder-paste-cabinet","status":"publish","type":"product","link":"https:\/\/v2smt.com\/fr\/products\/sm-sp300p-solder-paste-cabinet\/","title":{"rendered":"SM-SP300P Armoire \u00e0 p\u00e2te \u00e0 braser"},"content":{"rendered":"<p>Gestion automatis\u00e9e de la temp\u00e9rature : Maintient des conditions optimales pour la pr\u00e9servation de la p\u00e2te \u00e0 braser.<\/p>\n<p>Acc\u00e8s s\u00e9curis\u00e9 par empreintes digitales : Renforce la s\u00e9curit\u00e9 gr\u00e2ce \u00e0 l'identification biom\u00e9trique pour le personnel autoris\u00e9 uniquement.<\/p>\n<p>Syst\u00e8me de stockage intelligent : Un tiroir permet de ranger jusqu'\u00e0 300 flacons de p\u00e2te \u00e0 souder de mani\u00e8re organis\u00e9e et en couches successives.<\/p>\n<p>Int\u00e9gration MES\/SFCS : Facilite l'\u00e9change de donn\u00e9es en temps r\u00e9el pour am\u00e9liorer le suivi et l'efficacit\u00e9 de la production.<\/p>\n<p>Syst\u00e8me d'alarme automatis\u00e9 : \u00c9quip\u00e9 d'un voyant d'alarme tricolore et d'un avertisseur sonore pour une alerte imm\u00e9diate en cas d'anomalie.<\/p>\n<p>Connectivit\u00e9 APP dans le nuage : Permet la surveillance et le contr\u00f4le \u00e0 distance par le biais d'applications bas\u00e9es sur l'informatique en nuage.<\/p>\n<p>Gestion avanc\u00e9e des flux de travail : Rationalise les op\u00e9rations, de l'alimentation \u00e0 la collecte, gr\u00e2ce \u00e0 une supervision automatis\u00e9e qui permet d'\u00e9viter les erreurs humaines.<\/p>\n<p>Conception respectueuse de l'environnement : Ses syst\u00e8mes intelligents garantissent l'efficacit\u00e9 \u00e9nerg\u00e9tique et un impact minimal sur l'environnement.<\/p>\n<p>Interface utilisateur personnalisable : L'interface simplifi\u00e9e en chinois facilite l'utilisation et la navigation.<\/p>\n<p>Capacit\u00e9 IoT : Prend en charge l'IoT pour l'enregistrement et le t\u00e9l\u00e9chargement des donn\u00e9es, et l'int\u00e9gration avec MES pour une gestion compl\u00e8te de la tra\u00e7abilit\u00e9.<\/p>","protected":false},"excerpt":{"rendered":"<p>L'armoire \u00e0 p\u00e2te \u00e0 braser SM-SP300P de Shenzhen Shanmu Automation Equipment Co. est une solution de stockage de pointe con\u00e7ue pour optimiser la gestion de la p\u00e2te \u00e0 braser dans les industries SMT. Cette armoire intelligente assure un flux de travail continu gr\u00e2ce \u00e0 son contr\u00f4le automatis\u00e9 de la temp\u00e9rature, \u00e0 son stockage de pr\u00e9cision et \u00e0 ses fonctions de s\u00e9curit\u00e9 avanc\u00e9es, r\u00e9pondant ainsi aux exigences des environnements de fabrication de haute technologie.<\/p>","protected":false},"featured_media":21710,"comment_status":"open","ping_status":"closed","template":"","meta":{"iawp_total_views":254},"etheme_brands":[],"product_brand":[],"product_cat":[134],"product_tag":[],"class_list":{"0":"post-21889","1":"product","2":"type-product","3":"status-publish","4":"has-post-thumbnail","6":"product_cat-solder-paste-cabinet","8":"first","9":"instock","10":"shipping-taxable","11":"product-type-simple"},"_links":{"self":[{"href":"https:\/\/v2smt.com\/fr\/wp-json\/wp\/v2\/product\/21889","targetHints":{"allow":["GET"]}}],"collection":[{"href":"https:\/\/v2smt.com\/fr\/wp-json\/wp\/v2\/product"}],"about":[{"href":"https:\/\/v2smt.com\/fr\/wp-json\/wp\/v2\/types\/product"}],"replies":[{"embeddable":true,"href":"https:\/\/v2smt.com\/fr\/wp-json\/wp\/v2\/comments?post=21889"}],"version-history":[{"count":0,"href":"https:\/\/v2smt.com\/fr\/wp-json\/wp\/v2\/product\/21889\/revisions"}],"wp:featuredmedia":[{"embeddable":true,"href":"https:\/\/v2smt.com\/fr\/wp-json\/wp\/v2\/media\/21710"}],"wp:attachment":[{"href":"https:\/\/v2smt.com\/fr\/wp-json\/wp\/v2\/media?parent=21889"}],"wp:term":[{"taxonomy":"brand","embeddable":true,"href":"https:\/\/v2smt.com\/fr\/wp-json\/wp\/v2\/etheme_brands?post=21889"},{"taxonomy":"product_brand","embeddable":true,"href":"https:\/\/v2smt.com\/fr\/wp-json\/wp\/v2\/product_brand?post=21889"},{"taxonomy":"product_cat","embeddable":true,"href":"https:\/\/v2smt.com\/fr\/wp-json\/wp\/v2\/product_cat?post=21889"},{"taxonomy":"product_tag","embeddable":true,"href":"https:\/\/v2smt.com\/fr\/wp-json\/wp\/v2\/product_tag?post=21889"}],"curies":[{"name":"wp","href":"https:\/\/api.w.org\/{rel}","templated":true}]}}