{"id":21881,"date":"2024-07-23T15:33:52","date_gmt":"2024-07-23T15:33:52","guid":{"rendered":"https:\/\/v2smt.com\/?post_type=product&#038;p=21881"},"modified":"2024-08-22T17:03:57","modified_gmt":"2024-08-22T17:03:57","slug":"ms-360cl-inline-aqueous-cleaner","status":"publish","type":"product","link":"https:\/\/v2smt.com\/fr\/products\/ms-360cl-inline-aqueous-cleaner\/","title":{"rendered":"MS-360CL Nettoyeur aqueux en ligne"},"content":{"rendered":"<p>1. Fonctionnement en ligne : Rationalise le processus de nettoyage gr\u00e2ce \u00e0 un mode de production en ligne pour une efficacit\u00e9 \u00e9lev\u00e9e et une qualit\u00e9 de produit constante.<br \/>\n2. Sections de nettoyage avanc\u00e9es : Comprend des sections de lavage chimique, de rin\u00e7age \u00e0 l'eau DI et de s\u00e9chage \u00e0 l'air fort pour un nettoyage complet.<br \/>\n3. Conception modulaire : Offre une grande \u00e9volutivit\u00e9 et une grande souplesse pour r\u00e9pondre aux diverses exigences de capacit\u00e9 des clients.<br \/>\n4. Nettoyage \u00e9conomique : Utilise un principe de basse tension et de grand d\u00e9bit pour \u00e9conomiser les produits de nettoyage et r\u00e9duire les co\u00fbts de production.<br \/>\n5. Mat\u00e9riau r\u00e9sistant \u00e0 la corrosion : Fabriqu\u00e9 en PP durable et r\u00e9sistant \u00e0 la corrosion pour une plus grande long\u00e9vit\u00e9.<br \/>\n6. Interface conviviale : L'automate et l'\u00e9cran tactile offrent une plate-forme homme-machine intuitive et conviviale.<br \/>\n7. Syst\u00e8me de buses efficace : \u00c9quip\u00e9 de lames d'air \u00e0 haut rendement et \u00e0 faible bruit et de buses r\u00e9glables pour un nettoyage pr\u00e9cis.<br \/>\n8. Protection de l'environnement : Comprend une porte de r\u00e9glage de l'\u00e9chappement et un syst\u00e8me de r\u00e9cup\u00e9ration des produits de nettoyage, ce qui r\u00e9duit l'impact sur l'environnement.<br \/>\n9. Personnalisable : Capable de traiter une gamme de tailles de produits avec des options personnalisables pour r\u00e9pondre \u00e0 des besoins sp\u00e9cifiques.<br \/>\n10. Service complet : Garantie de 12 mois, services de maintenance \u00e0 vie et assistance apr\u00e8s-vente rapide.<\/p>","protected":false},"excerpt":{"rendered":"<p>Am\u00e9liorez vos op\u00e9rations de nettoyage de PCBA avec le nettoyeur aqueux en ligne MS-360CL. Ce syst\u00e8me avanc\u00e9 offre une exp\u00e9rience de nettoyage in\u00e9gal\u00e9e gr\u00e2ce \u00e0 sa conception en ligne \u00e0 haute efficacit\u00e9, garantissant une qualit\u00e9 et une fiabilit\u00e9 constantes dans les processus de fabrication \u00e9lectronique.<\/p>","protected":false},"featured_media":21693,"comment_status":"open","ping_status":"closed","template":"","meta":{"iawp_total_views":44},"etheme_brands":[],"product_brand":[],"product_cat":[150],"product_tag":[],"class_list":{"0":"post-21881","1":"product","2":"type-product","3":"status-publish","4":"has-post-thumbnail","6":"product_cat-pcba-cleaning-machine","8":"first","9":"instock","10":"shipping-taxable","11":"product-type-simple"},"_links":{"self":[{"href":"https:\/\/v2smt.com\/fr\/wp-json\/wp\/v2\/product\/21881","targetHints":{"allow":["GET"]}}],"collection":[{"href":"https:\/\/v2smt.com\/fr\/wp-json\/wp\/v2\/product"}],"about":[{"href":"https:\/\/v2smt.com\/fr\/wp-json\/wp\/v2\/types\/product"}],"replies":[{"embeddable":true,"href":"https:\/\/v2smt.com\/fr\/wp-json\/wp\/v2\/comments?post=21881"}],"version-history":[{"count":0,"href":"https:\/\/v2smt.com\/fr\/wp-json\/wp\/v2\/product\/21881\/revisions"}],"wp:featuredmedia":[{"embeddable":true,"href":"https:\/\/v2smt.com\/fr\/wp-json\/wp\/v2\/media\/21693"}],"wp:attachment":[{"href":"https:\/\/v2smt.com\/fr\/wp-json\/wp\/v2\/media?parent=21881"}],"wp:term":[{"taxonomy":"brand","embeddable":true,"href":"https:\/\/v2smt.com\/fr\/wp-json\/wp\/v2\/etheme_brands?post=21881"},{"taxonomy":"product_brand","embeddable":true,"href":"https:\/\/v2smt.com\/fr\/wp-json\/wp\/v2\/product_brand?post=21881"},{"taxonomy":"product_cat","embeddable":true,"href":"https:\/\/v2smt.com\/fr\/wp-json\/wp\/v2\/product_cat?post=21881"},{"taxonomy":"product_tag","embeddable":true,"href":"https:\/\/v2smt.com\/fr\/wp-json\/wp\/v2\/product_tag?post=21881"}],"curies":[{"name":"wp","href":"https:\/\/api.w.org\/{rel}","templated":true}]}}