{"id":21879,"date":"2024-07-23T15:33:52","date_gmt":"2024-07-23T15:33:52","guid":{"rendered":"https:\/\/v2smt.com\/?post_type=product&#038;p=21879"},"modified":"2024-08-22T17:03:57","modified_gmt":"2024-08-22T17:03:57","slug":"ms-100c-offline-pcba-water-cleaning-machine","status":"publish","type":"product","link":"https:\/\/v2smt.com\/fr\/products\/ms-100c-offline-pcba-water-cleaning-machine\/","title":{"rendered":"MS-100C Machine de nettoyage \u00e0 l'eau des PCBA hors ligne"},"content":{"rendered":"<p>Technologies de nettoyage avanc\u00e9es : Int\u00e8gre le tout dernier processus de nettoyage hors ligne American TDC pour une grande efficacit\u00e9.<\/p>\n<p>Conception humanis\u00e9e : L'installation et l'entretien des composants tels que les ventilateurs et les filtres sont facilit\u00e9s.<\/p>\n<p>Syst\u00e8me de nettoyage complet : Nettoie en profondeur les r\u00e9sidus organiques et inorganiques des surfaces des produits.<\/p>\n<p>Processus enti\u00e8rement automatis\u00e9 : Comprend le nettoyage, le rin\u00e7age et le s\u00e9chage dans une seule chambre pour plus de commodit\u00e9.<\/p>\n<p>Fen\u00eatres de visualisation : Permet de surveiller en toute transparence le processus de nettoyage gr\u00e2ce \u00e0 l'\u00e9clairage LED.<\/p>\n<p>Conception scientifique de la buse : Am\u00e9liore l'efficacit\u00e9 du nettoyage et \u00e9limine les angles morts gr\u00e2ce \u00e0 une distribution progressive.<\/p>\n<p>Pression r\u00e9glable de la buse : R\u00e9duit le risque d'endommager les produits de petite taille lors d'un nettoyage \u00e0 haute pression.<\/p>\n<p>Syst\u00e8me de chauffage du r\u00e9servoir de dilution : Am\u00e9liore les performances de nettoyage et r\u00e9duit la dur\u00e9e des cycles.<\/p>\n<p>Grand \u00e9cran tactile : Offre un fonctionnement stable et convivial pour le r\u00e9glage des param\u00e8tres de nettoyage.<\/p>\n<p>Normes de propret\u00e9 \u00e9lev\u00e9es : Conforme aux niveaux de propret\u00e9 IPC-610D et MIL-28809.<\/p>","protected":false},"excerpt":{"rendered":"<p>La machine de nettoyage \u00e0 l'eau des PCBA hors ligne MS-100C est une solution efficace et rentable con\u00e7ue pour le nettoyage par lots des produits \u00e9lectroniques. Elle est capable d'\u00e9liminer divers r\u00e9sidus tels que les r\u00e9sidus solubles dans l'eau, le RMA, le flux sans plomb non nettoy\u00e9 et les empreintes digitales. Int\u00e9grant un concept de processus de nettoyage \u00e0 basse pression et \u00e0 haut d\u00e9bit hors ligne TDC am\u00e9ricain, le MS-100C garantit une grande efficacit\u00e9 de nettoyage et de faibles co\u00fbts op\u00e9rationnels, ce qui en fait un concurrent redoutable sur le march\u00e9 national des machines de nettoyage.<\/p>","protected":false},"featured_media":21908,"comment_status":"open","ping_status":"closed","template":"","meta":{"iawp_total_views":60},"etheme_brands":[],"product_brand":[],"product_cat":[150],"product_tag":[],"class_list":{"0":"post-21879","1":"product","2":"type-product","3":"status-publish","4":"has-post-thumbnail","6":"product_cat-pcba-cleaning-machine","8":"first","9":"instock","10":"shipping-taxable","11":"product-type-simple"},"_links":{"self":[{"href":"https:\/\/v2smt.com\/fr\/wp-json\/wp\/v2\/product\/21879","targetHints":{"allow":["GET"]}}],"collection":[{"href":"https:\/\/v2smt.com\/fr\/wp-json\/wp\/v2\/product"}],"about":[{"href":"https:\/\/v2smt.com\/fr\/wp-json\/wp\/v2\/types\/product"}],"replies":[{"embeddable":true,"href":"https:\/\/v2smt.com\/fr\/wp-json\/wp\/v2\/comments?post=21879"}],"version-history":[{"count":0,"href":"https:\/\/v2smt.com\/fr\/wp-json\/wp\/v2\/product\/21879\/revisions"}],"wp:featuredmedia":[{"embeddable":true,"href":"https:\/\/v2smt.com\/fr\/wp-json\/wp\/v2\/media\/21908"}],"wp:attachment":[{"href":"https:\/\/v2smt.com\/fr\/wp-json\/wp\/v2\/media?parent=21879"}],"wp:term":[{"taxonomy":"brand","embeddable":true,"href":"https:\/\/v2smt.com\/fr\/wp-json\/wp\/v2\/etheme_brands?post=21879"},{"taxonomy":"product_brand","embeddable":true,"href":"https:\/\/v2smt.com\/fr\/wp-json\/wp\/v2\/product_brand?post=21879"},{"taxonomy":"product_cat","embeddable":true,"href":"https:\/\/v2smt.com\/fr\/wp-json\/wp\/v2\/product_cat?post=21879"},{"taxonomy":"product_tag","embeddable":true,"href":"https:\/\/v2smt.com\/fr\/wp-json\/wp\/v2\/product_tag?post=21879"}],"curies":[{"name":"wp","href":"https:\/\/api.w.org\/{rel}","templated":true}]}}