{"id":21863,"date":"2024-07-23T15:33:51","date_gmt":"2024-07-23T15:33:51","guid":{"rendered":"https:\/\/v2smt.com\/?post_type=product&#038;p=21863"},"modified":"2024-08-22T17:03:56","modified_gmt":"2024-08-22T17:03:56","slug":"pcb-router-machine-j-500","status":"publish","type":"product","link":"https:\/\/v2smt.com\/fr\/products\/pcb-router-machine-j-500\/","title":{"rendered":"Machine \u00e0 router les circuits imprim\u00e9s J-500"},"content":{"rendered":"<p>1. Vis \u00e0 billes de qualit\u00e9 broyage : Qualit\u00e9 C5 pour un mouvement en douceur.<br \/>\n2. Rail de guidage silencieux HIWIN : assure un mouvement lin\u00e9aire silencieux et pr\u00e9cis.<br \/>\n3. Servomoteur Panasonic A6 : Moteurs japonais haute performance.<br \/>\n4. Capteur photo\u00e9lectrique : JAI JUEN pour une d\u00e9tection fiable.<br \/>\n5. Axes \u00e0 grande vitesse : X, Y \u00e0 1000 mm\/s ; Z \u00e0 800 mm\/s pour une coupe rapide.<br \/>\n6. Programmation assist\u00e9e par CCD : Programmation visuelle avec importation Gerber.<br \/>\n7. Contr\u00f4le de mouvement \u00e0 quatre axes : Interpolation pour les coupes complexes.<br \/>\n8. Syst\u00e8me d'exploitation Windows 10 : Interface famili\u00e8re et avanc\u00e9e.<br \/>\n9. Cam\u00e9ra CCD Hikvision : Imagerie \u00e0 haute r\u00e9solution pour plus de pr\u00e9cision.<br \/>\n10. Aspirateur de caisson de basse 5HP : Aspiration efficace de la poussi\u00e8re.<br \/>\n11. Pistolet \u00e0 air ionique \u00e9lectrostatique : Pour le d\u00e9poussi\u00e9rage des pi\u00e8ces pr\u00e9d\u00e9coup\u00e9es.<br \/>\n12. Broche de fendage + convertisseur de fr\u00e9quence : options de coupe polyvalentes.<br \/>\n13. Capteur de porte magn\u00e9tique Omron : Dispositif de s\u00e9curit\u00e9 fabriqu\u00e9 au Japon.<br \/>\n14. Interrupteur d'arr\u00eat d'urgence : S\u00e9curit\u00e9 \u00e0 r\u00e9ponse rapide.<br \/>\n15. Support MES : Int\u00e9gration avec les syst\u00e8mes d'ex\u00e9cution de la fabrication.<\/p>","protected":false},"excerpt":{"rendered":"<p>La machine de d\u00e9coupe de circuits imprim\u00e9s J500 est une solution de d\u00e9coupe sophistiqu\u00e9e con\u00e7ue pour la s\u00e9paration pr\u00e9cise des circuits imprim\u00e9s. Elle int\u00e8gre une commande de mouvement de pointe et des composants de haute qualit\u00e9 pour offrir une pr\u00e9cision et une efficacit\u00e9 exceptionnelles. Cette machine est \u00e9quip\u00e9e de fonctions avanc\u00e9es qui garantissent des performances de coupe exceptionnelles, r\u00e9pondant aux exigences de la fabrication de circuits imprim\u00e9s de haute pr\u00e9cision.<\/p>","protected":false},"featured_media":21703,"comment_status":"open","ping_status":"closed","template":"","meta":{"iawp_total_views":97},"etheme_brands":[],"product_brand":[],"product_cat":[160],"product_tag":[],"class_list":{"0":"post-21863","1":"product","2":"type-product","3":"status-publish","4":"has-post-thumbnail","6":"product_cat-pcb-router-machine","8":"first","9":"instock","10":"shipping-taxable","11":"product-type-simple"},"_links":{"self":[{"href":"https:\/\/v2smt.com\/fr\/wp-json\/wp\/v2\/product\/21863","targetHints":{"allow":["GET"]}}],"collection":[{"href":"https:\/\/v2smt.com\/fr\/wp-json\/wp\/v2\/product"}],"about":[{"href":"https:\/\/v2smt.com\/fr\/wp-json\/wp\/v2\/types\/product"}],"replies":[{"embeddable":true,"href":"https:\/\/v2smt.com\/fr\/wp-json\/wp\/v2\/comments?post=21863"}],"version-history":[{"count":0,"href":"https:\/\/v2smt.com\/fr\/wp-json\/wp\/v2\/product\/21863\/revisions"}],"wp:featuredmedia":[{"embeddable":true,"href":"https:\/\/v2smt.com\/fr\/wp-json\/wp\/v2\/media\/21703"}],"wp:attachment":[{"href":"https:\/\/v2smt.com\/fr\/wp-json\/wp\/v2\/media?parent=21863"}],"wp:term":[{"taxonomy":"brand","embeddable":true,"href":"https:\/\/v2smt.com\/fr\/wp-json\/wp\/v2\/etheme_brands?post=21863"},{"taxonomy":"product_brand","embeddable":true,"href":"https:\/\/v2smt.com\/fr\/wp-json\/wp\/v2\/product_brand?post=21863"},{"taxonomy":"product_cat","embeddable":true,"href":"https:\/\/v2smt.com\/fr\/wp-json\/wp\/v2\/product_cat?post=21863"},{"taxonomy":"product_tag","embeddable":true,"href":"https:\/\/v2smt.com\/fr\/wp-json\/wp\/v2\/product_tag?post=21863"}],"curies":[{"name":"wp","href":"https:\/\/api.w.org\/{rel}","templated":true}]}}