{"id":21861,"date":"2024-07-23T15:33:50","date_gmt":"2024-07-23T15:33:50","guid":{"rendered":"https:\/\/v2smt.com\/?post_type=product&#038;p=21861"},"modified":"2024-08-22T17:03:56","modified_gmt":"2024-08-22T17:03:56","slug":"q-600l-high-speed-dispenser-machine","status":"publish","type":"product","link":"https:\/\/v2smt.com\/fr\/products\/q-600l-high-speed-dispenser-machine\/","title":{"rendered":"Q-600L Distributeur \u00e0 grande vitesse"},"content":{"rendered":"<p>Caract\u00e9ristiques principales :<br \/>\n1. Commande par ordinateur : La machine utilise un syst\u00e8me contr\u00f4l\u00e9 par ordinateur avec un syst\u00e8me d'exploitation Windows 10, offrant une interface conviviale et un fonctionnement efficace.<br \/>\n2. Haute pr\u00e9cision : Il offre un niveau \u00e9lev\u00e9 de pr\u00e9cision de positionnement et de r\u00e9p\u00e9tition du positionnement, ce qui garantit des r\u00e9sultats de distribution pr\u00e9cis.<br \/>\n3. Syst\u00e8me d'entra\u00eenement avanc\u00e9 : \u00c9quip\u00e9e d'un servomoteur et d'une vis \u00e0 billes, la machine permet des mouvements rapides et pr\u00e9cis.<br \/>\n4. Vannes : Peut \u00eatre \u00e9quip\u00e9 de diff\u00e9rents types de vannes, y compris des vannes pneumatiques, pi\u00e9zo\u00e9lectriques et \u00e0 vis, pour traiter diff\u00e9rents mat\u00e9riaux et applications.<br \/>\n5. Contr\u00f4le automatique de la temp\u00e9rature : Le corps de la vanne est dot\u00e9 d'un syst\u00e8me de temp\u00e9rature constante automatique qui permet de maintenir un d\u00e9bit de mat\u00e9riau constant.<br \/>\n6. Programmation visuelle : Offre une programmation visuelle en ligne pour faciliter la configuration et l'utilisation.<br \/>\n7. Configurations optionnelles : Inclut des fonctions optionnelles telles que la d\u00e9tection laser de la hauteur, la protection antistatique ESD et le syst\u00e8me de mesure du poids de pr\u00e9cision pour am\u00e9liorer les performances et s'adapter aux diff\u00e9rents besoins de production.<\/p>","protected":false},"excerpt":{"rendered":"<p>La DESEN PRECISION Q600L est une machine de dosage multifonctionnelle \u00e0 grande vitesse con\u00e7ue pour des applications telles que le remplissage de fond SMT, l'emballage de composants, l'application de p\u00e2te \u00e0 braser et l'emballage de semi-conducteurs. Elle est \u00e9quip\u00e9e d'un syst\u00e8me contr\u00f4l\u00e9 par ordinateur, d'un syst\u00e8me d'exploitation Windows 10 et de fonctions avanc\u00e9es telles qu'un syst\u00e8me de positionnement visuel CCD, un entra\u00eenement par servomoteur et un syst\u00e8me de temp\u00e9rature constante automatique du corps de valve pour garantir une d\u00e9pose pr\u00e9cise et coh\u00e9rente. La machine propose \u00e9galement des configurations optionnelles telles que la d\u00e9tection laser de la hauteur et la protection antistatique ESD, ce qui en fait un outil polyvalent r\u00e9pondant \u00e0 divers besoins de fabrication.<\/p>","protected":false},"featured_media":21706,"comment_status":"open","ping_status":"closed","template":"","meta":{"iawp_total_views":137},"etheme_brands":[],"product_brand":[],"product_cat":[147],"product_tag":[],"class_list":{"0":"post-21861","1":"product","2":"type-product","3":"status-publish","4":"has-post-thumbnail","6":"product_cat-automatic-dispensing-machine","8":"first","9":"instock","10":"shipping-taxable","11":"product-type-simple"},"_links":{"self":[{"href":"https:\/\/v2smt.com\/fr\/wp-json\/wp\/v2\/product\/21861","targetHints":{"allow":["GET"]}}],"collection":[{"href":"https:\/\/v2smt.com\/fr\/wp-json\/wp\/v2\/product"}],"about":[{"href":"https:\/\/v2smt.com\/fr\/wp-json\/wp\/v2\/types\/product"}],"replies":[{"embeddable":true,"href":"https:\/\/v2smt.com\/fr\/wp-json\/wp\/v2\/comments?post=21861"}],"version-history":[{"count":0,"href":"https:\/\/v2smt.com\/fr\/wp-json\/wp\/v2\/product\/21861\/revisions"}],"wp:featuredmedia":[{"embeddable":true,"href":"https:\/\/v2smt.com\/fr\/wp-json\/wp\/v2\/media\/21706"}],"wp:attachment":[{"href":"https:\/\/v2smt.com\/fr\/wp-json\/wp\/v2\/media?parent=21861"}],"wp:term":[{"taxonomy":"brand","embeddable":true,"href":"https:\/\/v2smt.com\/fr\/wp-json\/wp\/v2\/etheme_brands?post=21861"},{"taxonomy":"product_brand","embeddable":true,"href":"https:\/\/v2smt.com\/fr\/wp-json\/wp\/v2\/product_brand?post=21861"},{"taxonomy":"product_cat","embeddable":true,"href":"https:\/\/v2smt.com\/fr\/wp-json\/wp\/v2\/product_cat?post=21861"},{"taxonomy":"product_tag","embeddable":true,"href":"https:\/\/v2smt.com\/fr\/wp-json\/wp\/v2\/product_tag?post=21861"}],"curies":[{"name":"wp","href":"https:\/\/api.w.org\/{rel}","templated":true}]}}