{"id":21859,"date":"2024-07-23T15:33:50","date_gmt":"2024-07-23T15:33:50","guid":{"rendered":"https:\/\/v2smt.com\/?post_type=product&#038;p=21859"},"modified":"2024-08-22T17:03:56","modified_gmt":"2024-08-22T17:03:56","slug":"q-600d-high-speed-dispenser-machine","status":"publish","type":"product","link":"https:\/\/v2smt.com\/fr\/products\/q-600d-high-speed-dispenser-machine\/","title":{"rendered":"Q-600D Distributeur \u00e0 grande vitesse"},"content":{"rendered":"<p>Caract\u00e9ristiques principales :<br \/>\n1. Commande par ordinateur avec syst\u00e8me d'exploitation Windows pour une utilisation intuitive.<br \/>\n2. Servomoteurs et vis \u00e0 billes pour un mouvement et un positionnement pr\u00e9cis.<br \/>\n3. Syst\u00e8me de positionnement visuel CCD pour une distribution pr\u00e9cise.<br \/>\n4. Etalonnage automatique pour maintenir la pr\u00e9cision de la distribution.<br \/>\n5. Vannes de pulv\u00e9risation pneumatiques, vannes pi\u00e9zo\u00e9lectriques et vannes \u00e0 vis pour divers besoins de distribution.<br \/>\n6. Syst\u00e8me de chauffage du corps de valve pour un \u00e9coulement r\u00e9gulier de l'adh\u00e9sif.<br \/>\n7. Options de programmation visuelle en ligne et de programmation hors ligne.<br \/>\n8. Syst\u00e8me de mesure de la hauteur par laser en option pour le r\u00e9glage automatique de l'axe Z.<br \/>\n9. Modules de pr\u00e9chauffage et de chauffage du fond pour une meilleure fluidit\u00e9 de l'adh\u00e9sif.<br \/>\n10. Syst\u00e8me de pes\u00e9e de pr\u00e9cision pour un contr\u00f4le pr\u00e9cis de la distribution.<br \/>\n11. Syst\u00e8me haute pression pour augmenter la pression d'entr\u00e9e de l'air.<br \/>\n12. Conformit\u00e9 aux normes de s\u00e9curit\u00e9, y compris la certification CE.<br \/>\n13. Interfaces de communication pour la connectivit\u00e9 et l'\u00e9change de donn\u00e9es.<br \/>\n14. Syst\u00e8me de bande transporteuse \u00e0 haute temp\u00e9rature pour une manipulation efficace des pi\u00e8ces.<br \/>\n15. Alarme de d\u00e9faut et affichage des menus pour la surveillance et le contr\u00f4le des op\u00e9rations.<\/p>\n<p>&nbsp;<\/p>","protected":false},"excerpt":{"rendered":"<p>La DESEN Precision Q600D est une machine de dosage \u00e0 grande vitesse con\u00e7ue pour des applications de pr\u00e9cision dans l'industrie \u00e9lectronique. De construction robuste, elle est \u00e9quip\u00e9e de fonctions avanc\u00e9es telles qu'un syst\u00e8me contr\u00f4l\u00e9 par ordinateur fonctionnant sous Windows, un syst\u00e8me de positionnement visuel CCD pour un alignement pr\u00e9cis, et des servomoteurs pour des mouvements pr\u00e9cis. La machine offre un large \u00e9ventail de possibilit\u00e9s de dosage et est capable de traiter diff\u00e9rents types de valves et d'adh\u00e9sifs.<\/p>","protected":false},"featured_media":21706,"comment_status":"open","ping_status":"closed","template":"","meta":{"iawp_total_views":87},"etheme_brands":[],"product_brand":[],"product_cat":[147],"product_tag":[],"class_list":{"0":"post-21859","1":"product","2":"type-product","3":"status-publish","4":"has-post-thumbnail","6":"product_cat-automatic-dispensing-machine","8":"first","9":"instock","10":"shipping-taxable","11":"product-type-simple"},"_links":{"self":[{"href":"https:\/\/v2smt.com\/fr\/wp-json\/wp\/v2\/product\/21859","targetHints":{"allow":["GET"]}}],"collection":[{"href":"https:\/\/v2smt.com\/fr\/wp-json\/wp\/v2\/product"}],"about":[{"href":"https:\/\/v2smt.com\/fr\/wp-json\/wp\/v2\/types\/product"}],"replies":[{"embeddable":true,"href":"https:\/\/v2smt.com\/fr\/wp-json\/wp\/v2\/comments?post=21859"}],"version-history":[{"count":0,"href":"https:\/\/v2smt.com\/fr\/wp-json\/wp\/v2\/product\/21859\/revisions"}],"wp:featuredmedia":[{"embeddable":true,"href":"https:\/\/v2smt.com\/fr\/wp-json\/wp\/v2\/media\/21706"}],"wp:attachment":[{"href":"https:\/\/v2smt.com\/fr\/wp-json\/wp\/v2\/media?parent=21859"}],"wp:term":[{"taxonomy":"brand","embeddable":true,"href":"https:\/\/v2smt.com\/fr\/wp-json\/wp\/v2\/etheme_brands?post=21859"},{"taxonomy":"product_brand","embeddable":true,"href":"https:\/\/v2smt.com\/fr\/wp-json\/wp\/v2\/product_brand?post=21859"},{"taxonomy":"product_cat","embeddable":true,"href":"https:\/\/v2smt.com\/fr\/wp-json\/wp\/v2\/product_cat?post=21859"},{"taxonomy":"product_tag","embeddable":true,"href":"https:\/\/v2smt.com\/fr\/wp-json\/wp\/v2\/product_tag?post=21859"}],"curies":[{"name":"wp","href":"https:\/\/api.w.org\/{rel}","templated":true}]}}