{"id":21853,"date":"2024-07-23T15:33:49","date_gmt":"2024-07-23T15:33:49","guid":{"rendered":"https:\/\/v2smt.com\/?post_type=product&#038;p=21853"},"modified":"2024-08-22T17:03:56","modified_gmt":"2024-08-22T17:03:56","slug":"t300-wave-soldering-machine","status":"publish","type":"product","link":"https:\/\/v2smt.com\/fr\/products\/t300-wave-soldering-machine\/","title":{"rendered":"Machine \u00e0 souder \u00e0 la vague T300"},"content":{"rendered":"<p>1. Conception \u00e9conome en \u00e9nergie - Conforme aux normes environnementales.<br \/>\n2. Syst\u00e8me d'alimentation automatique - Contr\u00f4le de l'onduleur pour la charge de la carte.<br \/>\n3. Application pr\u00e9cise du flux - Buses japonaises contr\u00f4l\u00e9es par PLC.<br \/>\n4. Facilit\u00e9 d'entretien - Tiroir du conteneur de r\u00e9cup\u00e9ration du flux.<br \/>\n5. Transmission robuste - Vis r\u00e9glables, transmission stable.<br \/>\n6. M\u00e9canisme de soudure durable - Doigts \u00e0 rainure en V en alliage de titane.<br \/>\n7. Pr\u00e9chauffage avanc\u00e9 - Contr\u00f4le PID, temp\u00e9rature \u00e0 trois zones.<br \/>\n8. Conception modulaire - Entretien et nettoyage faciles.<br \/>\n6. Moteur de soudure \u00e0 haute fr\u00e9quence - import\u00e9, performances stables.<br \/>\n10. Pot de soudure r\u00e9sistant \u00e0 la corrosion - Roue en fonte, enveloppe d'oxydation.<br \/>\n11. Fusion rapide de la soudure - D\u00e9marrage de la minuterie de 90 minutes.<br \/>\n12. Nettoyeur de doigts automatique - Am\u00e9liore la long\u00e9vit\u00e9 de la machine.<br \/>\n13. Stockage des donn\u00e9es - Bo\u00eete noire pour les donn\u00e9es SPC.<br \/>\n14. Surveillance intelligente - Garantit la performance et la s\u00e9curit\u00e9.<\/p>","protected":false},"excerpt":{"rendered":"<p>La machine \u00e0 souder \u00e0 la vague T300, d\u00e9velopp\u00e9e par TYtech, est une solution \u00e9conome en \u00e9nergie et sans plomb, con\u00e7ue dans un souci de respect de l'environnement et de convivialit\u00e9. Elle est dot\u00e9e d'un syst\u00e8me d'alimentation automatique, d'une application pr\u00e9cise du flux et d'un m\u00e9canisme de brasage robuste en alliage de titane, ce qui garantit des performances et une fiabilit\u00e9 \u00e9lev\u00e9es.<\/p>","protected":false},"featured_media":21711,"comment_status":"open","ping_status":"closed","template":"","meta":{"iawp_total_views":125},"etheme_brands":[],"product_brand":[],"product_cat":[138],"product_tag":[],"class_list":{"0":"post-21853","1":"product","2":"type-product","3":"status-publish","4":"has-post-thumbnail","6":"product_cat-wave-soldering","8":"first","9":"instock","10":"shipping-taxable","11":"product-type-simple"},"_links":{"self":[{"href":"https:\/\/v2smt.com\/fr\/wp-json\/wp\/v2\/product\/21853","targetHints":{"allow":["GET"]}}],"collection":[{"href":"https:\/\/v2smt.com\/fr\/wp-json\/wp\/v2\/product"}],"about":[{"href":"https:\/\/v2smt.com\/fr\/wp-json\/wp\/v2\/types\/product"}],"replies":[{"embeddable":true,"href":"https:\/\/v2smt.com\/fr\/wp-json\/wp\/v2\/comments?post=21853"}],"version-history":[{"count":0,"href":"https:\/\/v2smt.com\/fr\/wp-json\/wp\/v2\/product\/21853\/revisions"}],"wp:featuredmedia":[{"embeddable":true,"href":"https:\/\/v2smt.com\/fr\/wp-json\/wp\/v2\/media\/21711"}],"wp:attachment":[{"href":"https:\/\/v2smt.com\/fr\/wp-json\/wp\/v2\/media?parent=21853"}],"wp:term":[{"taxonomy":"brand","embeddable":true,"href":"https:\/\/v2smt.com\/fr\/wp-json\/wp\/v2\/etheme_brands?post=21853"},{"taxonomy":"product_brand","embeddable":true,"href":"https:\/\/v2smt.com\/fr\/wp-json\/wp\/v2\/product_brand?post=21853"},{"taxonomy":"product_cat","embeddable":true,"href":"https:\/\/v2smt.com\/fr\/wp-json\/wp\/v2\/product_cat?post=21853"},{"taxonomy":"product_tag","embeddable":true,"href":"https:\/\/v2smt.com\/fr\/wp-json\/wp\/v2\/product_tag?post=21853"}],"curies":[{"name":"wp","href":"https:\/\/api.w.org\/{rel}","templated":true}]}}