{"id":21851,"date":"2024-07-23T15:33:49","date_gmt":"2024-07-23T15:33:49","guid":{"rendered":"https:\/\/v2smt.com\/?post_type=product&#038;p=21851"},"modified":"2024-08-22T17:03:56","modified_gmt":"2024-08-22T17:03:56","slug":"3d-spi-s8080","status":"publish","type":"product","link":"https:\/\/v2smt.com\/fr\/products\/3d-spi-s8080\/","title":{"rendered":"Machine d'inspection en ligne de la p\u00e2te \u00e0 braser S8080"},"content":{"rendered":"<p>1. Technologie PSLM : \u00c9limine l'usure m\u00e9canique et am\u00e9liore la pr\u00e9cision.<br \/>\n2. R\u00e9solution de d\u00e9tection \u00e9lev\u00e9e : Pr\u00e9cision de 0,37um, \u00e9chantillonnage 4-8x pour la r\u00e9p\u00e9tabilit\u00e9.<br \/>\n3. \u00c9clairage diffus en 3D : Permet de r\u00e9soudre les probl\u00e8mes d'ombrage et d'assurer une compatibilit\u00e9 polyvalente avec les substrats.<br \/>\n4. Source lumineuse active RVB 2D : Le syst\u00e8me brevet\u00e9 RGB Tune permet de r\u00e9duire le nombre de fausses alarmes.<br \/>\n5. Suivi dynamique de l'axe Z : R\u00e9sout les probl\u00e8mes de d\u00e9formation des circuits flexibles et des PCB.<br \/>\n6. Programmation conviviale : Configuration rapide et facile gr\u00e2ce au module Gerber.<br \/>\n7. Fonctionnement efficace : Une seule pression permet de r\u00e9duire le temps de formation.<br \/>\n8. Logiciel de contr\u00f4le statique des processus : SPC en temps r\u00e9el, divers formats d'exportation.<br \/>\n9. Cam\u00e9ra haute r\u00e9solution : 5M pixels pour une inspection d\u00e9taill\u00e9e.<br \/>\n10. Objectif t\u00e9l\u00e9centrique : Assure une qualit\u00e9 d'image constante sur l'ensemble du champ.<br \/>\n11. Vitesse de champ de vision rapide : 0,45 s par champ de vision pour un d\u00e9bit \u00e9lev\u00e9.<br \/>\n12. Option de source lumineuse RVB : Am\u00e9liore la d\u00e9tection des d\u00e9fauts sur divers substrats.<br \/>\n13. Compensation en temps r\u00e9el de l'axe Z : Standard pour la gestion des d\u00e9formations.<br \/>\n14. Plage de mesure polyvalente : De 100um \u00e0 460x460mm PCBs.<br \/>\n15. Mat\u00e9riel robuste : IPC haute performance avec Intel i7, 24 Go de RAM et Windows 10.<\/p>","protected":false},"excerpt":{"rendered":"<p>Le 3D SPI S8080 est une machine d'inspection de la p\u00e2te \u00e0 braser avanc\u00e9e qui combine la modulation spatiale programmable de la lumi\u00e8re (PSLM) et la profilom\u00e9trie \u00e0 mesure de phase pour r\u00e9aliser une inspection de haute pr\u00e9cision de la p\u00e2te \u00e0 braser. Elle est \u00e9quip\u00e9e d'une cam\u00e9ra de 5 millions de pixels, d'un objectif t\u00e9l\u00e9centrique et d'un syst\u00e8me de suivi dynamique en temps r\u00e9el de l'axe Z, ce qui permet de d\u00e9tecter avec pr\u00e9cision les d\u00e9fauts et le gauchissement des circuits imprim\u00e9s.<\/p>","protected":false},"featured_media":21681,"comment_status":"open","ping_status":"closed","template":"","meta":{"iawp_total_views":87},"etheme_brands":[],"product_brand":[],"product_cat":[135],"product_tag":[],"class_list":{"0":"post-21851","1":"product","2":"type-product","3":"status-publish","4":"has-post-thumbnail","6":"product_cat-solder-paste-inspection","8":"first","9":"instock","10":"shipping-taxable","11":"product-type-simple"},"_links":{"self":[{"href":"https:\/\/v2smt.com\/fr\/wp-json\/wp\/v2\/product\/21851","targetHints":{"allow":["GET"]}}],"collection":[{"href":"https:\/\/v2smt.com\/fr\/wp-json\/wp\/v2\/product"}],"about":[{"href":"https:\/\/v2smt.com\/fr\/wp-json\/wp\/v2\/types\/product"}],"replies":[{"embeddable":true,"href":"https:\/\/v2smt.com\/fr\/wp-json\/wp\/v2\/comments?post=21851"}],"version-history":[{"count":0,"href":"https:\/\/v2smt.com\/fr\/wp-json\/wp\/v2\/product\/21851\/revisions"}],"wp:featuredmedia":[{"embeddable":true,"href":"https:\/\/v2smt.com\/fr\/wp-json\/wp\/v2\/media\/21681"}],"wp:attachment":[{"href":"https:\/\/v2smt.com\/fr\/wp-json\/wp\/v2\/media?parent=21851"}],"wp:term":[{"taxonomy":"brand","embeddable":true,"href":"https:\/\/v2smt.com\/fr\/wp-json\/wp\/v2\/etheme_brands?post=21851"},{"taxonomy":"product_brand","embeddable":true,"href":"https:\/\/v2smt.com\/fr\/wp-json\/wp\/v2\/product_brand?post=21851"},{"taxonomy":"product_cat","embeddable":true,"href":"https:\/\/v2smt.com\/fr\/wp-json\/wp\/v2\/product_cat?post=21851"},{"taxonomy":"product_tag","embeddable":true,"href":"https:\/\/v2smt.com\/fr\/wp-json\/wp\/v2\/product_tag?post=21851"}],"curies":[{"name":"wp","href":"https:\/\/api.w.org\/{rel}","templated":true}]}}