{"id":21849,"date":"2024-07-23T15:33:49","date_gmt":"2024-07-23T15:33:49","guid":{"rendered":"https:\/\/v2smt.com\/?post_type=product&#038;p=21849"},"modified":"2024-08-22T17:03:56","modified_gmt":"2024-08-22T17:03:56","slug":"sinictek-2d-aoi-s510","status":"publish","type":"product","link":"https:\/\/v2smt.com\/fr\/products\/sinictek-2d-aoi-s510\/","title":{"rendered":"S510 Machine d'inspection optique automatis\u00e9e 2D"},"content":{"rendered":"<p>1. Cam\u00e9ra industrielle 5MP : Imagerie haute r\u00e9solution pour plus de d\u00e9tails.<br \/>\n2. Objectif t\u00e9l\u00e9centrique : Assure une qualit\u00e9 d'image constante.<br \/>\n3. Source lumineuse RVB : Optimise la visibilit\u00e9 pour les inspections.<br \/>\n4. R\u00e9solution de 15um : Capacit\u00e9 de d\u00e9tection de haute pr\u00e9cision.<br \/>\n5. 3630mm FOV : Champ de vision polyvalent pour les composants.<br \/>\n6. Conception \u00e0 voie unique : Processus d'inspection simplifi\u00e9.<br \/>\n7. Manipulation flexible des circuits imprim\u00e9s : S'adapte \u00e0 diff\u00e9rentes tailles de cartes.<br \/>\n8. Positionnement pr\u00e9cis : R\u00e9duit les fausses alarmes, s'adapte aux d\u00e9formations.<br \/>\n9. Fonction SPC puissante : Outils avanc\u00e9s de contr\u00f4le de la qualit\u00e9.<br \/>\n10. Mouvement du servomoteur : Contr\u00f4le pr\u00e9cis des axes X et Y.<br \/>\n11. S\u00e9curit\u00e9 compl\u00e8te : Comprend des instructions de s\u00e9curit\u00e9 et des dispositifs de verrouillage.<br \/>\n12. Logiciel convivial : Interface de type Windows, facile \u00e0 utiliser.<br \/>\n13. Prise en charge du r\u00e9seau : Protocole TCP\/IP pour un transfert d'images instantan\u00e9.<br \/>\n14. Ordinateur haut de gamme : Intel I7 CPU, 16GB RAM, SSD &amp; HDD storage.<br \/>\n15. Moniteur LCD de 21,5\u2033 : Affichage clair des op\u00e9rations.<\/p>","protected":false},"excerpt":{"rendered":"<p>La Sinictek 2D AOI S510 est une machine d'inspection optique automatique robuste dot\u00e9e d'une cam\u00e9ra CCD 5MP haute r\u00e9solution, d'un objectif t\u00e9l\u00e9centrique et d'algorithmes avanc\u00e9s pour une d\u00e9tection pr\u00e9cise. Elle r\u00e9pond \u00e0 divers besoins d'inspection gr\u00e2ce \u00e0 une manipulation flexible des circuits imprim\u00e9s et \u00e0 des outils SPC puissants.<\/p>","protected":false},"featured_media":21707,"comment_status":"open","ping_status":"closed","template":"","meta":{"iawp_total_views":67},"etheme_brands":[],"product_brand":[],"product_cat":[136],"product_tag":[],"class_list":{"0":"post-21849","1":"product","2":"type-product","3":"status-publish","4":"has-post-thumbnail","6":"product_cat-automated-optical-inspection","8":"first","9":"instock","10":"shipping-taxable","11":"product-type-simple"},"_links":{"self":[{"href":"https:\/\/v2smt.com\/fr\/wp-json\/wp\/v2\/product\/21849","targetHints":{"allow":["GET"]}}],"collection":[{"href":"https:\/\/v2smt.com\/fr\/wp-json\/wp\/v2\/product"}],"about":[{"href":"https:\/\/v2smt.com\/fr\/wp-json\/wp\/v2\/types\/product"}],"replies":[{"embeddable":true,"href":"https:\/\/v2smt.com\/fr\/wp-json\/wp\/v2\/comments?post=21849"}],"version-history":[{"count":0,"href":"https:\/\/v2smt.com\/fr\/wp-json\/wp\/v2\/product\/21849\/revisions"}],"wp:featuredmedia":[{"embeddable":true,"href":"https:\/\/v2smt.com\/fr\/wp-json\/wp\/v2\/media\/21707"}],"wp:attachment":[{"href":"https:\/\/v2smt.com\/fr\/wp-json\/wp\/v2\/media?parent=21849"}],"wp:term":[{"taxonomy":"brand","embeddable":true,"href":"https:\/\/v2smt.com\/fr\/wp-json\/wp\/v2\/etheme_brands?post=21849"},{"taxonomy":"product_brand","embeddable":true,"href":"https:\/\/v2smt.com\/fr\/wp-json\/wp\/v2\/product_brand?post=21849"},{"taxonomy":"product_cat","embeddable":true,"href":"https:\/\/v2smt.com\/fr\/wp-json\/wp\/v2\/product_cat?post=21849"},{"taxonomy":"product_tag","embeddable":true,"href":"https:\/\/v2smt.com\/fr\/wp-json\/wp\/v2\/product_tag?post=21849"}],"curies":[{"name":"wp","href":"https:\/\/api.w.org\/{rel}","templated":true}]}}