{"id":21845,"date":"2024-07-23T15:33:48","date_gmt":"2024-07-23T15:33:48","guid":{"rendered":"https:\/\/v2smt.com\/?post_type=product&#038;p=21845"},"modified":"2024-08-22T17:03:55","modified_gmt":"2024-08-22T17:03:55","slug":"sebyb14b00-00-g5s-chip-mounter","status":"publish","type":"product","link":"https:\/\/v2smt.com\/fr\/products\/sebyb14b00-00-g5s-chip-mounter\/","title":{"rendered":"SEBYB14B00-00 Monteur de puces G5S"},"content":{"rendered":"<p>T\u00eate \u00e0 entra\u00eenement direct : placement \u00e0 grande vitesse et haute pr\u00e9cision avec une manipulation des composants de type tourelle.<br \/>\nEntra\u00eenement lin\u00e9aire double rigide : Assure un positionnement \u00e0 grande vitesse et de haute pr\u00e9cision avec un minimum d'entretien.<br \/>\nMouvement de surmultiplication : Optimise la production pour les applications \u00e0 forte mixit\u00e9 et \u00e0 faible volume avec des configurations familiales.<br \/>\nUnit\u00e9 d'alimentation en pi\u00e8ces multiples : S'adapte \u00e0 une large gamme de tailles de composants avec diff\u00e9rents types de chargeurs.<br \/>\nT\u00eates de formes bizarres extr\u00eames : Prend en charge les composants de grandes dimensions et de grandes hauteurs.<br \/>\nReconnaissance de haute pr\u00e9cision : Syst\u00e8mes de reconnaissance avanc\u00e9s pour diff\u00e9rents types de composants.<br \/>\nSyst\u00e8me LISA : Contr\u00f4le centralis\u00e9 des donn\u00e9es de la ligne et gestion des op\u00e9rations pour une production sans faille.<br \/>\nTechnologie ACV : Advanced Component Validation (validation avanc\u00e9e des composants) pour le contr\u00f4le des erreurs et la tra\u00e7abilit\u00e9.<br \/>\n\u00c9quilibre entre plusieurs lignes de produits : Un planificateur d'installation efficace et des fonctions d'installation par famille pour minimiser le temps d'installation.<br \/>\nRespect de l'environnement : Catalogue en papier recycl\u00e9 refl\u00e9tant l'engagement de YAMAHA en faveur de l'environnement.<\/p>","protected":false},"excerpt":{"rendered":"<p>L'appareil de montage de puces SEBYB14B00-00 G5S est un exemple de placement de composants \u00e0 grande vitesse et haute pr\u00e9cision, con\u00e7u pour des op\u00e9rations d'assemblage \u00e9lectronique diverses et complexes. Gr\u00e2ce \u00e0 sa t\u00eate \u00e0 entra\u00eenement direct (DDH) \u00e0 tr\u00e8s large plage, \u00e0 son entra\u00eenement lin\u00e9aire double rigide et \u00e0 ses chargeurs avanc\u00e9s, il s'adapte \u00e0 un large \u00e9ventail de tailles et de formes de composants, ce qui en fait un outil indispensable pour les lignes de fabrication modernes.<\/p>","protected":false},"featured_media":21708,"comment_status":"open","ping_status":"closed","template":"","meta":{"iawp_total_views":43},"etheme_brands":[],"product_brand":[],"product_cat":[131],"product_tag":[],"class_list":{"0":"post-21845","1":"product","2":"type-product","3":"status-publish","4":"has-post-thumbnail","6":"product_cat-pick-and-place","8":"first","9":"instock","10":"shipping-taxable","11":"product-type-simple"},"_links":{"self":[{"href":"https:\/\/v2smt.com\/fr\/wp-json\/wp\/v2\/product\/21845","targetHints":{"allow":["GET"]}}],"collection":[{"href":"https:\/\/v2smt.com\/fr\/wp-json\/wp\/v2\/product"}],"about":[{"href":"https:\/\/v2smt.com\/fr\/wp-json\/wp\/v2\/types\/product"}],"replies":[{"embeddable":true,"href":"https:\/\/v2smt.com\/fr\/wp-json\/wp\/v2\/comments?post=21845"}],"version-history":[{"count":0,"href":"https:\/\/v2smt.com\/fr\/wp-json\/wp\/v2\/product\/21845\/revisions"}],"wp:featuredmedia":[{"embeddable":true,"href":"https:\/\/v2smt.com\/fr\/wp-json\/wp\/v2\/media\/21708"}],"wp:attachment":[{"href":"https:\/\/v2smt.com\/fr\/wp-json\/wp\/v2\/media?parent=21845"}],"wp:term":[{"taxonomy":"brand","embeddable":true,"href":"https:\/\/v2smt.com\/fr\/wp-json\/wp\/v2\/etheme_brands?post=21845"},{"taxonomy":"product_brand","embeddable":true,"href":"https:\/\/v2smt.com\/fr\/wp-json\/wp\/v2\/product_brand?post=21845"},{"taxonomy":"product_cat","embeddable":true,"href":"https:\/\/v2smt.com\/fr\/wp-json\/wp\/v2\/product_cat?post=21845"},{"taxonomy":"product_tag","embeddable":true,"href":"https:\/\/v2smt.com\/fr\/wp-json\/wp\/v2\/product_tag?post=21845"}],"curies":[{"name":"wp","href":"https:\/\/api.w.org\/{rel}","templated":true}]}}