{"id":23382,"date":"2026-01-19T14:12:39","date_gmt":"2026-01-19T14:12:39","guid":{"rendered":"https:\/\/v2smt.com\/?post_type=product&#038;p=23382"},"modified":"2026-01-21T06:20:37","modified_gmt":"2026-01-21T06:20:37","slug":"sino-micro-vacuum-reflow-soldering-oven","status":"publish","type":"product","link":"https:\/\/v2smt.com\/es\/products\/sino-micro-vacuum-reflow-soldering-oven\/","title":{"rendered":"Horno de soldadura de reflujo en vac\u00edo Sino-micro"},"content":{"rendered":"<h1>Sino-micro Vacuum Reflow Soldering oven<\/h1>\n<div id=\"u136602\" class=\"module basic_product_detail\" data-wait-animation=\"\" data-animation-key=\"j-136602\">\n<div class=\"basic_product_detail\">\n<div class=\"view_pattern_pc pc_iframe_preview\">\n<div class=\"product_specific_wrap product_specific_wrap_0\">\n<div class=\"product_specific_content\">\n<div id=\"detail_content_word_wrap\" class=\"detail_specfic_panel ul-set\">\n<div class=\"detail_specfic_panel_item\">\n<div id=\"u136602\" class=\"module basic_product_detail\" data-wait-animation=\"\" data-animation-key=\"j-136602\">\n<div class=\"basic_product_detail\">\n<div class=\"view_pattern_pc pc_iframe_preview\">\n<div class=\"product_specific_wrap product_specific_wrap_0\">\n<div class=\"product_specific_content\">\n<div class=\"detail_specific_tab_wrap\">\n<div class=\"detail_specific_tab\" data-active=\"true\">\n<h3 class=\"detail_main_title\">HWV series vacuum reflow oven <span style=\"font-size: 16px;\">Product Details<\/span><\/h3>\n<\/div>\n<\/div>\n<div id=\"detail_content_word_wrap\" class=\"detail_specfic_panel ul-set\">\n<div class=\"detail_specfic_panel_item\">\n<div>\n<table class=\"huawei68-table\" style=\"height: 1622px;\" width=\"1269\">\n<tbody>\n<tr class=\"firstRow\">\n<td>Model<\/td>\n<td>HWV-<\/p>\n<p>7213<\/td>\n<td>HWV-<\/p>\n<p>7213D<\/td>\n<td>HWV-<\/p>\n<p>7213L<\/td>\n<td>HWV-<\/p>\n<p>7213DL<\/td>\n<td>HWV-<\/p>\n<p>9214<\/td>\n<td>HWV-<\/p>\n<p>9214D<\/td>\n<td>HWV-<\/p>\n<p>9214L<\/td>\n<td>HWV-<\/p>\n<p>9214DL<\/td>\n<\/tr>\n<tr>\n<td colspan=\"9\">Body parameters GENERAL<\/td>\n<\/tr>\n<tr>\n<td>Outside Dimension(L*W*H)<\/td>\n<td>6860*1545<\/p>\n<p>*1565<\/td>\n<td>6860*1775<\/p>\n<p>*1565<\/td>\n<td>7060*1545<\/p>\n<p>*1565<\/td>\n<td>7060*1775<\/p>\n<p>*1565<\/td>\n<td>7925*1545<\/p>\n<p>*1565<\/td>\n<td>7925*1775<\/p>\n<p>*1565<\/td>\n<td>8125*1545<\/p>\n<p>*1565<\/td>\n<td>8125*1775<\/p>\n<p>*1565<\/td>\n<\/tr>\n<tr>\n<td>Standard Color<\/td>\n<td colspan=\"8\">White<\/td>\n<\/tr>\n<tr>\n<td>WeightWeight<\/td>\n<td>Approx.<\/p>\n<p>3000KG<\/td>\n<td>Approx.<\/p>\n<p>3500KG<\/td>\n<td>Approx.<\/p>\n<p>3100KG<\/td>\n<td>Approx.<\/p>\n<p>3600KG<\/td>\n<td>Approx.<\/p>\n<p>3400KG<\/td>\n<td>Approx.<\/p>\n<p>3900KG<\/td>\n<td>Approx.<\/p>\n<p>3500KG<\/td>\n<td>Approx.<\/p>\n<p>4000KG<\/td>\n<\/tr>\n<tr>\n<td>Number Of Heating Zones<\/td>\n<td colspan=\"4\">Up10(1IR) \/ Bottom9<\/td>\n<td colspan=\"4\">Up12(1IR) \/ Bottom11<\/td>\n<\/tr>\n<tr>\n<td>Length Of Heating Zones<\/td>\n<td>4235mm<\/td>\n<td>4235mm<\/td>\n<td>4335mm<\/td>\n<td>4335mm<\/td>\n<td>4985mm<\/td>\n<td>4985mm<\/td>\n<td>5085mm<\/td>\n<td>5085mm<\/td>\n<\/tr>\n<tr>\n<td>Number Of Cooling Zones<\/td>\n<td colspan=\"4\">Up3\/Bottom3 (Cool Air Conversion)<\/td>\n<td colspan=\"4\">Up4\/Bottom4 (Cool Air Conversion)<\/td>\n<\/tr>\n<tr>\n<td>Exhaust Volume<\/td>\n<td colspan=\"8\">10 m\u00b3 \/ min x 2 (channels) Exhausts<\/td>\n<\/tr>\n<tr>\n<td colspan=\"9\">Standard Feature Of control System<\/td>\n<\/tr>\n<tr>\n<td>Electric Supply Required<\/td>\n<td colspan=\"8\">3 phase, 380V 50\/60Hz (Optional: 3 phase, 220V 50\/60Hz optional)<\/td>\n<\/tr>\n<tr>\n<td>Gross Power<\/td>\n<td>105KW<\/td>\n<td>105KW<\/td>\n<td>105KW<\/td>\n<td>105KW<\/td>\n<td>125KW<\/td>\n<td>125KW<\/td>\n<td>125KW<\/td>\n<td>125KW<\/td>\n<\/tr>\n<tr>\n<td>Power For Warm Up<\/td>\n<td>85KW<\/td>\n<td>85KW<\/td>\n<td>85KW<\/td>\n<td>85KW<\/td>\n<td>85KW<\/td>\n<td>85KW<\/td>\n<td>85KW<\/td>\n<td>85KW<\/td>\n<\/tr>\n<tr>\n<td>Normal Power Consumption<\/td>\n<td>12-13KW<\/td>\n<td>13-14KW<\/td>\n<td>12-13KW<\/td>\n<td>13-14KW<\/td>\n<td>13-14KW<\/td>\n<td>13-15KW<\/td>\n<td>13-14KW<\/td>\n<td>13-15KW<\/td>\n<\/tr>\n<tr>\n<td>Vacuum Level<\/td>\n<td colspan=\"8\">\u22662mbar<\/td>\n<\/tr>\n<tr>\n<td>Warming Time<\/td>\n<td colspan=\"8\">\u226640 minutes<\/td>\n<\/tr>\n<tr>\n<td>Hot air temperature control range Temp. Setting Range<\/td>\n<td colspan=\"8\">Room Temp. &#8212; 350\u2103 (optional 400\u2103)<\/td>\n<\/tr>\n<tr>\n<td>Vacuum Temp. Setting Range<\/td>\n<td colspan=\"8\">Room Temp. &#8212; 300\u2103 (optional 350\u2103)<\/td>\n<\/tr>\n<tr>\n<td>Temperature Control Method<\/td>\n<td colspan=\"8\">PID close Loop Control + SSR Driving<\/td>\n<\/tr>\n<tr>\n<td>Temperature Control Precision<\/td>\n<td colspan=\"8\">\u00b1 1.0\u2103<\/td>\n<\/tr>\n<tr>\n<td>Temperature Deviation on PCB<\/td>\n<td colspan=\"8\">\u00b1 1.5\u2103<\/td>\n<\/tr>\n<tr>\n<td>Heating Element<\/td>\n<td colspan=\"8\">Special Heating elements For Long Life<\/td>\n<\/tr>\n<tr>\n<td>Data Storage<\/td>\n<td colspan=\"8\">Can store various production setting parameters and status Process Data and Status Storage<\/td>\n<\/tr>\n<tr>\n<td>Abnormal Alarm<\/td>\n<td colspan=\"8\">Abnormal Temperature (Extra-high \/ Extra-low Temp.)<\/td>\n<\/tr>\n<\/tbody>\n<\/table>\n<\/div>\n<div>\n<table class=\"huawei68-table\">\n<tbody>\n<tr class=\"firstRow\">\n<td>Model<\/td>\n<td>HWV-7213<\/td>\n<td>HWV-7213D<\/td>\n<td>HWV-7213L<\/td>\n<td>HWV-7213DL<\/td>\n<td>HWV-9214<\/td>\n<td>HWV-9214D<\/td>\n<td>HWV-9214L<\/td>\n<td>HWV-9214DL<\/td>\n<\/tr>\n<tr>\n<td colspan=\"9\">Standard Features Of conveyor System<\/td>\n<\/tr>\n<tr>\n<td>Rail Structure<\/td>\n<td colspan=\"8\">Subsection Integrated Type, a total of 3 sections of transport structure (heating, vacuum, cooling)<\/td>\n<\/tr>\n<tr>\n<td>Rang Width Of PCB<\/td>\n<td>min80mm-max450mm<\/td>\n<td>min80mm-max300mm<\/td>\n<td>min80mm-max450mm<\/td>\n<td>min80mm-max300mm<\/td>\n<td>min80mm-max450mm<\/td>\n<td>min80mm-max300mm<\/td>\n<td>min80mm-max450mm<\/td>\n<td>min80mm-max300mm<\/td>\n<\/tr>\n<tr>\n<td>Rang Length Of PCB<\/td>\n<td colspan=\"2\">min150mm-max450mm<\/td>\n<td colspan=\"2\">min150mm-max550mm<\/td>\n<td colspan=\"2\">min150mm-max450mm<\/td>\n<td colspan=\"2\">min150mm-max550mm<\/td>\n<\/tr>\n<tr>\n<td>Components Clearance<\/td>\n<td colspan=\"8\">PCB board 30\/bottom 30mm, Top 30\/Bottom 30mm<\/td>\n<\/tr>\n<tr>\n<td>Conveyor Direction<\/td>\n<td colspan=\"8\">Left to right L\u2192R (Option: Right to left R\u2192L)<\/td>\n<\/tr>\n<tr>\n<td>Transport rail fixed method Fixed Rail Side<\/td>\n<td colspan=\"8\">Front Rail Fixed<\/td>\n<\/tr>\n<tr>\n<td>PCB Transportation Methods PCB Transmission Agent<\/td>\n<td colspan=\"8\">Chain<\/td>\n<\/tr>\n<tr>\n<td>Conveyor Height<\/td>\n<td colspan=\"8\">900\u00b120mm<\/td>\n<\/tr>\n<tr>\n<td>Lubrication Auto-Afflux<\/td>\n<td colspan=\"8\">Standard configuration<\/td>\n<\/tr>\n<tr>\n<td colspan=\"9\">Process Gases N2<\/td>\n<\/tr>\n<tr>\n<td>N2 containment at Entry and Exit End<\/td>\n<td colspan=\"8\">Standard configuration<\/td>\n<\/tr>\n<tr>\n<td>Flux Reclaim System<\/td>\n<td colspan=\"8\">Standard configuration<\/td>\n<\/tr>\n<tr>\n<td>Nitrogen Flow Meter<\/td>\n<td colspan=\"8\">Standard configuration: float flowmeter control system; (Option: nitrogen adopts closed-loop control system)<\/td>\n<\/tr>\n<tr>\n<td>Oxygen Analyser<\/td>\n<td colspan=\"8\">Standard configuration<\/td>\n<\/tr>\n<tr>\n<td>Nitrogen Consumption [Standard]<\/td>\n<td>500PPM at 18-22m\u00b3\/hr<\/td>\n<td>500PPM at 21-25m\u00b3\/hr<\/td>\n<td>500PPM at 18-22m\u00b3\/hr<\/td>\n<td>500PPM at 21-25m\u00b3\/hr<\/td>\n<td>500PPM at 21-25m\u00b3\/hr<\/td>\n<td>500PPM at 25-30m\u00b3\/hr<\/td>\n<td>500PPM at 21-25m\u00b3\/hr<\/td>\n<td>500PPM at 25-30m\u00b3\/hr<\/td>\n<\/tr>\n<tr>\n<td colspan=\"9\">Note: The power indicated in the above BOM does not include the power of the vacuum pump and chiller.<\/td>\n<\/tr>\n<\/tbody>\n<\/table>\n<\/div>\n<\/div>\n<\/div>\n<\/div>\n<\/div>\n<\/div>\n<\/div>\n<\/div>\n<div id=\"u136603\" class=\"module basic_text_rich_type\" data-wait-animation=\"\" data-animation-key=\"j-136603\">\n<div class=\"basic_text_rich_type\">\n<div class=\"coverPart module_text_font_size_frame\">\n<div id=\"detail_content_word_wrap\" class=\"textEdit editDiv\">\n<div><\/div>\n<\/div>\n<\/div>\n<\/div>\n<\/div>\n<\/div>\n<\/div>\n<\/div>\n<\/div>\n<\/div>\n<\/div>\n<\/div>\n","protected":false},"excerpt":{"rendered":"<h1>Horno de soldadura de reflujo en vac\u00edo Sino-micro<\/h1>\n<p><!--more--><\/p>\n<p>Sino-micro Horno de soldadura por reflujo en vac\u00edo Ventajas:<\/p>\n<p>Este avanzado horno de soldadura por reflujo en vac\u00edo Sino-micro ha sido adoptado por l\u00edderes mundiales de la industria como Huawei y Foxconn, lo que demuestra su fiabilidad y rendimiento en entornos de fabricaci\u00f3n exigentes.<\/p>\n<p>Especificaciones t\u00e9cnicas:<br \/>\n- Rendimiento de vac\u00edo: Alcanza un nivel de vac\u00edo de hasta 1 mbar.<br \/>\n- Uniformidad de temperatura: Mantiene una consistencia de temperatura excepcional con desviaciones de \u2264\u00b10,3\u2103 en toda la zona de proceso.<br \/>\n- Protecci\u00f3n de nitr\u00f3geno en todo el proceso: Incorpora tecnolog\u00eda punta de blindaje de nitr\u00f3geno, introduciendo nitr\u00f3geno de alta pureza (contenido de ox\u00edgeno \u226450ppm) durante la soldadura. Esto evita eficazmente la oxidaci\u00f3n de los componentes y mejora significativamente la calidad de la uni\u00f3n soldada.<\/p>\n<p>Propuesta de valor principal:<br \/>\nOfrece extraordinarias mejoras del proceso al reducir dr\u00e1sticamente las tasas de formaci\u00f3n de huecos a \u22642%, garantizando una integridad y fiabilidad superiores del producto.<\/p>\n<p>&nbsp;<\/p>\n<p>El horno de soldadura de reflujo en vac\u00edo Sino-micro es una tecnolog\u00eda avanzada de uni\u00f3n por soldadura que mitiga significativamente la formaci\u00f3n de huecos y la porosidad en las uniones soldadas mediante la integraci\u00f3n de un entorno de vac\u00edo en el proceso de reflujo convencional. Esta metodolog\u00eda mejora la integridad de la uni\u00f3n intermet\u00e1lica, la conductividad t\u00e9rmica y la fiabilidad mec\u00e1nica, lo que la hace indispensable para aplicaciones de alto rendimiento. Se utiliza mucho en sistemas electr\u00f3nicos de alta potencia, avi\u00f3nica aeroespacial, m\u00f3dulos de potencia de automoci\u00f3n, dispositivos m\u00e9dicos implantables y envasado de semiconductores, donde se exigen normas de calidad muy estrictas, especialmente en lo que se refiere a la minimizaci\u00f3n de huecos (ratio de \u00e1rea &lt;0,5% seg\u00fan IPC-TM-650). El proceso se ve especialmente favorecido en escenarios que exigen \u00edndices de defectos ultrabajos para garantizar la estabilidad operativa a largo plazo en condiciones t\u00e9rmicas, vibratorias o corrosivas extremas.<\/p>","protected":false},"featured_media":23383,"comment_status":"open","ping_status":"closed","template":"","meta":{"iawp_total_views":738},"etheme_brands":[],"product_brand":[],"product_cat":[138],"product_tag":[],"class_list":{"0":"post-23382","1":"product","2":"type-product","3":"status-publish","4":"has-post-thumbnail","6":"product_cat-wave-soldering","8":"first","9":"instock","10":"shipping-taxable","11":"product-type-simple"},"_links":{"self":[{"href":"https:\/\/v2smt.com\/es\/wp-json\/wp\/v2\/product\/23382","targetHints":{"allow":["GET"]}}],"collection":[{"href":"https:\/\/v2smt.com\/es\/wp-json\/wp\/v2\/product"}],"about":[{"href":"https:\/\/v2smt.com\/es\/wp-json\/wp\/v2\/types\/product"}],"replies":[{"embeddable":true,"href":"https:\/\/v2smt.com\/es\/wp-json\/wp\/v2\/comments?post=23382"}],"version-history":[{"count":4,"href":"https:\/\/v2smt.com\/es\/wp-json\/wp\/v2\/product\/23382\/revisions"}],"predecessor-version":[{"id":23392,"href":"https:\/\/v2smt.com\/es\/wp-json\/wp\/v2\/product\/23382\/revisions\/23392"}],"wp:featuredmedia":[{"embeddable":true,"href":"https:\/\/v2smt.com\/es\/wp-json\/wp\/v2\/media\/23383"}],"wp:attachment":[{"href":"https:\/\/v2smt.com\/es\/wp-json\/wp\/v2\/media?parent=23382"}],"wp:term":[{"taxonomy":"brand","embeddable":true,"href":"https:\/\/v2smt.com\/es\/wp-json\/wp\/v2\/etheme_brands?post=23382"},{"taxonomy":"product_brand","embeddable":true,"href":"https:\/\/v2smt.com\/es\/wp-json\/wp\/v2\/product_brand?post=23382"},{"taxonomy":"product_cat","embeddable":true,"href":"https:\/\/v2smt.com\/es\/wp-json\/wp\/v2\/product_cat?post=23382"},{"taxonomy":"product_tag","embeddable":true,"href":"https:\/\/v2smt.com\/es\/wp-json\/wp\/v2\/product_tag?post=23382"}],"curies":[{"name":"wp","href":"https:\/\/api.w.org\/{rel}","templated":true}]}}