{"id":23350,"date":"2025-12-29T03:57:01","date_gmt":"2025-12-29T03:57:01","guid":{"rendered":"https:\/\/v2smt.com\/?post_type=product&#038;p=23350"},"modified":"2025-12-29T03:57:40","modified_gmt":"2025-12-29T03:57:40","slug":"vt-680-economic-offline-aoi-system","status":"publish","type":"product","link":"https:\/\/v2smt.com\/es\/products\/vt-680-economic-offline-aoi-system\/","title":{"rendered":"VT-680 Sistema econ\u00f3mico de AOI fuera de l\u00ednea"},"content":{"rendered":"<h1>VT-680 Sistema econ\u00f3mico de AOI fuera de l\u00ednea<\/h1>\n<h3><strong>Sistema AOI fuera de l\u00ednea VT-680<\/strong><\/h3>\n<p><strong>Inspecci\u00f3n de precisi\u00f3n para l\u00edneas de producci\u00f3n SMT y DIP<\/strong><\/p>\n<p>\ud83d\udd0d\u00a0<strong>Capacidades b\u00e1sicas<\/strong>:<\/p>\n<ol>\n<li><strong>Manipulaci\u00f3n vers\u00e1til de placas de circuito impreso<\/strong>\n<ul>\n<li>Acomoda tablas de\u00a0<strong>De 20\u00d720 mm a 450\u00d7350 mm<\/strong>\u00a0(grosor: 0,3-5,0 mm), que admiten uno, varios o\u00a0<strong>inspecci\u00f3n a doble cara<\/strong>\u00a0en un ciclo\u00a0<a class=\"citation-link\" href=\"https:\/\/yangcui319.cn.b2b168.com\/m\/supply\/v42012586.html\" rel=\"nofollow noopener\" target=\"_blank\"><img decoding=\"async\" class=\"citation-icon\" src=\"http:\/\/127.0.0.1:45001\/api\/images\/lu.png\" \/><\/a>\u00a0<a class=\"citation-link\" href=\"http:\/\/china.makepolo.com\/product-detail\/100342333146.html\" rel=\"nofollow noopener\" target=\"_blank\"><img decoding=\"async\" class=\"citation-icon\" src=\"http:\/\/127.0.0.1:45001\/api\/images\/lu.png\" \/><\/a>\u00a0<a class=\"citation-link\" href=\"https:\/\/www.hi1718.com\/product\/2013121713529147.html\" rel=\"nofollow noopener\" target=\"_blank\"><img decoding=\"async\" class=\"citation-icon\" src=\"http:\/\/127.0.0.1:45001\/api\/images\/lu.png\" \/><\/a>\u00a0.<\/li>\n<\/ul>\n<\/li>\n<li><strong>Detecci\u00f3n exhaustiva de defectos<\/strong>\n<ul>\n<li>Identifica\u00a0<strong>18+ defectos cr\u00edticos<\/strong>Faltan componentes, hay tombstoning, puentes, desalineaci\u00f3n, huecos de soldadura, doblado de patillas de CI y errores de polaridad.\u00a0<a class=\"citation-link\" href=\"https:\/\/www.hi1718.com\/product\/2013121713529147.html\" rel=\"nofollow noopener\" target=\"_blank\"><img decoding=\"async\" class=\"citation-icon\" src=\"http:\/\/127.0.0.1:45001\/api\/images\/lu.png\" \/><\/a>\u00a0.<\/li>\n<\/ul>\n<\/li>\n<li><strong>Alta precisi\u00f3n<\/strong>\n<ul>\n<li><strong>3MP<\/strong>\u00a0(1600\u00d71200) con\u00a0<strong>Resoluci\u00f3n de 18\u03bcm<\/strong>\u00a0e iluminaci\u00f3n LED multicanal\u00a0<a class=\"citation-link\" href=\"https:\/\/www.hi1718.com\/product\/2013121713529147.html\" rel=\"nofollow noopener\" target=\"_blank\"><img decoding=\"async\" class=\"citation-icon\" src=\"http:\/\/127.0.0.1:45001\/api\/images\/lu.png\" \/><\/a>\u00a0.<\/li>\n<li><strong>Velocidad de escaneado de 800 mm\/s<\/strong>\u00a0y\u00a0<strong>Precisi\u00f3n de posicionamiento &lt;8\u03bcm<\/strong>\u00a0con servomec\u00e1nica\u00a0<a class=\"citation-link\" href=\"https:\/\/www.hi1718.com\/product\/2013121713529147.html\" rel=\"nofollow noopener\" target=\"_blank\"><img decoding=\"async\" class=\"citation-icon\" src=\"http:\/\/127.0.0.1:45001\/api\/images\/lu.png\" \/><\/a>\u00a0.<\/li>\n<\/ul>\n<\/li>\n<\/ol>\n<p>\u2699\ufe0f\u00a0<strong>Principales ventajas<\/strong>:<\/p>\n<ul>\n<li><strong>Inspecci\u00f3n de doble cara y multi-PCB<\/strong>: Comprueba simult\u00e1neamente las dos caras de las placas o de varios paneles, lo que aumenta el rendimiento.\u00a0<a class=\"citation-link\" href=\"https:\/\/yangcui319.cn.b2b168.com\/m\/supply\/v42012586.html\" rel=\"nofollow noopener\" target=\"_blank\"><img decoding=\"async\" class=\"citation-icon\" src=\"http:\/\/127.0.0.1:45001\/api\/images\/lu.png\" \/><\/a>\u00a0<a class=\"citation-link\" href=\"http:\/\/china.makepolo.com\/product-detail\/100342333146.html\" rel=\"nofollow noopener\" target=\"_blank\"><img decoding=\"async\" class=\"citation-icon\" src=\"http:\/\/127.0.0.1:45001\/api\/images\/lu.png\" \/><\/a>\u00a0.<\/li>\n<li><strong>Complejidad de programaci\u00f3n cero<\/strong>: Sistema operativo Windows intuitivo con\u00a0<strong>Interfaz ingl\u00e9s\/chino<\/strong>\u00a0e informes automatizados de defectos\u00a0<a class=\"citation-link\" href=\"https:\/\/www.hi1718.com\/product\/2013121713529147.html\" rel=\"nofollow noopener\" target=\"_blank\"><img decoding=\"async\" class=\"citation-icon\" src=\"http:\/\/127.0.0.1:45001\/api\/images\/lu.png\" \/><\/a>\u00a0.<\/li>\n<li><strong>Despliegue flexible<\/strong>: Tama\u00f1o compacto (900\u00d71100\u00d71300 mm), funcionamiento fuera de l\u00ednea, y\u00a0<strong>Estabilidad 24\/7<\/strong>\u00a0(-10\u00b0C a 40\u00b0C)\u00a0<a class=\"citation-link\" href=\"https:\/\/www.hi1718.com\/product\/2013121713529147.html\" rel=\"nofollow noopener\" target=\"_blank\"><img decoding=\"async\" class=\"citation-icon\" src=\"http:\/\/127.0.0.1:45001\/api\/images\/lu.png\" \/><\/a>\u00a0<a class=\"citation-link\" href=\"https:\/\/www.ekt-tech.com\/product\/36.html\" rel=\"nofollow noopener\" target=\"_blank\"><img decoding=\"async\" class=\"citation-icon\" src=\"http:\/\/127.0.0.1:45001\/api\/images\/lu.png\" \/><\/a>\u00a0.<\/li>\n<li><strong>Probado en la industria<\/strong>: Con la confianza de los fabricantes de EMS\/Automotive con\u00a0<strong>1 a\u00f1o de garant\u00eda en todo el pa\u00eds<\/strong>\u00a0<a class=\"citation-link\" href=\"https:\/\/m.makepolo.com\/product\/100988453297.html\" rel=\"nofollow noopener\" target=\"_blank\"><img decoding=\"async\" class=\"citation-icon\" src=\"http:\/\/127.0.0.1:45001\/api\/images\/lu.png\" \/><\/a>\u00a0<a class=\"citation-link\" href=\"https:\/\/www.hi1718.com\/product\/2013121713529147.html\" rel=\"nofollow noopener\" target=\"_blank\"><img decoding=\"async\" class=\"citation-icon\" src=\"http:\/\/127.0.0.1:45001\/api\/images\/lu.png\" \/><\/a>\u00a0.<\/li>\n<\/ul>\n<blockquote><p><strong>\u00bfPor qu\u00e9 VT-680?<\/strong><br \/>\n<em>\u201cReduzca las tasas de escape de defectos mediante 90% con un sistema construido para l\u00edneas SMT\/DIP de alta mezcla. Ideal para fabricantes impulsados por los costes que necesitan una inspecci\u00f3n fiable y sencilla para el operario sin comprometer la precisi\u00f3n\u201d.\u201d<\/em><\/p><\/blockquote>\n<hr \/>\n<h3><strong>Llamada a la acci\u00f3n (CTA)<\/strong>:<\/h3>\n<p>\u2705\u00a0<strong>Impulse las consultas con<\/strong>:<\/p>\n<ul>\n<li><strong>Titular<\/strong>:\u00a0<em>\u201cElimine los defectos de PCB: Obtenga hoy mismo su presupuesto para la VT-680\u201d<\/em><\/li>\n<li><strong>Bot\u00f3n<\/strong>:\u00a0<strong>\u201cSolicitar demostraci\u00f3n en directo\u201d<\/strong>\u00a0o\u00a0<strong>\u201cDescargar hoja de especificaciones\u201d<\/strong><\/li>\n<li><strong>Incentivo<\/strong>:\u00a0<em>\u201cEvaluaci\u00f3n gratuita de aplicaciones: Optimice su rendimiento\u201d<\/em><\/li>\n<\/ul>\n<p>#OfflineAOI #PCBinspecci\u00f3n #SMTCalidad #VT680 #AOIm\u00e1quina #Electr\u00f3nicaFabricaci\u00f3n<\/p>\n<p><strong>Ideal para<\/strong>:<\/p>\n<ul>\n<li>Montaje SMT\/DIP de volumen medio<\/li>\n<li>Automoci\u00f3n, industria y electr\u00f3nica de consumo<\/li>\n<li>Priorizaci\u00f3n de las instalaciones\u00a0<strong>facilidad de uso<\/strong>\u00a0y\u00a0<strong>r\u00e1pido retorno de la inversi\u00f3n<\/strong><\/li>\n<\/ul>","protected":false},"excerpt":{"rendered":"<h2>VT-680 Sistema econ\u00f3mico de AOI fuera de l\u00ednea<\/h2>\n<p>Se trata de una m\u00e1quina de inspecci\u00f3n \u00f3ptica automatizada barata dise\u00f1ada para el control de calidad de precisi\u00f3n fuera de l\u00ednea en la fabricaci\u00f3n. Cuenta con una c\u00e1mara industrial digital inteligente de alta velocidad de 3MP con objetivo telec\u00e9ntrico e iluminaci\u00f3n LED RGB.<\/p>","protected":false},"featured_media":23351,"comment_status":"open","ping_status":"closed","template":"","meta":{"iawp_total_views":8},"etheme_brands":[],"product_brand":[],"product_cat":[136],"product_tag":[],"class_list":{"0":"post-23350","1":"product","2":"type-product","3":"status-publish","4":"has-post-thumbnail","6":"product_cat-automated-optical-inspection","8":"first","9":"instock","10":"shipping-taxable","11":"product-type-simple"},"_links":{"self":[{"href":"https:\/\/v2smt.com\/es\/wp-json\/wp\/v2\/product\/23350","targetHints":{"allow":["GET"]}}],"collection":[{"href":"https:\/\/v2smt.com\/es\/wp-json\/wp\/v2\/product"}],"about":[{"href":"https:\/\/v2smt.com\/es\/wp-json\/wp\/v2\/types\/product"}],"replies":[{"embeddable":true,"href":"https:\/\/v2smt.com\/es\/wp-json\/wp\/v2\/comments?post=23350"}],"version-history":[{"count":0,"href":"https:\/\/v2smt.com\/es\/wp-json\/wp\/v2\/product\/23350\/revisions"}],"wp:featuredmedia":[{"embeddable":true,"href":"https:\/\/v2smt.com\/es\/wp-json\/wp\/v2\/media\/23351"}],"wp:attachment":[{"href":"https:\/\/v2smt.com\/es\/wp-json\/wp\/v2\/media?parent=23350"}],"wp:term":[{"taxonomy":"brand","embeddable":true,"href":"https:\/\/v2smt.com\/es\/wp-json\/wp\/v2\/etheme_brands?post=23350"},{"taxonomy":"product_brand","embeddable":true,"href":"https:\/\/v2smt.com\/es\/wp-json\/wp\/v2\/product_brand?post=23350"},{"taxonomy":"product_cat","embeddable":true,"href":"https:\/\/v2smt.com\/es\/wp-json\/wp\/v2\/product_cat?post=23350"},{"taxonomy":"product_tag","embeddable":true,"href":"https:\/\/v2smt.com\/es\/wp-json\/wp\/v2\/product_tag?post=23350"}],"curies":[{"name":"wp","href":"https:\/\/api.w.org\/{rel}","templated":true}]}}