{"id":23345,"date":"2025-12-29T03:08:33","date_gmt":"2025-12-29T03:08:33","guid":{"rendered":"https:\/\/v2smt.com\/?post_type=product&#038;p=23345"},"modified":"2025-12-29T03:09:31","modified_gmt":"2025-12-29T03:09:31","slug":"vt-980-ai-powered-aoi-system","status":"publish","type":"product","link":"https:\/\/v2smt.com\/es\/products\/vt-980-ai-powered-aoi-system\/","title":{"rendered":"Sistema AOI con IA VT-980"},"content":{"rendered":"<h1>Sistema AOI con IA VT-980<\/h1>\n<p>Sistema AOI con IA VT-980<br \/>\nDetecci\u00f3n de defectos revolucionada: precisi\u00f3n de 20 MP + optimizaci\u00f3n de IA<\/p>\n<p>Caracter\u00edsticas principales:<br \/>\n1. Im\u00e1genes de ultra alta resoluci\u00f3n<br \/>\n- C\u00e1mara industrial de 20MP: Detecta defectos microsc\u00f3picos de hasta **10\u03bcm** (por ejemplo, puentes de soldadura, componentes que faltan, Tombstoning).<br \/>\n2. Programaci\u00f3n de IA real<br \/>\n- Configuraci\u00f3n inteligente de recetas: Aprendizaje autom\u00e1tico de dise\u00f1os de PCB \u2192 Programaci\u00f3n m\u00e1s r\u00e1pida 80% frente a AOI tradicional.<br \/>\n- Algoritmos de autooptimizaci\u00f3n: Reduce las llamadas falsas en \u226560% con aprendizaje continuo.<br \/>\n3. Inspecci\u00f3n ultrarr\u00e1pida<br \/>\n- Rendimiento de 0,25 s\/componente para placas de circuito impreso complejas HDI, FPC y r\u00edgido-flexibles.<\/p>\n<p>\u2699\ufe0f Ventajas l\u00edderes del sector:<br \/>\n- Tiempo de inactividad cero: La IA se adapta a las variaciones de los componentes (cambios de lote\/intercambios de proveedor).<br \/>\n- A prueba de futuro: Compatible con la miniaturizaci\u00f3n 01005 y PoP (paquete sobre paquete).<br \/>\n- Plug &amp; Inspect: configuraci\u00f3n de recetas en 5 minutos para placas nuevas.<\/p>\n<p>&gt; \u00bfPor qu\u00e9 VT-980?<br \/>\n&gt; \u201cReduzca dr\u00e1sticamente las tasas de escape a &lt;100ppm y reduzca la dependencia del operario en 50%. Dise\u00f1ado para fabricantes de Tier-1 EMS, automoci\u00f3n y aeroespacial que rechazan compromisos de calidad\u201d.\u201d<\/p>\n<p>Llamada a la acci\u00f3n espec\u00edfica:<br \/>\n\u2705 Conducir consultas con:<br \/>\n- Titular: \u201cConsiga cero fugas por defectos: Solicite hoy mismo su demostraci\u00f3n del VT-980\u201d<br \/>\n- Bot\u00f3n: \u201cObtener presupuesto | Ver la IA en acci\u00f3n\u201d<br \/>\n- Gancho clave: \u201cAn\u00e1lisis gratuito del ROI: Calcule su ahorro\u201d<\/p>\n<p>$#AOISistema #20MPAOI #AIAOI #PCInspecci\u00f3n #SMTCalidad #Electr\u00f3nicaFabricaci\u00f3n #CeroDefectos$<\/p>\n<p>Perfecto para:<br \/>\n- Los proveedores de SME se adaptan a la Industria 4.0<br \/>\n- Fabricantes de placas de circuito impreso para automoci\u00f3n (conformes con IATF 16949)<br \/>\n- L\u00edneas de producci\u00f3n de alta mezcla y complejidad<\/p>","protected":false},"excerpt":{"rendered":"<h2>Sistema AOI con IA VT-980<\/h2>\n<p>Se trata de una m\u00e1quina de inspecci\u00f3n \u00f3ptica automatizada avanzada AI dise\u00f1ada para el control de calidad de alta velocidad y precisi\u00f3n en la fabricaci\u00f3n. Incorpora una c\u00e1mara industrial digital inteligente de alta velocidad de 20 MP con objetivo telec\u00e9ntrico e iluminaci\u00f3n LED RGB.<\/p>","protected":false},"featured_media":23346,"comment_status":"open","ping_status":"closed","template":"","meta":{"iawp_total_views":8},"etheme_brands":[],"product_brand":[],"product_cat":[136],"product_tag":[],"class_list":{"0":"post-23345","1":"product","2":"type-product","3":"status-publish","4":"has-post-thumbnail","6":"product_cat-automated-optical-inspection","8":"first","9":"instock","10":"shipping-taxable","11":"product-type-simple"},"_links":{"self":[{"href":"https:\/\/v2smt.com\/es\/wp-json\/wp\/v2\/product\/23345","targetHints":{"allow":["GET"]}}],"collection":[{"href":"https:\/\/v2smt.com\/es\/wp-json\/wp\/v2\/product"}],"about":[{"href":"https:\/\/v2smt.com\/es\/wp-json\/wp\/v2\/types\/product"}],"replies":[{"embeddable":true,"href":"https:\/\/v2smt.com\/es\/wp-json\/wp\/v2\/comments?post=23345"}],"version-history":[{"count":0,"href":"https:\/\/v2smt.com\/es\/wp-json\/wp\/v2\/product\/23345\/revisions"}],"wp:featuredmedia":[{"embeddable":true,"href":"https:\/\/v2smt.com\/es\/wp-json\/wp\/v2\/media\/23346"}],"wp:attachment":[{"href":"https:\/\/v2smt.com\/es\/wp-json\/wp\/v2\/media?parent=23345"}],"wp:term":[{"taxonomy":"brand","embeddable":true,"href":"https:\/\/v2smt.com\/es\/wp-json\/wp\/v2\/etheme_brands?post=23345"},{"taxonomy":"product_brand","embeddable":true,"href":"https:\/\/v2smt.com\/es\/wp-json\/wp\/v2\/product_brand?post=23345"},{"taxonomy":"product_cat","embeddable":true,"href":"https:\/\/v2smt.com\/es\/wp-json\/wp\/v2\/product_cat?post=23345"},{"taxonomy":"product_tag","embeddable":true,"href":"https:\/\/v2smt.com\/es\/wp-json\/wp\/v2\/product_tag?post=23345"}],"curies":[{"name":"wp","href":"https:\/\/api.w.org\/{rel}","templated":true}]}}