{"id":23168,"date":"2025-08-26T08:14:38","date_gmt":"2025-08-26T08:14:38","guid":{"rendered":"https:\/\/v2smt.com\/?post_type=product&#038;p=23168"},"modified":"2025-08-26T08:35:16","modified_gmt":"2025-08-26T08:35:16","slug":"pcba-cleaning-machine-v560","status":"publish","type":"product","link":"https:\/\/v2smt.com\/es\/products\/pcba-cleaning-machine-v560\/","title":{"rendered":"M\u00e1quina de limpieza de PCBA V560"},"content":{"rendered":"<h1>M\u00e1quina de limpieza de PCBA V560<\/h1>\n<p>Ventajas principales del equipo de limpieza por fundente para PCBA V560\/M\u00e1quina de limpieza para PCBA V560<\/p>\n<p>1. Dise\u00f1o de c\u00e1mara todo en uno \u25e6 Completa la limpieza, el aclarado y el secado en una \u00fanica c\u00e1mara cerrada \u2192 Elimina las p\u00e9rdidas por transferencia y los riesgos de contaminaci\u00f3n cruzada. Ideal para espacios de producci\u00f3n compactos.<\/p>\n<p>2. Compatibilidad multimodelo avanzada \u25e6 Utiliza procesos l\u00edderes del sector para ofrecer una limpieza 100% en diversos modelos de PCBA \u2192 Garantiza una alta calidad constante independientemente de la variaci\u00f3n del producto. Admite l\u00edneas SMT mixtas de forma eficiente.<\/p>\n<p>3. Flujo de trabajo totalmente automatizado \u25e6 Tras la carga manual y la programaci\u00f3n mediante pantalla t\u00e1ctil:<br \/>\n\u2705 Automatiza todo el ciclo (inicio\u2192parada\u2192reinicio).<br \/>\n\u2705 Autorreajuste para lotes consecutivos \u2192 Minimiza la intervenci\u00f3n del operario, reduce los costes de mano de obra.<\/p>\n<p>4. Utiliza fluidos no peligrosos a base de agua o agua desionizada como agentes de limpieza \u2192 No emite humos t\u00f3xicos ni COV. Seguro para los operarios sin necesidad de EPI. Bajos costes de eliminaci\u00f3n de residuos frente a los sistemas con disolventes.<\/p>\n<p>5. Arquitectura de sistemas integrados \u25e6 Subsistemas dedicados para funciones cr\u00edticas:<br \/>\n\ud83d\udd27 Limpieza de precisi\u00f3n \u2192 Aclarado a fondo \u2192 Secado controlado \u2192 Filtrado activo \u2192 Maximiza el tiempo de actividad y la repetibilidad. El equilibrio de potencia gas\/el\u00e9ctrica optimiza la eficiencia energ\u00e9tica.<\/p>\n<p>6. Ergonom\u00eda centrada en el usuario \u25e6 La intuitiva pantalla t\u00e1ctil HMI controla par\u00e1metros complejos sin esfuerzo \u2192 Curvas de formaci\u00f3n cortas. La interfaz de carga manual agiliza la manipulaci\u00f3n de lotes sin comprometer las ventajas de la automatizaci\u00f3n.<\/p>\n<p>7. Alto rendimiento y fiabilidad \u25e6 Dise\u00f1ado espec\u00edficamente para las l\u00edneas SML (Small-Medium Lines): Alta densidad de rendimiento + componentes de calidad industrial \u2192 Tiempo de actividad duradero en entornos exigentes. El dise\u00f1o de nueva generaci\u00f3n combina velocidad, seguridad y escalabilidad.<\/p>\n<table width=\"1062\">\n<tbody>\n<tr>\n<td width=\"205\"><b>Dimensiones de la c\u00e1mara de limpieza<\/b><\/td>\n<td width=\"324\">L690xAn620xAl715 (mm)<\/td>\n<td width=\"192\"><b>sistema de riego<\/b><\/td>\n<td width=\"340\">Limpieza por pulverizaci\u00f3n giratoria de 360 grados hacia arriba y hacia abajo<\/td>\n<\/tr>\n<tr>\n<td width=\"205\"><b>Tama\u00f1o de la cesta de lavado<\/b><\/td>\n<td width=\"324\">L610xAn560xAl100(mm) dise\u00f1o de doble capa<\/td>\n<td width=\"192\"><b>Presi\u00f3n de pulverizaci\u00f3n de limpieza<\/b><\/td>\n<td width=\"340\">0,3~0,6(Mpa)<\/td>\n<\/tr>\n<tr>\n<td width=\"205\"><b>Capacidad del dep\u00f3sito de concentrado<\/b><\/td>\n<td width=\"324\">30L<\/td>\n<td width=\"192\"><b>Capacidad del dep\u00f3sito de pulverizaci\u00f3n<\/b><\/td>\n<td width=\"340\">17L-23L<\/td>\n<\/tr>\n<tr>\n<td width=\"205\"><b>Capacidad del dep\u00f3sito de diluyente<\/b><\/td>\n<td width=\"324\">70L<\/td>\n<td width=\"192\"><b>Carga de la cesta de lavado<\/b><\/td>\n<td width=\"340\">100KG<\/td>\n<\/tr>\n<tr>\n<td width=\"205\"><b>Tiempo de lavado duro<\/b><\/td>\n<td width=\"324\">3~8 minutos (referencia)<\/td>\n<td width=\"192\"><b>Tiempo de aclarado<\/b><\/td>\n<td width=\"340\">1~2 minutos\/tiempo, 1-10 veces (ajustar seg\u00fan sea necesario)<\/td>\n<\/tr>\n<tr>\n<td width=\"205\"><b>Tiempo de secado<\/b><\/td>\n<td width=\"324\">20~30 minutos (referencia)<\/td>\n<td width=\"192\"><b>Temperatura de calentamiento del l\u00edquido<\/b><\/td>\n<td width=\"340\">~75P<\/td>\n<\/tr>\n<tr>\n<td width=\"205\"><b>Potencia de compensaci\u00f3n de la temperatura de la cavidad interna<\/b><\/td>\n<td width=\"324\">6KW<\/td>\n<td width=\"192\"><b>Temperatura de secado por aire caliente Temperatura ambiente<\/b><\/td>\n<td width=\"340\">~99P<\/td>\n<\/tr>\n<tr>\n<td width=\"205\"><b>Potencia del calentador del dep\u00f3sito de disolvente<\/b><\/td>\n<td width=\"324\">9KW<\/td>\n<td width=\"192\"><b>Potencia del calentador de secado<\/b><\/td>\n<td width=\"340\">6KW<\/td>\n<\/tr>\n<tr>\n<td width=\"205\"><b>Potencia de la bomba de pulverizaci\u00f3n horizontal<\/b><\/td>\n<td width=\"324\">5,5 KW<\/td>\n<td width=\"192\"><b>Rango de control del resistiv\u00edmetro<\/b><\/td>\n<td width=\"340\">0~ 18MQ-cm<\/td>\n<\/tr>\n<tr>\n<td width=\"205\"><b>Fuente de aire<\/b><\/td>\n<td width=\"324\">0,4-0,7Mpa<\/td>\n<td width=\"192\"><b>entrada y salida de agua<\/b><\/td>\n<td width=\"340\">Interfaz de liberaci\u00f3n r\u00e1pida de 1 pulgada<\/td>\n<\/tr>\n<tr>\n<td width=\"205\"><b>suministro el\u00e9ctrico<\/b><\/td>\n<td width=\"324\">AC380V 3P,50\/60HZ 27KW<\/td>\n<td width=\"192\"><b>Peso de la m\u00e1quina<\/b><\/td>\n<td width=\"340\">400KG<\/td>\n<\/tr>\n<tr>\n<td width=\"205\"><b>Tama\u00f1o de la m\u00e1quina<\/b><\/td>\n<td width=\"324\">L1200xAn1100xAl 1780\u00b130(mm)<\/td>\n<td width=\"192\"><b>Tama\u00f1o del orificio de escape<\/b><\/td>\n<td width=\"340\">\u03a6100*30H(mm)<\/td>\n<\/tr>\n<tr>\n<td width=\"205\"><b>Sistema de filtraci\u00f3n de 3 etapas<\/b><\/td>\n<td colspan=\"3\" width=\"857\">Filtro de nivel 1 (filtra impurezas y etiquetas) Filtro de nivel 2 (filtra peque\u00f1as part\u00edculas y pasta de soldadura) Filtro de nivel 3 5um (filtra peque\u00f1as part\u00edculas y colofonia)<\/td>\n<\/tr>\n<tr>\n<td width=\"205\"><b>Cantidad de una limpieza<\/b><\/td>\n<td colspan=\"3\" width=\"857\">Calculado en base al tama\u00f1o de la placa PCBA L200\u00d7W100\u00d7H20 (mm), cada lote puede lavar 100-160pcs<\/td>\n<\/tr>\n<\/tbody>\n<\/table>","protected":false},"excerpt":{"rendered":"<h2>M\u00e1quina de limpieza de PCBA V560<\/h2>\n<p><strong>Equipo de limpieza por fundente de PCBA para l\u00edneas de producci\u00f3n peque\u00f1as y medianas.<\/strong>\u00a0La V560 ejecuta un proceso t\u00edpico de limpieza por lotes, completando todos los pasos -limpieza, aclarado y secado- en una \u00fanica c\u00e1mara. Mejora la calidad de la limpieza para la producci\u00f3n de PCBA multimodelo utilizando los procesos m\u00e1s avanzados del sector para lograr la limpieza 100% y la protecci\u00f3n del medio ambiente. La m\u00e1quina, que incluye sistemas de limpieza, aclarado, secado y filtrado, funciona con electricidad y gas. Un operario carga manualmente los PCBA en la c\u00e1mara de limpieza y, a continuaci\u00f3n, configura los par\u00e1metros de cada etapa a trav\u00e9s de la pantalla t\u00e1ctil. Una vez puesta en marcha, la m\u00e1quina realiza autom\u00e1ticamente todo el ciclo. Una vez finalizado, se detiene autom\u00e1ticamente y se reinicia para el siguiente lote. Este dise\u00f1o de f\u00e1cil manejo aumenta significativamente tanto la eficiencia de la producci\u00f3n como la calidad del producto. Como soluci\u00f3n nueva, de alto rendimiento y totalmente autom\u00e1tica, el equipo utiliza l\u00edquido de base acuosa o agua desionizada como agente de limpieza no peligroso y seguro para el personal.<\/p>","protected":false},"featured_media":23162,"comment_status":"closed","ping_status":"closed","template":"","meta":{"iawp_total_views":6},"etheme_brands":[],"product_brand":[],"product_cat":[182],"product_tag":[],"class_list":{"0":"post-23168","1":"product","2":"type-product","3":"status-publish","4":"has-post-thumbnail","6":"product_cat-pcb-cleaning-machine","8":"first","9":"instock","10":"shipping-taxable","11":"product-type-simple"},"_links":{"self":[{"href":"https:\/\/v2smt.com\/es\/wp-json\/wp\/v2\/product\/23168","targetHints":{"allow":["GET"]}}],"collection":[{"href":"https:\/\/v2smt.com\/es\/wp-json\/wp\/v2\/product"}],"about":[{"href":"https:\/\/v2smt.com\/es\/wp-json\/wp\/v2\/types\/product"}],"replies":[{"embeddable":true,"href":"https:\/\/v2smt.com\/es\/wp-json\/wp\/v2\/comments?post=23168"}],"version-history":[{"count":0,"href":"https:\/\/v2smt.com\/es\/wp-json\/wp\/v2\/product\/23168\/revisions"}],"wp:featuredmedia":[{"embeddable":true,"href":"https:\/\/v2smt.com\/es\/wp-json\/wp\/v2\/media\/23162"}],"wp:attachment":[{"href":"https:\/\/v2smt.com\/es\/wp-json\/wp\/v2\/media?parent=23168"}],"wp:term":[{"taxonomy":"brand","embeddable":true,"href":"https:\/\/v2smt.com\/es\/wp-json\/wp\/v2\/etheme_brands?post=23168"},{"taxonomy":"product_brand","embeddable":true,"href":"https:\/\/v2smt.com\/es\/wp-json\/wp\/v2\/product_brand?post=23168"},{"taxonomy":"product_cat","embeddable":true,"href":"https:\/\/v2smt.com\/es\/wp-json\/wp\/v2\/product_cat?post=23168"},{"taxonomy":"product_tag","embeddable":true,"href":"https:\/\/v2smt.com\/es\/wp-json\/wp\/v2\/product_tag?post=23168"}],"curies":[{"name":"wp","href":"https:\/\/api.w.org\/{rel}","templated":true}]}}