{"id":23163,"date":"2025-08-26T07:55:13","date_gmt":"2025-08-26T07:55:13","guid":{"rendered":"https:\/\/v2smt.com\/?post_type=product&#038;p=23163"},"modified":"2025-08-26T08:12:01","modified_gmt":"2025-08-26T08:12:01","slug":"fully-automatic-pcb-cleaning-machine-v1400","status":"publish","type":"product","link":"https:\/\/v2smt.com\/es\/products\/fully-automatic-pcb-cleaning-machine-v1400\/","title":{"rendered":"M\u00e1quina limpiadora de PCB totalmente autom\u00e1tica V1400"},"content":{"rendered":"<h1>M\u00e1quina limpiadora de PCB totalmente autom\u00e1tica V1400<\/h1>\n<p><strong>Sistema de limpieza de PCB de precisi\u00f3n: Ultrasonidos + Tecnolog\u00eda Spray <\/strong><\/p>\n<p><strong>- Gesti\u00f3n automatizada de fluidos <\/strong><\/p>\n<p><strong>- Filtraci\u00f3n en circuito cerrado (contiene perlas de esta\u00f1o) <\/strong><\/p>\n<p><strong>- Reciclaje de detergentes <\/strong><\/p>\n<p><strong>- Supervisi\u00f3n visual simple <\/strong><\/p>\n<p><strong>- Control PLC totalmente automatizado <\/strong><\/p>\n<p><strong>- Funcionamiento energ\u00e9ticamente eficiente <\/strong><\/p>\n<p><strong>- Construcci\u00f3n robusta de acero inoxidable <\/strong><\/p>\n<p><strong>- Dise\u00f1o de rascador seguro<\/strong><\/p>\n<table width=\"1112\">\n<tbody>\n<tr>\n<td width=\"231\"><b>Di\u00e1metro de la cesta de limpieza<\/b><\/td>\n<td width=\"280\"><b>210 mm, se pueden personalizar especificaciones especiales<\/b><\/td>\n<td width=\"246\"><b>Principio de limpieza<\/b><\/td>\n<td width=\"354\"><b>Limpieza por pulverizaci\u00f3n a alta presi\u00f3n + limpieza ultras\u00f3nica por inmersi\u00f3n rotativa a baja velocidad<\/b><\/td>\n<\/tr>\n<tr>\n<td width=\"231\">Capacidad del dep\u00f3sito de l\u00edquido de limpieza y aclarado<\/td>\n<td width=\"280\">60L<\/td>\n<td width=\"246\">Capacidad \u00f3ptima del dep\u00f3sito de l\u00edquido de limpieza y aclarado<\/td>\n<td width=\"354\">45L<\/td>\n<\/tr>\n<tr>\n<td width=\"231\">Tiempo de lavado grueso<\/td>\n<td width=\"280\">1-3 minutos (s\u00f3lo como referencia)<\/td>\n<td width=\"246\">Tiempo de limpieza por ultrasonidos<\/td>\n<td width=\"354\">3-8 minutos (s\u00f3lo como referencia)<\/td>\n<\/tr>\n<tr>\n<td width=\"231\">Tiempo de limpieza del pulverizador secundario<\/td>\n<td width=\"280\">1-3 minutos (s\u00f3lo como referencia)<\/td>\n<td width=\"246\">Tiempo de aclarado y lavado<\/td>\n<td width=\"354\">1-3 minutos (s\u00f3lo como referencia)<\/td>\n<\/tr>\n<tr>\n<td width=\"231\">Tiempo de secado<\/td>\n<td width=\"280\">3-7 minutos (s\u00f3lo como referencia)<\/td>\n<td width=\"246\">Temperatura de calentamiento del l\u00edquido<\/td>\n<td width=\"354\">Temperatura ambiente - 80P (ajustar seg\u00fan las necesidades)<\/td>\n<\/tr>\n<tr>\n<td width=\"231\">Potencia ultras\u00f3nica<\/td>\n<td width=\"280\">1,5 KW<\/td>\n<td width=\"246\">Temperatura de secado por aire caliente<\/td>\n<td width=\"354\">Temperatura ambiente - 80P (ajustar seg\u00fan las necesidades)<\/td>\n<\/tr>\n<tr>\n<td width=\"231\">Potencia de calentamiento del dep\u00f3sito de disolvente<\/td>\n<td width=\"280\">7KW<\/td>\n<td width=\"246\">Potencia del calefactor seco<\/td>\n<td width=\"354\">6KW<\/td>\n<\/tr>\n<tr>\n<td width=\"231\">Fuente de gas<\/td>\n<td width=\"280\">0,4-0,7(Mpa)<\/td>\n<td width=\"246\">Entrada y salida de agua<\/td>\n<td width=\"354\">Interfaz de conexi\u00f3n r\u00e1pida de 1 pulgada<\/td>\n<\/tr>\n<tr>\n<td width=\"231\">suministro el\u00e9ctrico<\/td>\n<td width=\"280\">AC380V 3P, 50\/60HZ 16,5KW<\/td>\n<td width=\"246\">Peso de la m\u00e1quina<\/td>\n<td width=\"354\">320KG<\/td>\n<\/tr>\n<tr>\n<td width=\"231\">Tama\u00f1o de la m\u00e1quina<\/td>\n<td width=\"280\">L1400xW950xH1350\u00b130mm<\/td>\n<td width=\"246\">Tama\u00f1o del orificio de escape<\/td>\n<td width=\"354\">\u03a6120*25H(mm)<\/td>\n<\/tr>\n<tr>\n<td width=\"231\">Sistema de filtrado de nivel 3<\/td>\n<td colspan=\"3\" width=\"881\">Malla filtrante de nivel 1 (filtra impurezas y etiquetas) Bolsa filtrante de nivel 2 (filtra part\u00edculas peque\u00f1as y pasta de soldadura) Elemento filtrante de nivel 3 5um (filtra micropart\u00edculas y pasta de soldadura)<\/td>\n<\/tr>\n<tr>\n<td width=\"231\">N\u00famero de limpiezas de una sola vez<\/td>\n<td colspan=\"3\" width=\"881\">200-600 mm de longitud, 12-6 piezas limpias respectivamente<\/td>\n<\/tr>\n<\/tbody>\n<\/table>","protected":false},"excerpt":{"rendered":"<h2>M\u00e1quina limpiadora de PCB totalmente autom\u00e1tica V1400<\/h2>\n<p>El innovador sistema de ultrasonidos rotativos combinado con el pulverizador secundario garantiza una limpieza a fondo de las placas de circuito impreso. Entre sus caracter\u00edsticas se incluyen la dosificaci\u00f3n y drenaje autom\u00e1ticos de l\u00edquido mediante bomba neum\u00e1tica, enjuague filtrado en tiempo real que mantiene las perlas de esta\u00f1o alejadas de la superficie de los rascadores, extracci\u00f3n de pasta de soldadura para reciclar el agente de limpieza y una ventana de visualizaci\u00f3n para supervisar el proceso. Funcionamiento mediante PLC con m\u00faltiples modos programables para mayor simplicidad. Ofrece un bajo consumo de l\u00edquido\/energ\u00eda y cero contaminaci\u00f3n gracias a su duradero bastidor de acero inoxidable 304, mientras que la exclusiva instalaci\u00f3n antideslizante del rascador mejora la seguridad.<\/p>","protected":false},"featured_media":23162,"comment_status":"closed","ping_status":"closed","template":"","meta":{"iawp_total_views":50},"etheme_brands":[],"product_brand":[],"product_cat":[182],"product_tag":[],"class_list":{"0":"post-23163","1":"product","2":"type-product","3":"status-publish","4":"has-post-thumbnail","6":"product_cat-pcb-cleaning-machine","8":"first","9":"instock","10":"shipping-taxable","11":"product-type-simple"},"_links":{"self":[{"href":"https:\/\/v2smt.com\/es\/wp-json\/wp\/v2\/product\/23163","targetHints":{"allow":["GET"]}}],"collection":[{"href":"https:\/\/v2smt.com\/es\/wp-json\/wp\/v2\/product"}],"about":[{"href":"https:\/\/v2smt.com\/es\/wp-json\/wp\/v2\/types\/product"}],"replies":[{"embeddable":true,"href":"https:\/\/v2smt.com\/es\/wp-json\/wp\/v2\/comments?post=23163"}],"version-history":[{"count":0,"href":"https:\/\/v2smt.com\/es\/wp-json\/wp\/v2\/product\/23163\/revisions"}],"wp:featuredmedia":[{"embeddable":true,"href":"https:\/\/v2smt.com\/es\/wp-json\/wp\/v2\/media\/23162"}],"wp:attachment":[{"href":"https:\/\/v2smt.com\/es\/wp-json\/wp\/v2\/media?parent=23163"}],"wp:term":[{"taxonomy":"brand","embeddable":true,"href":"https:\/\/v2smt.com\/es\/wp-json\/wp\/v2\/etheme_brands?post=23163"},{"taxonomy":"product_brand","embeddable":true,"href":"https:\/\/v2smt.com\/es\/wp-json\/wp\/v2\/product_brand?post=23163"},{"taxonomy":"product_cat","embeddable":true,"href":"https:\/\/v2smt.com\/es\/wp-json\/wp\/v2\/product_cat?post=23163"},{"taxonomy":"product_tag","embeddable":true,"href":"https:\/\/v2smt.com\/es\/wp-json\/wp\/v2\/product_tag?post=23163"}],"curies":[{"name":"wp","href":"https:\/\/api.w.org\/{rel}","templated":true}]}}