{"id":23002,"date":"2025-05-09T07:20:30","date_gmt":"2025-05-09T07:20:30","guid":{"rendered":"https:\/\/v2smt.com\/?post_type=product&#038;p=23002"},"modified":"2025-05-09T07:21:20","modified_gmt":"2025-05-09T07:21:20","slug":"hamamatsu-industrial-microfocus-x-ray-tubes","status":"publish","type":"product","link":"https:\/\/v2smt.com\/es\/products\/hamamatsu-industrial-microfocus-x-ray-tubes\/","title":{"rendered":"Tubos de rayos X de microenfoque industrial Hamamatsu"},"content":{"rendered":"<p>Tubos de rayos X de microenfoque industrial Hamamatsu<br \/>\nTubos de rayos X industriales microfocales Hamamatsu Photonics, l\u00edder mundial en tecnolog\u00eda optoelectr\u00f3nica, ofrece tubos de rayos X industriales microfocales de \u00faltima generaci\u00f3n dise\u00f1ados para im\u00e1genes de precisi\u00f3n y ensayos no destructivos (END). Estos tubos de alto rendimiento ofrecen puntos focales excepcionalmente finos (tan peque\u00f1os como 1 micra), lo que permite obtener im\u00e1genes de resoluci\u00f3n ultra alta para aplicaciones de inspecci\u00f3n electr\u00f3nica, an\u00e1lisis de materiales compuestos y evaluaci\u00f3n de componentes aeroespaciales. Dise\u00f1ados con una gesti\u00f3n t\u00e9rmica avanzada y un control estable del haz de electrones, garantizan una fiabilidad operativa prolongada en condiciones industriales exigentes. Con rangos de tensi\u00f3n personalizables (30-225 kV) y corriente de haz optimizada, los tubos de Hamamatsu admiten diversos flujos de trabajo, desde la detecci\u00f3n de defectos en placas de circuito impreso hasta el control de calidad de bater\u00edas. Su dise\u00f1o compacto, sus reducidos requisitos de mantenimiento y el cumplimiento de las normas internacionales de seguridad radiol\u00f3gica los hacen ideales para su integraci\u00f3n en l\u00edneas de producci\u00f3n automatizadas y sistemas de laboratorio. Con la confianza de fabricantes e instituciones de investigaci\u00f3n de todo el mundo, estas soluciones de rayos X redefinen la precisi\u00f3n en el diagn\u00f3stico industrial. <\/p>\n<p>Principales aspectos destacados de los tubos de rayos X industriales microfocalizados de Hamamatsu:<br \/>\n- Resoluci\u00f3n submicrom\u00e9trica para la detecci\u00f3n de defectos cr\u00edticos - Disipaci\u00f3n t\u00e9rmica robusta para un funcionamiento 24\/7<br \/>\n- Configuraciones personalizadas para aplicaciones especializadas - Estabilidad del haz l\u00edder del sector (\u00b10,05%)<br \/>\n- Certificaci\u00f3n CE\/RoHS, fabricaci\u00f3n conforme a las normas ISO<\/p>","protected":false},"excerpt":{"rendered":"<p>Hamamatsu Industrial Microfocus X-Ray Tubes FEATURES APPLICATIONS<br \/>\n\u26ab Focal Spot Size: 1-5 um<br \/>\nThe focal spot of 1-5 um of the sealed type X-ray tube enables sharp and clear X-ray images even at a high magnification.<br \/>\nEasy Handling<br \/>\nFully operable from an external PC.<br \/>\nSerial Port Control (RS-232C)<br \/>\nOne package of a sealed type X-ray tube, a high-voltage power supply and a control function.<br \/>\nNon-destructive Inspection<br \/>\nX-ray CT<br \/>\nIn-line X-ray Inspection<br \/>\n[Applicable Objects]<br \/>\n\u2022 Electronic, component<br \/>\n\u2022 Printed circuit board<br \/>\n\u2022 Plastic component<br \/>\n\u2022 Metal component<br \/>\n90KV Hamamatsu Microfocus X-ray Tube\uff0890Kv\uff0c110KV,130KV optional\uff09<br \/>\nThe Hamamatsu Microfocus X-ray sources were developed specifically for X-ray non-destructive inspection. These X-ray sources use an X-ray tube with a small focal spot of several micro-meters to 10 micro-meters, capable of producing a clear X-ray image even at a high magnification. The RS-232C interface is provided as a standard feature, allowing automatic operation by external control.<\/p>\n<p>The X-ray tube has an air-cooled and hermetically sealed structure, and is integrated with its high voltage power supply for easy handling. (High voltage cables are not required.)<\/p>\n<p>Hamamatsu Industrial Microfocus X-Ray Tubes Model list<br \/>\nHamamatsu L11831-01<br \/>\nHamamatsu L9631<br \/>\nHamamatsu L9181-02<br \/>\nHamamatsu L9181-05<br \/>\nHamamatsu L12161-07<br \/>\nHamamatsu L11831<br \/>\nHamamatsu L9181<br \/>\nHamamatsu L10941<br \/>\nHamamatsu L10941-01<br \/>\nHamamatsu L10941-05<br \/>\nHamamatsu L12531<br \/>\nHamamatsu L14351-02<br \/>\nHamamatsu V10905P<br \/>\nHamamatsu V10905P-01<br \/>\nHamamatsu V7227P-03<\/p>\n","protected":false},"featured_media":23004,"comment_status":"closed","ping_status":"closed","template":"","meta":{"iawp_total_views":85},"etheme_brands":[],"product_brand":[],"product_cat":[137],"product_tag":[],"class_list":{"0":"post-23002","1":"product","2":"type-product","3":"status-publish","4":"has-post-thumbnail","6":"product_cat-x-ray-inspection","8":"first","9":"instock","10":"shipping-taxable","11":"product-type-simple"},"_links":{"self":[{"href":"https:\/\/v2smt.com\/es\/wp-json\/wp\/v2\/product\/23002","targetHints":{"allow":["GET"]}}],"collection":[{"href":"https:\/\/v2smt.com\/es\/wp-json\/wp\/v2\/product"}],"about":[{"href":"https:\/\/v2smt.com\/es\/wp-json\/wp\/v2\/types\/product"}],"replies":[{"embeddable":true,"href":"https:\/\/v2smt.com\/es\/wp-json\/wp\/v2\/comments?post=23002"}],"version-history":[{"count":0,"href":"https:\/\/v2smt.com\/es\/wp-json\/wp\/v2\/product\/23002\/revisions"}],"wp:featuredmedia":[{"embeddable":true,"href":"https:\/\/v2smt.com\/es\/wp-json\/wp\/v2\/media\/23004"}],"wp:attachment":[{"href":"https:\/\/v2smt.com\/es\/wp-json\/wp\/v2\/media?parent=23002"}],"wp:term":[{"taxonomy":"brand","embeddable":true,"href":"https:\/\/v2smt.com\/es\/wp-json\/wp\/v2\/etheme_brands?post=23002"},{"taxonomy":"product_brand","embeddable":true,"href":"https:\/\/v2smt.com\/es\/wp-json\/wp\/v2\/product_brand?post=23002"},{"taxonomy":"product_cat","embeddable":true,"href":"https:\/\/v2smt.com\/es\/wp-json\/wp\/v2\/product_cat?post=23002"},{"taxonomy":"product_tag","embeddable":true,"href":"https:\/\/v2smt.com\/es\/wp-json\/wp\/v2\/product_tag?post=23002"}],"curies":[{"name":"wp","href":"https:\/\/api.w.org\/{rel}","templated":true}]}}