{"id":22996,"date":"2025-05-08T08:35:43","date_gmt":"2025-05-08T08:35:43","guid":{"rendered":"https:\/\/v2smt.com\/?post_type=product&#038;p=22996"},"modified":"2025-05-08T08:35:43","modified_gmt":"2025-05-08T08:35:43","slug":"aes8000-handheld-spectrometer","status":"publish","type":"product","link":"https:\/\/v2smt.com\/es\/products\/aes8000-handheld-spectrometer\/","title":{"rendered":"Espectr\u00f3metro de mano AES8000"},"content":{"rendered":"<p>El espectr\u00f3metro port\u00e1til AES8000 es un instrumento anal\u00edtico port\u00e1til de \u00faltima generaci\u00f3n dise\u00f1ado para el an\u00e1lisis r\u00e1pido y no destructivo de la composici\u00f3n de materiales en aplicaciones industriales, de fabricaci\u00f3n y de campo. Gracias a su avanzada tecnolog\u00eda de fluorescencia de rayos X (XRF), ofrece una detecci\u00f3n de alta precisi\u00f3n de la composici\u00f3n elemental y los grados de aleaci\u00f3n, lo que lo convierte en una herramienta indispensable para el control de calidad, la verificaci\u00f3n de materiales y la clasificaci\u00f3n de chatarra.  <\/p>\n<p>Caracter\u00edsticas principales del espectr\u00f3metro de mano AES8000<br \/>\n1. An\u00e1lisis multielemento<br \/>\n    Detecta una amplia gama de elementos (por ejemplo, Ti, V, Cr, Mn, Fe, Co, Ni, Cu, Zn, W, Pb, etc.) con una sensibilidad de nivel de ppm.<br \/>\n    Adecuado para metales, aleaciones, pl\u00e1sticos, cer\u00e1mica y otros materiales.  <\/p>\n<p>2. Identificaci\u00f3n del grado de aleaci\u00f3n<br \/>\n    Identifica instant\u00e1neamente los grados de aleaci\u00f3n (por ejemplo, acero inoxidable, aluminio, titanio) con una biblioteca integrada de m\u00e1s de 1.000 grados est\u00e1ndar.<br \/>\n    Admite adiciones de bibliotecas personalizadas para aplicaciones especializadas.  <\/p>\n<p>3. Detecci\u00f3n de alto rendimiento<br \/>\n    Equipado con un detector SDD (Silicon Drift Detector) de alta resoluci\u00f3n para obtener resultados r\u00e1pidos y precisos (1-3 segundos).<br \/>\n    Optimizado para entornos dif\u00edciles, incluidas temperaturas altas\/bajas y humedad.  <\/p>\n<p>4. Portabilidad y durabilidad<br \/>\n    Peso ligero (&lt;1,5 kg) y dise\u00f1o ergon\u00f3mico para manejarlo con una sola mano.  \n    Carcasa robusta con clasificaci\u00f3n IP54 para resistencia al polvo\/agua y protecci\u00f3n contra ca\u00eddas.  \n\n5. Interfaz f\u00e1cil de usar\n    Gran pantalla t\u00e1ctil capacitiva de 4 pulgadas con software intuitivo.  \n    Visualizaci\u00f3n de datos en tiempo real, incluyendo gr\u00e1ficos de espectro y valores de concentraci\u00f3n.  \n\n6. Bater\u00eda de larga duraci\u00f3n\n    La bater\u00eda de litio recargable admite m\u00e1s de 8 horas de funcionamiento continuo.  \n    Dise\u00f1o de bater\u00eda intercambiable en caliente para un flujo de trabajo ininterrumpido.  \n\n7. Gesti\u00f3n de datos\n    Almacena localmente miles de resultados de pruebas; admite USB, WiFi y Bluetooth para la exportaci\u00f3n de datos.  \n    Compatible con software PC\/Mac para informes y an\u00e1lisis avanzados.  \n\n\nEspecificaciones t\u00e9cnicas del espectr\u00f3metro port\u00e1til AES8000\n Rango de detecci\u00f3n: Mg (12) a U (92)\n Precisi\u00f3n: \u22640,05% (para elementos principales)\n Fuente de excitaci\u00f3n: tubo de rayos X microfocal de 50 kV\/200 \u03bcA\n Pantalla: Pantalla t\u00e1ctil HD de 4 pulgadas\n Sistema operativo: Plataforma basada en Android\n Conectividad: USBC, WiFi, Bluetooth\n Bater\u00eda: 7,4 V, 6800 mAh bater\u00eda de litio\n\nAplicaciones del espectr\u00f3metro de mano AES8000\n Fabricaci\u00f3n de metales: Verificaci\u00f3n r\u00e1pida de aleaciones, inspecci\u00f3n de materias primas.  \n Reciclaje de chatarra: Clasificaci\u00f3n eficaz de metales no ferrosos y aleaciones.  \n Aeroespacial y automoci\u00f3n: Pruebas de conformidad de componentes cr\u00edticos.  \n Control medioambiental: Detecci\u00f3n de metales pesados en suelos, revestimientos o productos de consumo.  \n Arqueolog\u00eda y an\u00e1lisis de artefactos: Caracterizaci\u00f3n no destructiva de materiales.  \n\n\nVentajas del espectr\u00f3metro de mano AES8000\n Ensayos no destructivos: Preserva la integridad de la muestra.  \n Resultados de calidad de laboratorio sobre el terreno: Elimina la necesidad de largos env\u00edos al laboratorio.  \n Preparado para el cumplimiento: Cumple las normas ASTM, ISO y RoHS.  \n\n\nEl espectr\u00f3metro port\u00e1til AES8000 combina tecnolog\u00eda punta con una robusta portabilidad, lo que permite a los profesionales de todos los sectores tomar decisiones informadas con rapidez y confianza. Ideal para ingenieros, inspectores de calidad y t\u00e9cnicos de campo, establece un nuevo punto de referencia para los dispositivos anal\u00edticos port\u00e1tiles.  \n<\/p>","protected":false},"excerpt":{"rendered":"<p>Espectr\u00f3metro port\u00e1til AES8000 Campo de aplicaci\u00f3n y caracter\u00edsticas<br \/>\n\uf06cExcellent rendimiento (Utilizado para on -site, sin p\u00e9rdida, r\u00e1pido, preciso, exacto)<br \/>\nAlta precisi\u00f3n, velocidad r\u00e1pida, cerca del nivel de an\u00e1lisis de los niveles de laboratorio, puede mostrar directamente el n\u00famero de tarjeta de aleaci\u00f3n y el contenido de porcentaje de elemento y el contenido PPM. Todo el proceso de an\u00e1lisis se puede completar en tan s\u00f3lo unos segundos. El n\u00famero de contrato es de s\u00f3lo 1 a 2 segundos. Operaci\u00f3n con un solo clic, incluso el personal no t\u00e9cnico puede dominarlo f\u00e1cilmente.<br \/>\n\uf06cNon -detecci\u00f3n destructiva\uff08NDT\uff09<br \/>\nSin da\u00f1o o el uso del objeto del objeto de la detecci\u00f3n, ning\u00fan da\u00f1o es tejido dentro del objeto detectado, el proceso entero de la prueba no se da\u00f1a.<br \/>\n\uf06cAnalytical software<br \/>\nSistema de control remoto, tanto los PC basados en Windows como los dispositivos m\u00f3viles basados en Android pueden operar los instrumentos a trav\u00e9s del software para lograr la sincronizaci\u00f3n de datos a trav\u00e9s de m\u00faltiples plataformas (instrumento, PC, m\u00f3vil, nube). El software dispone de funciones como an\u00e1lisis de datos, visualizaci\u00f3n de espectros e impresi\u00f3n de informes. El cliente del instrumento tiene la capacidad de enviar informes de an\u00e1lisis por correo electr\u00f3nico, Sistema de control remoto, tanto PC basado en Windows como dispositivos m\u00f3viles basados en Android pueden operar instrumentos a trav\u00e9s de software para lograr la sincronizaci\u00f3n de datos a trav\u00e9s de m\u00faltiples plataformas (instrumento, PC, m\u00f3vil, nube). El software tiene funciones como an\u00e1lisis de datos, visualizaci\u00f3n de espectros e impresi\u00f3n de informes. El cliente del instrumento tiene la capacidad de enviar informes de an\u00e1lisis por correo electr\u00f3nico.<br \/>\n\uf06cWaste reciclaje y clasificaci\u00f3n<br \/>\nEl reciclaje y la reutilizaci\u00f3n de la chatarra implican el an\u00e1lisis, el ensayo y la clasificaci\u00f3n in situ de una amplia variedad de tipos de aleaciones y materiales. Para que tanto compradores como vendedores puedan emitir juicios r\u00e1pidos y fiables durante las transacciones. An\u00e1lisis cuantitativo de componentes met\u00e1licos como ferroaleaciones (acero inoxidable, etc.), aleaciones de cobre, aleaciones de aluminio, aleaciones de cobre y hierro, aleaciones de plomo y esta\u00f1o y aleaciones h\u00edbridas, as\u00ed como identificaci\u00f3n y clasificaci\u00f3n r\u00e1pida de materiales in situ.<br \/>\n\uf06cApplication \u00e1reas y seguridad, normas (centrales el\u00e9ctricas, maquinaria, petroqu\u00edmica, militar, etc.)<\/p>\n<p>Identificaci\u00f3n de materiales de aleaci\u00f3n (PMI) Inspecci\u00f3n de entrada, gesti\u00f3n de materiales de inventario, inspecci\u00f3n de materiales de instalaci\u00f3n para evitar accidentes de seguridad graves causados por la mezcla o el uso de materiales no cualificados en industrias como la construcci\u00f3n petroqu\u00edmica, fundici\u00f3n de metales, recipientes a presi\u00f3n, centrales el\u00e9ctricas, petroqu\u00edmica, qu\u00edmica fina, farmac\u00e9utica, fundici\u00f3n, aeroespacial, etc., garantizando la seguridad de los materiales de los equipos de proceso. Adaptarse a las normas industriales como la Sociedad Americana de Pruebas y Materiales (ASTM), las Normas Nacionales Chinas (GB), UNS, Normas de la Industria Energ\u00e9tica (DL), API, JIS, GMP, TSG, Normas de la Industria Mec\u00e1nica (JB), as\u00ed como a las normas internacionales y nacionales.<br \/>\n\uf06cQuality Control y garant\u00eda de calidad (QC\/QA) y prevenci\u00f3n eficaz de errores (PKKA-YOKE)<br \/>\nEn la industria de transformaci\u00f3n y fabricaci\u00f3n de metales, el control y la garant\u00eda de calidad (QC\/QA) de los materiales (materias primas), los productos semiacabados y los productos acabados, as\u00ed como la prevenci\u00f3n eficaz de errores (PKKA-YOKE), son esenciales. Mezclar o utilizar materiales no cualificados causar\u00e1 inevitablemente p\u00e9rdidas a la empresa. Diversas industrias manufactureras, desde peque\u00f1as plantas de procesamiento de materiales met\u00e1licos hasta grandes fabricantes de aviones.<br \/>\n\uf06cData Procesamiento y planificaci\u00f3n de recursos empresariales (ERP)<br \/>\nPara la transmisi\u00f3n de datos se utilizan varios m\u00e9todos, como WIFI y Bluetooth inal\u00e1mbrico, y los archivos se pueden enviar por correo electr\u00f3nico, sincronizar por Bluetooth o sincronizar por software.<br \/>\nFamilia de aleaciones analizables<br \/>\n\uf06cIron series de aleaciones (acero inoxidable, acero aleado al cromo\/molibdeno, acero de baja aleaci\u00f3n, acero para herramientas, acero sin soldadura)<br \/>\n\uf06cNickel series de aleaciones (aleaci\u00f3n de n\u00edquel, superaleaciones de n\u00edquel\/cobalto)<br \/>\nSerie de aleaciones basadas en \uf06cCobalt<br \/>\nSerie de aleaciones basadas en \uf06cTitanium<br \/>\n\uf06cCopper series de aleaciones (bronce, lat\u00f3n, aleaci\u00f3n de cobre y n\u00edquel, etc.)<br \/>\n\uf06cHigh aleaci\u00f3n de temperatura (aleaci\u00f3n de molibdeno y wolframio)<br \/>\n\uf06cOther aleaciones<br \/>\nEl analizador port\u00e1til de aleaciones (XRF) es una herramienta importante para la identificaci\u00f3n de fiabilidad de materiales (PMI) en industrias de alta temperatura y alta presi\u00f3n como calderas, contenedores, tuber\u00edas y fabricaci\u00f3n durante el proceso de producci\u00f3n. Identificar materiales met\u00e1licos en los procesos de producci\u00f3n de industrias clave de ingenier\u00eda militar y civil, como la fundici\u00f3n de acero, los metales no ferrosos, la industria aeroespacial, la fabricaci\u00f3n de armas, los submarinos y los buques. Identificar materiales met\u00e1licos durante el proceso de instalaci\u00f3n y construcci\u00f3n de refiner\u00edas petroqu\u00edmicas, qu\u00edmica fina, industria farmac\u00e9utica, centrales el\u00e9ctricas, industria aeroespacial y otros proyectos de ingenier\u00eda para garantizar la aceptaci\u00f3n de equipos y materiales y cumplir los requisitos especificados del proyecto. Es una potente herramienta para la identificaci\u00f3n de metales en la industria del reciclado y la reutilizaci\u00f3n de residuos met\u00e1licos.<br \/>\nAmpliamente utilizado en escenarios de aplicaci\u00f3n in situ como el control de calidad, la clasificaci\u00f3n de materiales, la identificaci\u00f3n de aleaciones, la prevenci\u00f3n de la seguridad y la investigaci\u00f3n de accidentes, el analizador de aleaciones port\u00e1til integra innovaciones de investigaci\u00f3n cient\u00edfica de vanguardia y es una potente herramienta para identificar materiales met\u00e1licos en el proceso de producci\u00f3n. Puede identificar grados de aleaci\u00f3n, analizar r\u00e1pidamente la composici\u00f3n del metal y resolver los problemas m\u00e1s b\u00e1sicos de an\u00e1lisis de materias primas en la industrializaci\u00f3n. Al mismo tiempo, los usuarios pueden crear sistemas de an\u00e1lisis personalizados seg\u00fan sus propias necesidades.<\/p>\n<p>Par\u00e1metros t\u00e9cnicos y especificaciones<\/p>\n<p>Analizador port\u00e1til de composici\u00f3n de aleaciones por fluorescencia de rayos X AES8000<br \/>\nDetector Componente de detecci\u00f3n SIN-PIN de alto rendimiento<br \/>\nFuente de excitaci\u00f3n 45KV\/200uA Ventana final del blanco de plata Microtubo de rayos X integrado y fuente de alta tensi\u00f3n<br \/>\nRango de detecci\u00f3n de elementos 1\u30011. Elementos con n\u00fameros at\u00f3micos comprendidos entre 20-92, desde (Ti) hasta uranio (U).<br \/>\nAnalizar los principales elementos de la aleaci\u00f3n\uff1a.<br \/>\nTi\uff0cV\uff0cCr\uff0cMn\uff0cFe\uff0cCo\uff0cNi\uff0cCu\uff0cZn\uff0cZr\uff0cNb\uff0cMo\uff0cAg\uff0cCd\uff0cSn\uff0cSb\uff0cTa\uff0cW\uff0cPb\uff0cBi 25 en total (se pueden a\u00f1adir m\u00e1s).<br \/>\nDetecci\u00f3n objeto s\u00f3lido<br \/>\nM\u00e9todo de an\u00e1lisis M\u00e9todo de an\u00e1lisis de lectura directa+m\u00e9todo de par\u00e1metros b\u00e1sicos (FP)<br \/>\nSoftware Sistema de control remoto, tanto PC basado en Windows como dispositivos m\u00f3viles basados en Android pueden operar instrumentos a trav\u00e9s de software para lograr la sincronizaci\u00f3n de datos a trav\u00e9s de m\u00faltiples plataformas (instrumento, PC, m\u00f3vil, nube). El software dispone de funciones como an\u00e1lisis de datos, visualizaci\u00f3n de espectros e impresi\u00f3n de informes. El cliente del instrumento tiene la capacidad de enviar informes de an\u00e1lisis por correo electr\u00f3nico,<br \/>\nPeso \u2264 1,75 kg (bater\u00eda incluida)<br \/>\nSistema de visualizaci\u00f3n del microordenador 1. Pantalla t\u00e1ctil personalizada de grado industrial semitransparente y semirreflectante \u2265 5 pulgadas, configuraci\u00f3n est\u00e1ndar: 4G, almacenamiento ampliable incorporado soporta 16GB, puede almacenar datos masivos.<br \/>\n2. Resoluci\u00f3n 1080 * 720<br \/>\nFuente de alimentaci\u00f3n 1. Bater\u00eda de litio recargable, est\u00e1ndar 6800mAh, voltaje: 7.2V, funcionamiento sostenible de hasta 12 horas,<br \/>\n2. El instrumento dispone de funci\u00f3n de sustituci\u00f3n en caliente, apagado retardado y sustituci\u00f3n de la bater\u00eda sin necesidad de apagarlo. La bater\u00eda tiene su propio indicador de potencia.<br \/>\nModo de carga 1. Hay una interfaz de carga en el lateral del cuerpo,<br \/>\n2. La carga de la bater\u00eda se puede hacer a trav\u00e9s de m\u00e9todos de carga en el coche, (No est\u00e1ndar)<br \/>\n3.Adaptador universal de carga y alimentaci\u00f3n,<br \/>\nColimador, filtro 1. Colimador de material especial resistente a la radiaci\u00f3n, di\u00e1metro interior 3MM<br \/>\n2. Sin filtro, ahorra tiempo de conmutaci\u00f3n, el software deduce las interferencias de fondo<br \/>\nVentana de prueba frontal \u2264 9mm * 5mm ventana \u201ccintura\u201d.<br \/>\nC\u00e1mara Equipada con una funci\u00f3n de c\u00e1mara de alta definici\u00f3n de 5 megap\u00edxeles integrada, puede tomar fotos del objeto examinado para facilitar su gesti\u00f3n.<br \/>\nM\u00e9todo de env\u00edo del informe de prueba Env\u00edo por correo electr\u00f3nico, transmisi\u00f3n s\u00edncrona por Bluetooth, transmisi\u00f3n s\u00edncrona por software<br \/>\nM\u00e9todo de transmisi\u00f3n de datos 3G\/4G, conexi\u00f3n por cable, WiFi, Bluetooth<br \/>\nM\u00e9todo de mantenimiento Actualizaci\u00f3n remota del software y diagn\u00f3stico, mantenimiento in situ, diagn\u00f3stico<br \/>\nGesti\u00f3n de usuarios Funci\u00f3n de gesti\u00f3n de usuarios de varios niveles (puede crear varias cuentas, conseguir los n\u00fameros de persona correspondientes, facilitar la gesti\u00f3n y la trazabilidad de los datos)<br \/>\nFunda protectora<br \/>\nEl instrumento est\u00e1 equipado con una cubierta protectora, que tiene funciones de calibraci\u00f3n del instrumento, protecci\u00f3n contra la radiaci\u00f3n y prevenci\u00f3n de da\u00f1os (no de serie).<br \/>\n1. Detecci\u00f3n de material y aviso de estado del instrumento El cuerpo tiene la funci\u00f3n de detecci\u00f3n de material, que puede identificar de forma inteligente si hay un objeto de prueba en frente.<br \/>\n2.Indicador luminoso de estado inteligente, que muestra tres estados de funcionamiento a trav\u00e9s del indicador luminoso de estado inteligente (rojo intermitente indica detecci\u00f3n en curso, verde intermitente indica que no hay ning\u00fan objeto por comprobar, verde encendido prolongado indica que hay un objeto por comprobar).<br \/>\nTemperatura y humedad del entorno de funcionamiento Humedad \u2264 90%<br \/>\n-20\u2103 - +60\u2103<br \/>\nSeguridad 1. Valor de medici\u00f3n del lado del instrumento \u2264 0,2 \u03bc Sv\/h (una vez deducido el fondo).<br \/>\nNota: El proveedor debe proporcionar una copia del \u201cInforme del Analizador de Rayos X Port\u00e1til (Fugas)\u201d emitido por una instituci\u00f3n de metrolog\u00eda legal autorizada a nivel nacional o un centro nacional de pruebas en el documento de respuesta como evidencia.<br \/>\n2. M\u00faltiples protecciones de seguridad, sin pruebas de radiaci\u00f3n,<br \/>\nEl nivel de radiaci\u00f3n durante el trabajo es muy inferior a las normas internacionales de seguridad, y tiene la funci\u00f3n de medici\u00f3n a\u00e9rea sin muestra y apagado autom\u00e1tico del tubo de rayos X.\t<\/p>","protected":false},"featured_media":22997,"comment_status":"closed","ping_status":"closed","template":"","meta":{"iawp_total_views":20},"etheme_brands":[{"term_id":181,"name":"XRF","slug":"xrf","term_group":0,"term_taxonomy_id":181,"taxonomy":"brand","description":"","parent":0,"count":3,"filter":"raw"}],"product_brand":[],"product_cat":[137],"product_tag":[],"class_list":{"0":"post-22996","1":"product","2":"type-product","3":"status-publish","4":"has-post-thumbnail","6":"brand-xrf","7":"product_cat-x-ray-inspection","9":"first","10":"instock","11":"shipping-taxable","12":"product-type-simple"},"_links":{"self":[{"href":"https:\/\/v2smt.com\/es\/wp-json\/wp\/v2\/product\/22996","targetHints":{"allow":["GET"]}}],"collection":[{"href":"https:\/\/v2smt.com\/es\/wp-json\/wp\/v2\/product"}],"about":[{"href":"https:\/\/v2smt.com\/es\/wp-json\/wp\/v2\/types\/product"}],"replies":[{"embeddable":true,"href":"https:\/\/v2smt.com\/es\/wp-json\/wp\/v2\/comments?post=22996"}],"version-history":[{"count":0,"href":"https:\/\/v2smt.com\/es\/wp-json\/wp\/v2\/product\/22996\/revisions"}],"wp:featuredmedia":[{"embeddable":true,"href":"https:\/\/v2smt.com\/es\/wp-json\/wp\/v2\/media\/22997"}],"wp:attachment":[{"href":"https:\/\/v2smt.com\/es\/wp-json\/wp\/v2\/media?parent=22996"}],"wp:term":[{"taxonomy":"brand","embeddable":true,"href":"https:\/\/v2smt.com\/es\/wp-json\/wp\/v2\/etheme_brands?post=22996"},{"taxonomy":"product_brand","embeddable":true,"href":"https:\/\/v2smt.com\/es\/wp-json\/wp\/v2\/product_brand?post=22996"},{"taxonomy":"product_cat","embeddable":true,"href":"https:\/\/v2smt.com\/es\/wp-json\/wp\/v2\/product_cat?post=22996"},{"taxonomy":"product_tag","embeddable":true,"href":"https:\/\/v2smt.com\/es\/wp-json\/wp\/v2\/product_tag?post=22996"}],"curies":[{"name":"wp","href":"https:\/\/api.w.org\/{rel}","templated":true}]}}