{"id":22844,"date":"2025-01-06T02:44:21","date_gmt":"2025-01-06T02:44:21","guid":{"rendered":"https:\/\/v2smt.com\/?post_type=product&#038;p=22844"},"modified":"2025-01-06T03:29:04","modified_gmt":"2025-01-06T03:29:04","slug":"gkg-g-titan-smt-printer","status":"publish","type":"product","link":"https:\/\/v2smt.com\/es\/products\/gkg-g-titan-smt-printer\/","title":{"rendered":"IMPRESORA GKG G-TITAN SMT"},"content":{"rendered":"<h2>IMPRESORA GKG G-TITAN SMT<\/h2>\n<p>Funcionamiento totalmente autom\u00e1tico: Garantiza una impresi\u00f3n de est\u00e9nciles uniforme y sin errores.<br \/>\nTecnolog\u00eda avanzada de impresi\u00f3n por estarcido: Consigue impresiones de alta calidad para componentes electr\u00f3nicos.<br \/>\nInterfaz f\u00e1cil de usar: Simplifica el manejo y minimiza la curva de aprendizaje.<br \/>\nAlta compatibilidad: Admite una amplia gama de tama\u00f1os y tipos de est\u00e9nciles.<br \/>\nConstrucci\u00f3n duradera: Dise\u00f1ada para soportar las exigencias del uso industrial.<\/p>","protected":false},"excerpt":{"rendered":"<h3>IMPRESORA GKG G-TITAN SMT:<\/h3>\n<p>Una mirada al futuro de la fabricaci\u00f3n A medida que el panorama de la fabricaci\u00f3n adopta cada vez m\u00e1s la Industria 4.0, crece la expectativa entre los clientes de transformar sus operaciones para mejorar la productividad y la competitividad. G-TITAN, equipada estrat\u00e9gicamente con OPC (Optimum-Paste Control), garantiza una transici\u00f3n sin problemas hacia la fabricaci\u00f3n sin luz. Junto con QPC (Quality-Print Control), G-TITAN mantiene firmemente la creencia de que una impresi\u00f3n de alta calidad es primordial. Estos revolucionarios avances en los aspectos fundamentales de la impresora SMT prometen un nivel de eficiencia hasta ahora inexperimentado.<\/p>\n<h4>Dispensaci\u00f3n autom\u00e1tica de pasta<\/h4>\n<p>La pasta se dispensa uniformemente a lo largo de todo el rasero, manteniendo un di\u00e1metro de laminaci\u00f3n constante de 15 mm. Este sistema utiliza el tarro est\u00e1ndar de 500 gramos de pasta de soldadura, eliminando eficazmente cualquier desperdicio causado por el desbordamiento de pasta a los lados de la rasqueta.<\/p>\n<h4>Sistema de control del di\u00e1metro de laminaci\u00f3n de la pasta y rasqueta OPC Rasqueta OPC<\/h4>\n<p>CONTROL DE CALIDAD DE IMPRESI\u00d3N (QPC) - NO HAY NADA M\u00c1S IMPORTANTE QUE UNA BUENA IMPRESI\u00d3N<\/p>","protected":false},"featured_media":22845,"comment_status":"open","ping_status":"closed","template":"","meta":{"iawp_total_views":150},"etheme_brands":[{"term_id":177,"name":"GKG","slug":"gkg","term_group":0,"term_taxonomy_id":177,"taxonomy":"brand","description":"","parent":0,"count":1,"filter":"raw"}],"product_brand":[],"product_cat":[133],"product_tag":[178],"class_list":{"0":"post-22844","1":"product","2":"type-product","3":"status-publish","4":"has-post-thumbnail","6":"brand-gkg","7":"product_cat-solder-printer","8":"product_tag-gkg-printer","10":"first","11":"instock","12":"shipping-taxable","13":"product-type-simple"},"_links":{"self":[{"href":"https:\/\/v2smt.com\/es\/wp-json\/wp\/v2\/product\/22844","targetHints":{"allow":["GET"]}}],"collection":[{"href":"https:\/\/v2smt.com\/es\/wp-json\/wp\/v2\/product"}],"about":[{"href":"https:\/\/v2smt.com\/es\/wp-json\/wp\/v2\/types\/product"}],"replies":[{"embeddable":true,"href":"https:\/\/v2smt.com\/es\/wp-json\/wp\/v2\/comments?post=22844"}],"version-history":[{"count":0,"href":"https:\/\/v2smt.com\/es\/wp-json\/wp\/v2\/product\/22844\/revisions"}],"wp:featuredmedia":[{"embeddable":true,"href":"https:\/\/v2smt.com\/es\/wp-json\/wp\/v2\/media\/22845"}],"wp:attachment":[{"href":"https:\/\/v2smt.com\/es\/wp-json\/wp\/v2\/media?parent=22844"}],"wp:term":[{"taxonomy":"brand","embeddable":true,"href":"https:\/\/v2smt.com\/es\/wp-json\/wp\/v2\/etheme_brands?post=22844"},{"taxonomy":"product_brand","embeddable":true,"href":"https:\/\/v2smt.com\/es\/wp-json\/wp\/v2\/product_brand?post=22844"},{"taxonomy":"product_cat","embeddable":true,"href":"https:\/\/v2smt.com\/es\/wp-json\/wp\/v2\/product_cat?post=22844"},{"taxonomy":"product_tag","embeddable":true,"href":"https:\/\/v2smt.com\/es\/wp-json\/wp\/v2\/product_tag?post=22844"}],"curies":[{"name":"wp","href":"https:\/\/api.w.org\/{rel}","templated":true}]}}