{"id":21941,"date":"2024-07-23T16:45:29","date_gmt":"2024-07-23T16:45:29","guid":{"rendered":"https:\/\/v2smt.com\/?post_type=product&#038;p=21941"},"modified":"2024-08-22T17:03:59","modified_gmt":"2024-08-22T17:03:59","slug":"pcb-router-machine-xj-l400z","status":"publish","type":"product","link":"https:\/\/v2smt.com\/es\/products\/pcb-router-machine-xj-l400z\/","title":{"rendered":"M\u00e1quina fresadora para PCB XJ-L400Z"},"content":{"rendered":"<p>1. Fresas de alta velocidad: Garantiza una separaci\u00f3n r\u00e1pida y precisa de las placas de circuito impreso.<br \/>\n2. Servoaccionamiento de tres ejes: Proporciona un control de precisi\u00f3n multidireccional.<br \/>\n3. Interfaz hombre-ordenador: F\u00e1cil de usar con una pantalla de 17 pulgadas.<br \/>\n4. Sistema operativo WIN10: Ofrece una plataforma moderna y fiable.<br \/>\n5. C\u00e1mara CCD de alto p\u00edxel: Mejora la ense\u00f1anza y edici\u00f3n de rutas.<br \/>\n6. Software de compensaci\u00f3n MAKE: Permite realizar ajustes de programaci\u00f3n precisos.<br \/>\n7. Suma de marcos rectangulares: Simplifica la alineaci\u00f3n geom\u00e9trica para la programaci\u00f3n.<br \/>\n8. Rango de velocidad del cabezal: 2000-60000 rpm para mayor versatilidad.<br \/>\n9. Precisi\u00f3n de posicionamiento de \u00b10,01 mm: Garantiza una alta precisi\u00f3n en los cortes.<br \/>\n10. Control de velocidad de corte: Ajustable de 0 a 100mm\/seg.<br \/>\n11. Funciones de corte vers\u00e1tiles: Soporta varios patrones de corte incluyendo recto, L, U, arco y c\u00edrculo completo.<br \/>\n12. Control por ordenador industrial: Garantiza un funcionamiento robusto y estable.<br \/>\n13. Dimensiones compactas de la m\u00e1quina: L830W1020H1860mm para ahorrar espacio.<br \/>\n14. Opciones de recogida de polvo: Recogida de polvo superior o inferior disponible.<br \/>\n15. Sistema de tornillo\/carril HIWIN: Garantiza un movimiento suave y fiable.<br \/>\n16. Fuente de alimentaci\u00f3n 380V\/3KW: Soporta operaciones de trabajo pesado.<br \/>\n17. Peso de la m\u00e1quina: 280KG para mayor estabilidad y durabilidad.<\/p>","protected":false},"excerpt":{"rendered":"<p>La fresadora de PCB XJ-L400Z es una fresadora visual de \u00faltima generaci\u00f3n de una sola estaci\u00f3n dise\u00f1ada para la separaci\u00f3n precisa y de alta velocidad de PCB. Mejora la calidad del producto y reduce los residuos mediante el fresado automatizado, utilizando tecnolog\u00eda avanzada para una producci\u00f3n eficiente.<\/p>","protected":false},"featured_media":21705,"comment_status":"open","ping_status":"closed","template":"","meta":{"iawp_total_views":49},"etheme_brands":[],"product_brand":[],"product_cat":[160],"product_tag":[],"class_list":{"0":"post-21941","1":"product","2":"type-product","3":"status-publish","4":"has-post-thumbnail","6":"product_cat-pcb-router-machine","8":"first","9":"instock","10":"shipping-taxable","11":"product-type-simple"},"_links":{"self":[{"href":"https:\/\/v2smt.com\/es\/wp-json\/wp\/v2\/product\/21941","targetHints":{"allow":["GET"]}}],"collection":[{"href":"https:\/\/v2smt.com\/es\/wp-json\/wp\/v2\/product"}],"about":[{"href":"https:\/\/v2smt.com\/es\/wp-json\/wp\/v2\/types\/product"}],"replies":[{"embeddable":true,"href":"https:\/\/v2smt.com\/es\/wp-json\/wp\/v2\/comments?post=21941"}],"version-history":[{"count":0,"href":"https:\/\/v2smt.com\/es\/wp-json\/wp\/v2\/product\/21941\/revisions"}],"wp:featuredmedia":[{"embeddable":true,"href":"https:\/\/v2smt.com\/es\/wp-json\/wp\/v2\/media\/21705"}],"wp:attachment":[{"href":"https:\/\/v2smt.com\/es\/wp-json\/wp\/v2\/media?parent=21941"}],"wp:term":[{"taxonomy":"brand","embeddable":true,"href":"https:\/\/v2smt.com\/es\/wp-json\/wp\/v2\/etheme_brands?post=21941"},{"taxonomy":"product_brand","embeddable":true,"href":"https:\/\/v2smt.com\/es\/wp-json\/wp\/v2\/product_brand?post=21941"},{"taxonomy":"product_cat","embeddable":true,"href":"https:\/\/v2smt.com\/es\/wp-json\/wp\/v2\/product_cat?post=21941"},{"taxonomy":"product_tag","embeddable":true,"href":"https:\/\/v2smt.com\/es\/wp-json\/wp\/v2\/product_tag?post=21941"}],"curies":[{"name":"wp","href":"https:\/\/api.w.org\/{rel}","templated":true}]}}