{"id":21939,"date":"2024-07-23T16:44:21","date_gmt":"2024-07-23T16:44:21","guid":{"rendered":"https:\/\/v2smt.com\/?post_type=product&#038;p=21939"},"modified":"2024-08-22T17:03:59","modified_gmt":"2024-08-22T17:03:59","slug":"pcb-router-machine-l400","status":"publish","type":"product","link":"https:\/\/v2smt.com\/es\/products\/pcb-router-machine-l400\/","title":{"rendered":"M\u00e1quina fresadora para PCB L400"},"content":{"rendered":"<p>1. Fresado de alta velocidad: Utiliza fresas para separar r\u00e1pidamente las placas de circuito impreso.<br \/>\n2. Servoaccionamiento de tres ejes: Garantiza un control multidireccional preciso.<br \/>\n3. Interfaz hombre-ordenador: F\u00e1cil de usar con una pantalla de 17 pulgadas.<br \/>\n4. Sistema operativo WIN7: Proporciona una plataforma estable y familiar.<br \/>\n5. C\u00e1mara CCD de alto p\u00edxel: Mejora la ense\u00f1anza de trayectorias y la precisi\u00f3n de la edici\u00f3n.<br \/>\n6. Software de compensaci\u00f3n MAKE: Facilita los ajustes precisos de programaci\u00f3n.<br \/>\n7. Suma de marcos rectangulares: Simplifica la alineaci\u00f3n geom\u00e9trica para la programaci\u00f3n.<br \/>\n8. Variabilidad de la velocidad del cabezal: Oscila entre 2000 y 60000 rpm.<br \/>\n9. Precisi\u00f3n de posicionamiento: \u00b10,01 mm para cortes de alta precisi\u00f3n.<br \/>\n10. Control de velocidad de corte: Ajustable de 0 a 100mm\/seg.<br \/>\n11. Funciones de corte vers\u00e1tiles: Se adapta a varios patrones de corte.<br \/>\n12. Control inform\u00e1tico industrial: Garantiza un funcionamiento fiable.<br \/>\n13. Dimensi\u00f3n compacta: L830W1020H1400mm para ahorrar espacio.<br \/>\n14. Opciones de recogida de polvo: Recogida de polvo superior o inferior disponible.<br \/>\n15. Sistema de tornillo\/carril HIWIN: Ofrece un movimiento suave y fiable.<br \/>\n16. Fuente de alimentaci\u00f3n 380V\/3KW: Soporta operaciones de trabajo pesado.<br \/>\n17. Peso de la m\u00e1quina: 280KG para mayor estabilidad y durabilidad.<\/p>","protected":false},"excerpt":{"rendered":"<p>La fresadora de PCB L400 es una fresadora visual de \u00faltima generaci\u00f3n, de una sola estaci\u00f3n, dise\u00f1ada para la separaci\u00f3n precisa y de alta velocidad de PCB. Utiliza servomotores avanzados y una c\u00e1mara CCD de alto p\u00edxel para automatizar el proceso de corte, mejorando significativamente la calidad del producto y reduciendo los residuos. Esta m\u00e1quina est\u00e1 equipada con una interfaz f\u00e1cil de usar y funciones robustas para optimizar la eficiencia de la producci\u00f3n.<\/p>","protected":false},"featured_media":21704,"comment_status":"open","ping_status":"closed","template":"","meta":{"iawp_total_views":39},"etheme_brands":[],"product_brand":[],"product_cat":[160],"product_tag":[],"class_list":{"0":"post-21939","1":"product","2":"type-product","3":"status-publish","4":"has-post-thumbnail","6":"product_cat-pcb-router-machine","8":"first","9":"instock","10":"shipping-taxable","11":"product-type-simple"},"_links":{"self":[{"href":"https:\/\/v2smt.com\/es\/wp-json\/wp\/v2\/product\/21939","targetHints":{"allow":["GET"]}}],"collection":[{"href":"https:\/\/v2smt.com\/es\/wp-json\/wp\/v2\/product"}],"about":[{"href":"https:\/\/v2smt.com\/es\/wp-json\/wp\/v2\/types\/product"}],"replies":[{"embeddable":true,"href":"https:\/\/v2smt.com\/es\/wp-json\/wp\/v2\/comments?post=21939"}],"version-history":[{"count":0,"href":"https:\/\/v2smt.com\/es\/wp-json\/wp\/v2\/product\/21939\/revisions"}],"wp:featuredmedia":[{"embeddable":true,"href":"https:\/\/v2smt.com\/es\/wp-json\/wp\/v2\/media\/21704"}],"wp:attachment":[{"href":"https:\/\/v2smt.com\/es\/wp-json\/wp\/v2\/media?parent=21939"}],"wp:term":[{"taxonomy":"brand","embeddable":true,"href":"https:\/\/v2smt.com\/es\/wp-json\/wp\/v2\/etheme_brands?post=21939"},{"taxonomy":"product_brand","embeddable":true,"href":"https:\/\/v2smt.com\/es\/wp-json\/wp\/v2\/product_brand?post=21939"},{"taxonomy":"product_cat","embeddable":true,"href":"https:\/\/v2smt.com\/es\/wp-json\/wp\/v2\/product_cat?post=21939"},{"taxonomy":"product_tag","embeddable":true,"href":"https:\/\/v2smt.com\/es\/wp-json\/wp\/v2\/product_tag?post=21939"}],"curies":[{"name":"wp","href":"https:\/\/api.w.org\/{rel}","templated":true}]}}