{"id":21936,"date":"2024-07-23T16:36:17","date_gmt":"2024-07-23T16:36:17","guid":{"rendered":"https:\/\/v2smt.com\/?post_type=product&#038;p=21936"},"modified":"2024-08-22T17:03:59","modified_gmt":"2024-08-22T17:03:59","slug":"x-ray-parts-counter-xc-01","status":"publish","type":"product","link":"https:\/\/v2smt.com\/es\/products\/x-ray-parts-counter-xc-01\/","title":{"rendered":"Contador de piezas de rayos X XC-01"},"content":{"rendered":"<p>Tubo de rayos X de tipo cerrado de 80 kV: Larga vida \u00fatil y funcionamiento pr\u00e1cticamente sin mantenimiento.<\/p>\n<p>FPD de 17\u201d de s\u00faper definici\u00f3n: garantiza im\u00e1genes de alta resoluci\u00f3n para un recuento preciso.<\/p>\n<p>Velocidad de recuento ultrarr\u00e1pida: Cuenta cuatro carretes de 7\u201d o uno de 15\u201d en menos de 10 segundos.<\/p>\n<p>Algoritmo de aprendizaje profundo de IA: Actualizaciones gratuitas y compatibilidad con sistemas MES, ERP, WMS.<\/p>\n<p>Escaneado y etiquetado autom\u00e1tico de c\u00f3digos: Agiliza el flujo de trabajo y reduce el esfuerzo del usuario.<\/p>\n<p>No es necesario cambiar de modo: Dise\u00f1o intuitivo para el recuento de una o varias bobinas sin conmutaci\u00f3n manual.<\/p>\n<p>Funci\u00f3n de n\u00famero de orden de trabajo: Admite el registro y f\u00e1cil seguimiento de las \u00f3rdenes de trabajo.<\/p>\n<p>Sistemas de enclavamiento de seguridad: Garantiza la seguridad del usuario con el apagado inmediato al abrir la puerta.<\/p>\n<p>Conectividad con bases de datos en la nube: Mejora la precisi\u00f3n y la eficiencia del recuento gracias a los datos compartidos.<\/p>\n<p>Parada de emergencia y seguridad antipellizco: Proporciona medidas de seguridad de respuesta inmediata.<\/p>","protected":false},"excerpt":{"rendered":"<p>El contador de piezas por rayos X XC-01 de Microfocus es un innovador sistema de inspecci\u00f3n dise\u00f1ado para revolucionar el recuento de componentes en la industria electr\u00f3nica. Con su avanzado algoritmo de aprendizaje profundo de IA y su detector digital plano de alta definici\u00f3n, el XC-01 ofrece capacidades de recuento ultrarr\u00e1pidas con una precisi\u00f3n excepcional. Este sistema se integra a la perfecci\u00f3n con la infraestructura de gesti\u00f3n existente, proporcionando una soluci\u00f3n integral para el inventario de componentes y el control de calidad.<\/p>","protected":false},"featured_media":21716,"comment_status":"open","ping_status":"closed","template":"","meta":{"iawp_total_views":120},"etheme_brands":[],"product_brand":[],"product_cat":[155],"product_tag":[],"class_list":{"0":"post-21936","1":"product","2":"type-product","3":"status-publish","4":"has-post-thumbnail","6":"product_cat-x-ray-parts-counter","8":"first","9":"instock","10":"shipping-taxable","11":"product-type-simple"},"_links":{"self":[{"href":"https:\/\/v2smt.com\/es\/wp-json\/wp\/v2\/product\/21936","targetHints":{"allow":["GET"]}}],"collection":[{"href":"https:\/\/v2smt.com\/es\/wp-json\/wp\/v2\/product"}],"about":[{"href":"https:\/\/v2smt.com\/es\/wp-json\/wp\/v2\/types\/product"}],"replies":[{"embeddable":true,"href":"https:\/\/v2smt.com\/es\/wp-json\/wp\/v2\/comments?post=21936"}],"version-history":[{"count":0,"href":"https:\/\/v2smt.com\/es\/wp-json\/wp\/v2\/product\/21936\/revisions"}],"wp:featuredmedia":[{"embeddable":true,"href":"https:\/\/v2smt.com\/es\/wp-json\/wp\/v2\/media\/21716"}],"wp:attachment":[{"href":"https:\/\/v2smt.com\/es\/wp-json\/wp\/v2\/media?parent=21936"}],"wp:term":[{"taxonomy":"brand","embeddable":true,"href":"https:\/\/v2smt.com\/es\/wp-json\/wp\/v2\/etheme_brands?post=21936"},{"taxonomy":"product_brand","embeddable":true,"href":"https:\/\/v2smt.com\/es\/wp-json\/wp\/v2\/product_brand?post=21936"},{"taxonomy":"product_cat","embeddable":true,"href":"https:\/\/v2smt.com\/es\/wp-json\/wp\/v2\/product_cat?post=21936"},{"taxonomy":"product_tag","embeddable":true,"href":"https:\/\/v2smt.com\/es\/wp-json\/wp\/v2\/product_tag?post=21936"}],"curies":[{"name":"wp","href":"https:\/\/api.w.org\/{rel}","templated":true}]}}