{"id":21934,"date":"2024-07-23T16:30:23","date_gmt":"2024-07-23T16:30:23","guid":{"rendered":"https:\/\/v2smt.com\/?post_type=product&#038;p=21934"},"modified":"2024-08-22T17:03:59","modified_gmt":"2024-08-22T17:03:59","slug":"dx-temperature-curve-analyzer","status":"publish","type":"product","link":"https:\/\/v2smt.com\/es\/products\/dx-temperature-curve-analyzer\/","title":{"rendered":"Analizador de curvas de temperatura DX"},"content":{"rendered":"<p>Funcionamiento intuitivo: Interfaz sencilla y f\u00e1cil de usar con gesti\u00f3n de base de datos para todos los datos.<\/p>\n<p>Alta frecuencia de muestreo: Oscila entre 0,05s y 30Min, atendiendo a diversas necesidades de prueba.<\/p>\n<p>Gran capacidad de memoria: Almacenamiento de hasta 500.000 puntos de datos para an\u00e1lisis exhaustivos.<\/p>\n<p>M\u00faltiples canales de prueba: Opciones de 6, 10 o 15 canales para pruebas exhaustivas.<\/p>\n<p>Alta precisi\u00f3n: \u00b10,6\u2103 de precisi\u00f3n para mediciones de temperatura fiables.<\/p>\n<p>Distinguibilidad: resoluci\u00f3n de 0,1\u2103 para datos t\u00e9rmicos de grano fino.<\/p>\n<p>An\u00e1lisis inteligente: Determinaci\u00f3n automatizada de la idoneidad de los procesos sin necesidad de descargar datos.<\/p>\n<p>Software de an\u00e1lisis: Equipado con un software de alta eficiencia y f\u00e1cil manejo para el an\u00e1lisis de datos.<\/p>\n<p>Capacidad de carga r\u00e1pida: una carga de 10 minutos proporciona un mayor tiempo de uso.<\/p>\n<p>Pantalla de indicadores LED: Indicadores claros del estado de la bater\u00eda, almacenamiento de datos y alarmas de alta temperatura.<\/p>\n<p>Autoprotecci\u00f3n contra altas temperaturas: Apagado autom\u00e1tico a 70\u2103 para evitar da\u00f1os.<\/p>","protected":false},"excerpt":{"rendered":"<p>El analizador de curvas de temperatura Serie DX de BESTEMP es un avanzado instrumento de an\u00e1lisis t\u00e9rmico dise\u00f1ado para el perfilado de temperatura de alta precisi\u00f3n en diversas industrias. Gracias a su f\u00e1cil manejo y a su s\u00f3lida gesti\u00f3n de bases de datos, la serie DX simplifica el proceso de captura y an\u00e1lisis de datos t\u00e9rmicos, lo que la convierte en una herramienta indispensable para garantizar la calidad en los sectores de la electr\u00f3nica, la cer\u00e1mica, la alimentaci\u00f3n y la automoci\u00f3n, entre otros.<\/p>","protected":false},"featured_media":21715,"comment_status":"open","ping_status":"closed","template":"","meta":{"iawp_total_views":115},"etheme_brands":[],"product_brand":[],"product_cat":[141,162],"product_tag":[],"class_list":{"0":"post-21934","1":"product","2":"type-product","3":"status-publish","4":"has-post-thumbnail","6":"product_cat-temperature-curve-analyzer","7":"product_cat-tools","9":"first","10":"instock","11":"shipping-taxable","12":"product-type-simple"},"_links":{"self":[{"href":"https:\/\/v2smt.com\/es\/wp-json\/wp\/v2\/product\/21934","targetHints":{"allow":["GET"]}}],"collection":[{"href":"https:\/\/v2smt.com\/es\/wp-json\/wp\/v2\/product"}],"about":[{"href":"https:\/\/v2smt.com\/es\/wp-json\/wp\/v2\/types\/product"}],"replies":[{"embeddable":true,"href":"https:\/\/v2smt.com\/es\/wp-json\/wp\/v2\/comments?post=21934"}],"version-history":[{"count":0,"href":"https:\/\/v2smt.com\/es\/wp-json\/wp\/v2\/product\/21934\/revisions"}],"wp:featuredmedia":[{"embeddable":true,"href":"https:\/\/v2smt.com\/es\/wp-json\/wp\/v2\/media\/21715"}],"wp:attachment":[{"href":"https:\/\/v2smt.com\/es\/wp-json\/wp\/v2\/media?parent=21934"}],"wp:term":[{"taxonomy":"brand","embeddable":true,"href":"https:\/\/v2smt.com\/es\/wp-json\/wp\/v2\/etheme_brands?post=21934"},{"taxonomy":"product_brand","embeddable":true,"href":"https:\/\/v2smt.com\/es\/wp-json\/wp\/v2\/product_brand?post=21934"},{"taxonomy":"product_cat","embeddable":true,"href":"https:\/\/v2smt.com\/es\/wp-json\/wp\/v2\/product_cat?post=21934"},{"taxonomy":"product_tag","embeddable":true,"href":"https:\/\/v2smt.com\/es\/wp-json\/wp\/v2\/product_tag?post=21934"}],"curies":[{"name":"wp","href":"https:\/\/api.w.org\/{rel}","templated":true}]}}