{"id":21929,"date":"2024-07-23T16:10:11","date_gmt":"2024-07-23T16:10:11","guid":{"rendered":"https:\/\/v2smt.com\/?post_type=product&#038;p=21929"},"modified":"2024-08-22T17:03:59","modified_gmt":"2024-08-22T17:03:59","slug":"lead-free-reflow-oven-ty-tech-8020","status":"publish","type":"product","link":"https:\/\/v2smt.com\/es\/products\/lead-free-reflow-oven-ty-tech-8020\/","title":{"rendered":"Horno de reflujo sin plomo TY-Tech 8020"},"content":{"rendered":"<p>1. Control inteligente PLC de Siemens<br \/>\n2. Interfaz operativa de Windows XP<br \/>\n3. Elevaci\u00f3n autom\u00e1tica de la caja del cilindro<br \/>\n4. Cintur\u00f3n de malla para un transporte suave<br \/>\n5. Control PID para zonas de calefacci\u00f3n<br \/>\n6. Control de transmisi\u00f3n en red\/cadena<br \/>\n7. Alarma de aver\u00eda y protector de fugas<br \/>\n8. SAI y sistema de parada retardada<br \/>\n9. Modo de calefacci\u00f3n por microcirculaci\u00f3n ERSA<br \/>\n10. Sistema independiente de microcirculaci\u00f3n de aire<\/p>","protected":false},"excerpt":{"rendered":"<p>El horno de reflujo TY-Tech 8020 dispone de un sistema de control inteligente con PLC Siemens que garantiza una precisi\u00f3n de \u00b11-2\u2103 en el control de la temperatura. Equipado con un sistema de calentamiento de 8 zonas, refrigeraci\u00f3n por aire forzado y una cinta de malla de 500 mm, es apto para PCB de gran tama\u00f1o con un alto rendimiento. Sus avanzadas funciones de seguridad y su interfaz f\u00e1cil de usar ponen de relieve su s\u00f3lido rendimiento en el proceso de soldadura.<\/p>","protected":false},"featured_media":21689,"comment_status":"open","ping_status":"closed","template":"","meta":{"iawp_total_views":47},"etheme_brands":[],"product_brand":[],"product_cat":[140],"product_tag":[],"class_list":{"0":"post-21929","1":"product","2":"type-product","3":"status-publish","4":"has-post-thumbnail","6":"product_cat-reflow-soldering","8":"first","9":"instock","10":"shipping-taxable","11":"product-type-simple"},"_links":{"self":[{"href":"https:\/\/v2smt.com\/es\/wp-json\/wp\/v2\/product\/21929","targetHints":{"allow":["GET"]}}],"collection":[{"href":"https:\/\/v2smt.com\/es\/wp-json\/wp\/v2\/product"}],"about":[{"href":"https:\/\/v2smt.com\/es\/wp-json\/wp\/v2\/types\/product"}],"replies":[{"embeddable":true,"href":"https:\/\/v2smt.com\/es\/wp-json\/wp\/v2\/comments?post=21929"}],"version-history":[{"count":0,"href":"https:\/\/v2smt.com\/es\/wp-json\/wp\/v2\/product\/21929\/revisions"}],"wp:featuredmedia":[{"embeddable":true,"href":"https:\/\/v2smt.com\/es\/wp-json\/wp\/v2\/media\/21689"}],"wp:attachment":[{"href":"https:\/\/v2smt.com\/es\/wp-json\/wp\/v2\/media?parent=21929"}],"wp:term":[{"taxonomy":"brand","embeddable":true,"href":"https:\/\/v2smt.com\/es\/wp-json\/wp\/v2\/etheme_brands?post=21929"},{"taxonomy":"product_brand","embeddable":true,"href":"https:\/\/v2smt.com\/es\/wp-json\/wp\/v2\/product_brand?post=21929"},{"taxonomy":"product_cat","embeddable":true,"href":"https:\/\/v2smt.com\/es\/wp-json\/wp\/v2\/product_cat?post=21929"},{"taxonomy":"product_tag","embeddable":true,"href":"https:\/\/v2smt.com\/es\/wp-json\/wp\/v2\/product_tag?post=21929"}],"curies":[{"name":"wp","href":"https:\/\/api.w.org\/{rel}","templated":true}]}}