{"id":21917,"date":"2024-07-23T15:55:58","date_gmt":"2024-07-23T15:55:58","guid":{"rendered":"https:\/\/v2smt.com\/?post_type=product&#038;p=21917"},"modified":"2024-08-22T17:03:58","modified_gmt":"2024-08-22T17:03:58","slug":"tabletop-dispensing-machine-300ed","status":"publish","type":"product","link":"https:\/\/v2smt.com\/es\/products\/tabletop-dispensing-machine-300ed\/","title":{"rendered":"M\u00e1quina dispensadora de sobremesa 300ED"},"content":{"rendered":"<p>Apta para colas fluidas: Maneja UV, cola AB, COB, cola blanca y m\u00e1s.<\/p>\n<p>Gran alcance de trabajo: 300(X)\u2573300(Y)\u2573100(Z)mm para una amplia cobertura.<\/p>\n<p>Alta velocidad de movimiento: 400mm\/seg(XY)\/200mm\/seg(Z) para operaciones r\u00e1pidas.<\/p>\n<p>Accionamiento por motor paso a paso: Garantiza un control preciso y exactitud.<\/p>\n<p>Repetibilidad XYZ: \u00b10,025 mm para obtener resultados uniformes.<\/p>\n<p>Capacidad de programa: Almacena 999 archivos de par\u00e1metros con hasta 65535 puntos cada uno.<\/p>\n<p>Interfaz de panel LCD: Manejo y programaci\u00f3n sencillos.<\/p>\n<p>Micromotor paso a paso japon\u00e9s: Control de movimiento de alta calidad.<\/p>\n<p>Patr\u00f3n de movimiento de 3 ejes: Capaz de movimientos punto a punto, l\u00ednea continua y arco.<\/p>\n<p>Puertos de se\u00f1al de E\/S: 4 entradas\/4 salidas para una integraci\u00f3n flexible.<\/p>","protected":false},"excerpt":{"rendered":"<p>La 300ED es una m\u00e1quina dispensadora de sobremesa vers\u00e1til y f\u00e1cil de usar centrada en la repetibilidad y la precisi\u00f3n. Ideal para proyectos a peque\u00f1a escala, ofrece una interfaz f\u00e1cil de usar y un s\u00f3lido conjunto de funciones para diversas aplicaciones adhesivas.<\/p>","protected":false},"featured_media":21713,"comment_status":"open","ping_status":"closed","template":"","meta":{"iawp_total_views":51},"etheme_brands":[],"product_brand":[],"product_cat":[147,148],"product_tag":[],"class_list":{"0":"post-21917","1":"product","2":"type-product","3":"status-publish","4":"has-post-thumbnail","6":"product_cat-automatic-dispensing-machine","7":"product_cat-glue-dispenser","9":"first","10":"instock","11":"shipping-taxable","12":"product-type-simple"},"_links":{"self":[{"href":"https:\/\/v2smt.com\/es\/wp-json\/wp\/v2\/product\/21917","targetHints":{"allow":["GET"]}}],"collection":[{"href":"https:\/\/v2smt.com\/es\/wp-json\/wp\/v2\/product"}],"about":[{"href":"https:\/\/v2smt.com\/es\/wp-json\/wp\/v2\/types\/product"}],"replies":[{"embeddable":true,"href":"https:\/\/v2smt.com\/es\/wp-json\/wp\/v2\/comments?post=21917"}],"version-history":[{"count":0,"href":"https:\/\/v2smt.com\/es\/wp-json\/wp\/v2\/product\/21917\/revisions"}],"wp:featuredmedia":[{"embeddable":true,"href":"https:\/\/v2smt.com\/es\/wp-json\/wp\/v2\/media\/21713"}],"wp:attachment":[{"href":"https:\/\/v2smt.com\/es\/wp-json\/wp\/v2\/media?parent=21917"}],"wp:term":[{"taxonomy":"brand","embeddable":true,"href":"https:\/\/v2smt.com\/es\/wp-json\/wp\/v2\/etheme_brands?post=21917"},{"taxonomy":"product_brand","embeddable":true,"href":"https:\/\/v2smt.com\/es\/wp-json\/wp\/v2\/product_brand?post=21917"},{"taxonomy":"product_cat","embeddable":true,"href":"https:\/\/v2smt.com\/es\/wp-json\/wp\/v2\/product_cat?post=21917"},{"taxonomy":"product_tag","embeddable":true,"href":"https:\/\/v2smt.com\/es\/wp-json\/wp\/v2\/product_tag?post=21917"}],"curies":[{"name":"wp","href":"https:\/\/api.w.org\/{rel}","templated":true}]}}