{"id":21915,"date":"2024-07-23T15:52:14","date_gmt":"2024-07-23T15:52:14","guid":{"rendered":"https:\/\/v2smt.com\/?post_type=product&#038;p=21915"},"modified":"2024-08-22T17:03:58","modified_gmt":"2024-08-22T17:03:58","slug":"t350-wave-soldering-machine","status":"publish","type":"product","link":"https:\/\/v2smt.com\/es\/products\/t350-wave-soldering-machine\/","title":{"rendered":"M\u00e1quina de soldadura por ola T350"},"content":{"rendered":"<p>1. Dise\u00f1o eficiente y respetuoso con el medio ambiente - Ahorro de energ\u00eda, sin plomo, seguro.<br \/>\n2. Sistema de alimentaci\u00f3n autom\u00e1tico - Convertidor de frecuencia, entrada de tablero autom\u00e1tico.<br \/>\n3. Sistema avanzado de pulverizaci\u00f3n de fundente - boquillas de escaneado, boquillas japonesas, control PLC.<br \/>\n4. Control independiente de la temperatura - Calor uniforme, precisi\u00f3n de \u00b12\u00baC.<br \/>\n5. Garras de cadena de aleaci\u00f3n especial - Antiadherente, garantiza la calidad de la soldadura.<br \/>\n9. Motor de soldadura de alta frecuencia - Importado, rendimiento estable.<br \/>\n7. Horno de soldadura sin plomo - F\u00e1cil de limpiar, protecci\u00f3n del medio ambiente.<br \/>\n8. Control de calentamiento PID e IR - 90 minutos de calentamiento, funciones preestablecidas.<br \/>\n9. Funci\u00f3n de memoria de caja negra - Almacena registros de producci\u00f3n, eficiencia.<br \/>\n10. Limpieza autom\u00e1tica de garras - Garantiza una limpieza continua.<br \/>\n11. Sistema de alarma de seguridad contra fallos - Sensible, garantiza el rendimiento y la seguridad.<\/p>","protected":false},"excerpt":{"rendered":"<p>La m\u00e1quina de soldadura por ola T350 ofrece una soluci\u00f3n de soldadura eficaz, de bajo consumo y sin plomo, respetuosa con el medio ambiente y f\u00e1cil de mantener. Cuenta con un sistema de alimentaci\u00f3n autom\u00e1tico, aplicaci\u00f3n precisa de fundente y una cadena de transporte de aleaci\u00f3n especial para una soldadura de PCB de calidad. Con un dise\u00f1o f\u00e1cil de usar y sistemas de control avanzados, garantiza un funcionamiento seguro y fiable.<\/p>","protected":false},"featured_media":21712,"comment_status":"open","ping_status":"closed","template":"","meta":{"iawp_total_views":66},"etheme_brands":[],"product_brand":[],"product_cat":[138],"product_tag":[],"class_list":{"0":"post-21915","1":"product","2":"type-product","3":"status-publish","4":"has-post-thumbnail","6":"product_cat-wave-soldering","8":"first","9":"instock","10":"shipping-taxable","11":"product-type-simple"},"_links":{"self":[{"href":"https:\/\/v2smt.com\/es\/wp-json\/wp\/v2\/product\/21915","targetHints":{"allow":["GET"]}}],"collection":[{"href":"https:\/\/v2smt.com\/es\/wp-json\/wp\/v2\/product"}],"about":[{"href":"https:\/\/v2smt.com\/es\/wp-json\/wp\/v2\/types\/product"}],"replies":[{"embeddable":true,"href":"https:\/\/v2smt.com\/es\/wp-json\/wp\/v2\/comments?post=21915"}],"version-history":[{"count":0,"href":"https:\/\/v2smt.com\/es\/wp-json\/wp\/v2\/product\/21915\/revisions"}],"wp:featuredmedia":[{"embeddable":true,"href":"https:\/\/v2smt.com\/es\/wp-json\/wp\/v2\/media\/21712"}],"wp:attachment":[{"href":"https:\/\/v2smt.com\/es\/wp-json\/wp\/v2\/media?parent=21915"}],"wp:term":[{"taxonomy":"brand","embeddable":true,"href":"https:\/\/v2smt.com\/es\/wp-json\/wp\/v2\/etheme_brands?post=21915"},{"taxonomy":"product_brand","embeddable":true,"href":"https:\/\/v2smt.com\/es\/wp-json\/wp\/v2\/product_brand?post=21915"},{"taxonomy":"product_cat","embeddable":true,"href":"https:\/\/v2smt.com\/es\/wp-json\/wp\/v2\/product_cat?post=21915"},{"taxonomy":"product_tag","embeddable":true,"href":"https:\/\/v2smt.com\/es\/wp-json\/wp\/v2\/product_tag?post=21915"}],"curies":[{"name":"wp","href":"https:\/\/api.w.org\/{rel}","templated":true}]}}