{"id":21913,"date":"2024-07-23T15:48:36","date_gmt":"2024-07-23T15:48:36","guid":{"rendered":"https:\/\/v2smt.com\/?post_type=product&#038;p=21913"},"modified":"2024-08-22T17:03:58","modified_gmt":"2024-08-22T17:03:58","slug":"aoi-600-automated-optical-inspection-machine","status":"publish","type":"product","link":"https:\/\/v2smt.com\/es\/products\/aoi-600-automated-optical-inspection-machine\/","title":{"rendered":"M\u00e1quina de inspecci\u00f3n \u00f3ptica automatizada AOI 600"},"content":{"rendered":"<p>1. C\u00e1mara de alta velocidad de 5M: Captura im\u00e1genes detalladas con exposici\u00f3n global.<br \/>\n2. Lente telec\u00e9ntrica: claridad de p\u00edxeles de 5M, profundidad de campo de 8-10mm.<br \/>\n3. Iluminaci\u00f3n LED RGB: Mejora la visibilidad con iluminaci\u00f3n multi\u00e1ngulo.<br \/>\n4. Sistema de control digital: Gestiona la luz y los par\u00e1metros de detecci\u00f3n.<br \/>\n5. Algoritmos de detecci\u00f3n avanzados: Incluye concordancia de plantillas, detecci\u00f3n inteligente.<br \/>\n6. Tecnolog\u00eda IPE: Procesamiento de im\u00e1genes personalizable para mejorar la precisi\u00f3n.<br \/>\n7. R\u00e1pida velocidad de procesamiento: menos de 170 ms por FOV.<br \/>\n8. Velocidad de detecci\u00f3n eficiente: 3500mm\u00b2\/s para control de calidad.<br \/>\n9. Programaci\u00f3n fuera de l\u00ednea: Interfaz gr\u00e1fica para depuraci\u00f3n remota.<br \/>\n10. M\u00faltiples puntos de marca: Admite la selecci\u00f3n de hasta dos comunes o m\u00e1s.<br \/>\n11. Detecci\u00f3n exhaustiva de defectos: Abarca la soldadura en pasta, SMT, por reflujo y por ola.<br \/>\n12. Medidas antiest\u00e1ticas: Equipado con toma y anillo antiest\u00e1ticos.<br \/>\n13. Manipulaci\u00f3n flexible de PCB: Ajustable para tama\u00f1os de 50\u00d750mm a 500\u00d7325mm.<br \/>\n14. Posicionamiento preciso: \u22648um de precisi\u00f3n con sistema de servomotor.<br \/>\n15. Hardware potente: CPU I5, GPU de 8 GB, RAM de 16 GB para un funcionamiento fiable.<\/p>","protected":false},"excerpt":{"rendered":"<p>La AOI 600 es una sofisticada m\u00e1quina de inspecci\u00f3n \u00f3ptica automatizada equipada con una c\u00e1mara industrial digital inteligente de alta velocidad 5M y un objetivo telec\u00e9ntrico. Ofrece algoritmos de detecci\u00f3n avanzados, tecnolog\u00eda IPE para el procesamiento personalizado de im\u00e1genes y un robusto sistema mec\u00e1nico. Capaz de manipular placas de circuito impreso de hasta 500\u00d7325 mm, garantiza inspecciones precisas y de alta velocidad con una velocidad de procesamiento inferior a 170 ms por FOV y una velocidad de detecci\u00f3n de 3500 mm\u00b2\/s.<\/p>","protected":false},"featured_media":21674,"comment_status":"open","ping_status":"closed","template":"","meta":{"iawp_total_views":66},"etheme_brands":[],"product_brand":[],"product_cat":[136],"product_tag":[],"class_list":{"0":"post-21913","1":"product","2":"type-product","3":"status-publish","4":"has-post-thumbnail","6":"product_cat-automated-optical-inspection","8":"first","9":"instock","10":"shipping-taxable","11":"product-type-simple"},"_links":{"self":[{"href":"https:\/\/v2smt.com\/es\/wp-json\/wp\/v2\/product\/21913","targetHints":{"allow":["GET"]}}],"collection":[{"href":"https:\/\/v2smt.com\/es\/wp-json\/wp\/v2\/product"}],"about":[{"href":"https:\/\/v2smt.com\/es\/wp-json\/wp\/v2\/types\/product"}],"replies":[{"embeddable":true,"href":"https:\/\/v2smt.com\/es\/wp-json\/wp\/v2\/comments?post=21913"}],"version-history":[{"count":0,"href":"https:\/\/v2smt.com\/es\/wp-json\/wp\/v2\/product\/21913\/revisions"}],"wp:featuredmedia":[{"embeddable":true,"href":"https:\/\/v2smt.com\/es\/wp-json\/wp\/v2\/media\/21674"}],"wp:attachment":[{"href":"https:\/\/v2smt.com\/es\/wp-json\/wp\/v2\/media?parent=21913"}],"wp:term":[{"taxonomy":"brand","embeddable":true,"href":"https:\/\/v2smt.com\/es\/wp-json\/wp\/v2\/etheme_brands?post=21913"},{"taxonomy":"product_brand","embeddable":true,"href":"https:\/\/v2smt.com\/es\/wp-json\/wp\/v2\/product_brand?post=21913"},{"taxonomy":"product_cat","embeddable":true,"href":"https:\/\/v2smt.com\/es\/wp-json\/wp\/v2\/product_cat?post=21913"},{"taxonomy":"product_tag","embeddable":true,"href":"https:\/\/v2smt.com\/es\/wp-json\/wp\/v2\/product_tag?post=21913"}],"curies":[{"name":"wp","href":"https:\/\/api.w.org\/{rel}","templated":true}]}}