{"id":21911,"date":"2024-07-23T15:46:57","date_gmt":"2024-07-23T15:46:57","guid":{"rendered":"https:\/\/v2smt.com\/?post_type=product&#038;p=21911"},"modified":"2024-08-22T17:03:58","modified_gmt":"2024-08-22T17:03:58","slug":"aoi-500-automated-optical-inspection-machine","status":"publish","type":"product","link":"https:\/\/v2smt.com\/es\/products\/aoi-500-automated-optical-inspection-machine\/","title":{"rendered":"M\u00e1quina de inspecci\u00f3n \u00f3ptica automatizada AOI 500"},"content":{"rendered":"<p>1. C\u00e1mara de alta velocidad: C\u00e1mara inteligente de 5M p\u00edxeles para inspecciones detalladas.<br \/>\n2. Lente telec\u00e9ntrica: Proporciona una claridad de p\u00edxeles de 5M con una profundidad de campo de 8-10 mm.<br \/>\n3. Iluminaci\u00f3n LED RGB: Iluminaci\u00f3n multi\u00e1ngulo para una visibilidad constante.<br \/>\n4. Sistema de control digital: Gesti\u00f3n avanzada de par\u00e1metros de luz y detecci\u00f3n.<br \/>\n5. Algoritmos de detecci\u00f3n: Coincidencia de plantillas, detecci\u00f3n inteligente y detecci\u00f3n de c\u00edrculos.<br \/>\n6. Tecnolog\u00eda IPE: Procesamiento de im\u00e1genes personalizable para mejorar la detecci\u00f3n.<br \/>\n7. Alta velocidad de procesamiento: menos de 170 ms por FOV para un an\u00e1lisis r\u00e1pido.<br \/>\n8. Velocidad de detecci\u00f3n precisa: 3500 mm\u00b2\/s para un control de calidad eficaz.<br \/>\n9. Programaci\u00f3n fuera de l\u00ednea: Interfaz gr\u00e1fica para una depuraci\u00f3n precisa y a distancia.<br \/>\n10. Selecci\u00f3n de puntos de referencia: Elija m\u00faltiples puntos de referencia para mayor precisi\u00f3n.<br \/>\n11. Amplia cobertura de pruebas: Detecta defectos en pasta de soldadura, SMT, reflujo, soldadura por ola.<br \/>\n12. Medidas antiest\u00e1ticas: Equipado con toma y anillo antiest\u00e1ticos.<br \/>\n13. Manipulaci\u00f3n flexible de PCB: Ajustable para tama\u00f1os de 35\u00d735mm a 450\u00d7330mm.<br \/>\n14. Dise\u00f1o mec\u00e1nico robusto: El sistema de servomotor garantiza una precisi\u00f3n \u22648um.<br \/>\n15. Hardware potente: CPU I5, GPU de 8 GB, RAM de 16 GB para un funcionamiento fiable.<\/p>","protected":false},"excerpt":{"rendered":"<p>La AOI 500 es una avanzada m\u00e1quina de inspecci\u00f3n \u00f3ptica automatizada dise\u00f1ada para el control de calidad de alta velocidad y precisi\u00f3n en la fabricaci\u00f3n. Incorpora una c\u00e1mara industrial digital inteligente de alta velocidad de 5M con una resoluci\u00f3n de 15 micras, objetivo telec\u00e9ntrico e iluminaci\u00f3n LED RGB. El sistema admite varios algoritmos de detecci\u00f3n, como la coincidencia de plantillas, la detecci\u00f3n inteligente, la detecci\u00f3n de c\u00edrculos y el reconocimiento de caracteres. Con una velocidad de procesamiento de im\u00e1genes inferior a 170 ms por FOV y una velocidad de detecci\u00f3n de 3500 mm\u00b2\/s, el AOI 500 garantiza inspecciones eficaces y precisas. Tambi\u00e9n ofrece IPE para el procesamiento de im\u00e1genes personalizado y funciona con Windows 10-64Bit con una configuraci\u00f3n de hardware robusta.<\/p>","protected":false},"featured_media":21673,"comment_status":"open","ping_status":"closed","template":"","meta":{"iawp_total_views":134},"etheme_brands":[],"product_brand":[],"product_cat":[136],"product_tag":[],"class_list":{"0":"post-21911","1":"product","2":"type-product","3":"status-publish","4":"has-post-thumbnail","6":"product_cat-automated-optical-inspection","8":"first","9":"instock","10":"shipping-taxable","11":"product-type-simple"},"_links":{"self":[{"href":"https:\/\/v2smt.com\/es\/wp-json\/wp\/v2\/product\/21911","targetHints":{"allow":["GET"]}}],"collection":[{"href":"https:\/\/v2smt.com\/es\/wp-json\/wp\/v2\/product"}],"about":[{"href":"https:\/\/v2smt.com\/es\/wp-json\/wp\/v2\/types\/product"}],"replies":[{"embeddable":true,"href":"https:\/\/v2smt.com\/es\/wp-json\/wp\/v2\/comments?post=21911"}],"version-history":[{"count":0,"href":"https:\/\/v2smt.com\/es\/wp-json\/wp\/v2\/product\/21911\/revisions"}],"wp:featuredmedia":[{"embeddable":true,"href":"https:\/\/v2smt.com\/es\/wp-json\/wp\/v2\/media\/21673"}],"wp:attachment":[{"href":"https:\/\/v2smt.com\/es\/wp-json\/wp\/v2\/media?parent=21911"}],"wp:term":[{"taxonomy":"brand","embeddable":true,"href":"https:\/\/v2smt.com\/es\/wp-json\/wp\/v2\/etheme_brands?post=21911"},{"taxonomy":"product_brand","embeddable":true,"href":"https:\/\/v2smt.com\/es\/wp-json\/wp\/v2\/product_brand?post=21911"},{"taxonomy":"product_cat","embeddable":true,"href":"https:\/\/v2smt.com\/es\/wp-json\/wp\/v2\/product_cat?post=21911"},{"taxonomy":"product_tag","embeddable":true,"href":"https:\/\/v2smt.com\/es\/wp-json\/wp\/v2\/product_tag?post=21911"}],"curies":[{"name":"wp","href":"https:\/\/api.w.org\/{rel}","templated":true}]}}