{"id":21909,"date":"2024-07-23T15:44:20","date_gmt":"2024-07-23T15:44:20","guid":{"rendered":"https:\/\/v2smt.com\/?post_type=product&#038;p=21909"},"modified":"2024-08-22T17:03:58","modified_gmt":"2024-08-22T17:03:58","slug":"yrh10-hybrid-mounting-machine","status":"publish","type":"product","link":"https:\/\/v2smt.com\/es\/products\/yrh10-hybrid-mounting-machine\/","title":{"rendered":"M\u00e1quina de montaje h\u00edbrida YRH10"},"content":{"rendered":"<p>Capacidad de montaje h\u00edbrido: Combina la colocaci\u00f3n de componentes semiconductores y SMD en un solo proceso.<br \/>\nAlta velocidad de colocaci\u00f3n: Alcanza hasta 10.800 CPH en condiciones \u00f3ptimas.<br \/>\nColocaci\u00f3n de precisi\u00f3n: Garantiza una precisi\u00f3n de colocaci\u00f3n de \u00b115\u03bcm con un valor Cpk de 1,0 o superior.<br \/>\nSistema de c\u00e1mara avanzado: Equipado con una c\u00e1mara multifunci\u00f3n para el reconocimiento de componentes de alta precisi\u00f3n.<br \/>\nOpciones de alimentaci\u00f3n flexibles: Admite una amplia gama de alimentadores para diversos tipos y tama\u00f1os de componentes.<br \/>\nCompatible con alimentadores el\u00e9ctricos: Compatible con alimentadores el\u00e9ctricos inteligentes para mejorar la eficiencia.<br \/>\nDisposici\u00f3n personalizable: Adaptable a diversos procesos de producci\u00f3n con una estructura de disposici\u00f3n personalizable.<br \/>\nInspecci\u00f3n posterior al montaje: Caracter\u00edstica est\u00e1ndar para garantizar la calidad tras la colocaci\u00f3n de los componentes. 9 Requisitos de alimentaci\u00f3n robustos: Compatible con una amplia gama de voltajes y frecuencias para uso global.<br \/>\nDise\u00f1o compacto: Ofrece una soluci\u00f3n que ocupa poco espacio en la l\u00ednea de producci\u00f3n<\/p>","protected":false},"excerpt":{"rendered":"<p>El YRH10, un equipo de montaje h\u00edbrido de YAMAHA MOTOR, est\u00e1 dise\u00f1ado para satisfacer las demandas de colocaci\u00f3n de componentes SMD y semiconductores de alta precisi\u00f3n. Con su dise\u00f1o vers\u00e1til y eficiente, el YRH10 es capaz de manipular una gran variedad de tama\u00f1os y tipos de componentes, lo que lo convierte en una soluci\u00f3n ideal para la fabricaci\u00f3n moderna de componentes electr\u00f3nicos.<\/p>","protected":false},"featured_media":21964,"comment_status":"open","ping_status":"closed","template":"","meta":{"iawp_total_views":116},"etheme_brands":[],"product_brand":[],"product_cat":[131],"product_tag":[],"class_list":{"0":"post-21909","1":"product","2":"type-product","3":"status-publish","4":"has-post-thumbnail","6":"product_cat-pick-and-place","8":"first","9":"instock","10":"shipping-taxable","11":"product-type-simple"},"_links":{"self":[{"href":"https:\/\/v2smt.com\/es\/wp-json\/wp\/v2\/product\/21909","targetHints":{"allow":["GET"]}}],"collection":[{"href":"https:\/\/v2smt.com\/es\/wp-json\/wp\/v2\/product"}],"about":[{"href":"https:\/\/v2smt.com\/es\/wp-json\/wp\/v2\/types\/product"}],"replies":[{"embeddable":true,"href":"https:\/\/v2smt.com\/es\/wp-json\/wp\/v2\/comments?post=21909"}],"version-history":[{"count":0,"href":"https:\/\/v2smt.com\/es\/wp-json\/wp\/v2\/product\/21909\/revisions"}],"wp:featuredmedia":[{"embeddable":true,"href":"https:\/\/v2smt.com\/es\/wp-json\/wp\/v2\/media\/21964"}],"wp:attachment":[{"href":"https:\/\/v2smt.com\/es\/wp-json\/wp\/v2\/media?parent=21909"}],"wp:term":[{"taxonomy":"brand","embeddable":true,"href":"https:\/\/v2smt.com\/es\/wp-json\/wp\/v2\/etheme_brands?post=21909"},{"taxonomy":"product_brand","embeddable":true,"href":"https:\/\/v2smt.com\/es\/wp-json\/wp\/v2\/product_brand?post=21909"},{"taxonomy":"product_cat","embeddable":true,"href":"https:\/\/v2smt.com\/es\/wp-json\/wp\/v2\/product_cat?post=21909"},{"taxonomy":"product_tag","embeddable":true,"href":"https:\/\/v2smt.com\/es\/wp-json\/wp\/v2\/product_tag?post=21909"}],"curies":[{"name":"wp","href":"https:\/\/api.w.org\/{rel}","templated":true}]}}