{"id":21903,"date":"2024-07-23T15:33:53","date_gmt":"2024-07-23T15:33:53","guid":{"rendered":"https:\/\/v2smt.com\/?post_type=product&#038;p=21903"},"modified":"2024-08-22T17:03:57","modified_gmt":"2024-08-22T17:03:57","slug":"microfocus-x-ray-inspection-system-x6800","status":"publish","type":"product","link":"https:\/\/v2smt.com\/es\/products\/microfocus-x-ray-inspection-system-x6800\/","title":{"rendered":"Sistema de inspecci\u00f3n por rayos X Microfocus X6800"},"content":{"rendered":"<ol>\n<li><strong>Tubo de rayos X avanzado<\/strong>: Equipado con el tubo de rayos X de microenfoque cerrado m\u00e1s avanzado de Jap\u00f3n Hamamatsu para m\u00e1s de 10.000 horas de funcionamiento sin mantenimiento.<\/li>\n<li><strong>Detector de alta resoluci\u00f3n<\/strong>: Incorpora un detector digital plano HD de 5\u201d de nueva generaci\u00f3n para obtener im\u00e1genes detalladas con una resoluci\u00f3n de 1536\u00d71536 a 20 fps.<\/li>\n<li><strong>Plataforma de inspecci\u00f3n flexible<\/strong>: Una mesa de 530*530 mm con una capacidad de carga de 10 kg y un \u00e1ngulo de inclinaci\u00f3n de 60\u00b0 para \u00e1ngulos de inspecci\u00f3n vers\u00e1tiles sin p\u00e9rdida de aumento.<\/li>\n<li><strong>Automatizado y f\u00e1cil de usar<\/strong>: Ofrece navegaci\u00f3n automatizada con un sistema de acoplamiento de 5 ejes de velocidad ajustable y una interfaz de f\u00e1cil manejo que requiere una formaci\u00f3n m\u00ednima.<\/li>\n<li class=\"last-node\"><strong>Completo paquete de software<\/strong>: Incluye medici\u00f3n del \u00edndice de huecos, inspecci\u00f3n autom\u00e1tica y una serie de herramientas de medici\u00f3n para la detecci\u00f3n y el an\u00e1lisis precisos de los defectos.<\/li>\n<\/ol>","protected":false},"excerpt":{"rendered":"<p>El sistema de inspecci\u00f3n por rayos X X6800 de Microfocus es una soluci\u00f3n de inspecci\u00f3n de \u00faltima generaci\u00f3n que ofrece una precisi\u00f3n y eficacia inigualables. Equipado con un tubo de rayos X japon\u00e9s Hamamatsu y un detector digital plano HD de nueva generaci\u00f3n, el X6800 proporciona im\u00e1genes de alta resoluci\u00f3n y una amplia \u00e1rea detectable. Su dise\u00f1o f\u00e1cil de usar y sus capacidades de inspecci\u00f3n automatizada lo convierten en una herramienta indispensable para el aseguramiento de la calidad en diversas industrias.<\/p>","protected":false},"featured_media":21692,"comment_status":"open","ping_status":"closed","template":"","meta":{"iawp_total_views":119},"etheme_brands":[],"product_brand":[],"product_cat":[137],"product_tag":[],"class_list":{"0":"post-21903","1":"product","2":"type-product","3":"status-publish","4":"has-post-thumbnail","6":"product_cat-x-ray-inspection","8":"first","9":"instock","10":"shipping-taxable","11":"product-type-simple"},"_links":{"self":[{"href":"https:\/\/v2smt.com\/es\/wp-json\/wp\/v2\/product\/21903","targetHints":{"allow":["GET"]}}],"collection":[{"href":"https:\/\/v2smt.com\/es\/wp-json\/wp\/v2\/product"}],"about":[{"href":"https:\/\/v2smt.com\/es\/wp-json\/wp\/v2\/types\/product"}],"replies":[{"embeddable":true,"href":"https:\/\/v2smt.com\/es\/wp-json\/wp\/v2\/comments?post=21903"}],"version-history":[{"count":0,"href":"https:\/\/v2smt.com\/es\/wp-json\/wp\/v2\/product\/21903\/revisions"}],"wp:featuredmedia":[{"embeddable":true,"href":"https:\/\/v2smt.com\/es\/wp-json\/wp\/v2\/media\/21692"}],"wp:attachment":[{"href":"https:\/\/v2smt.com\/es\/wp-json\/wp\/v2\/media?parent=21903"}],"wp:term":[{"taxonomy":"brand","embeddable":true,"href":"https:\/\/v2smt.com\/es\/wp-json\/wp\/v2\/etheme_brands?post=21903"},{"taxonomy":"product_brand","embeddable":true,"href":"https:\/\/v2smt.com\/es\/wp-json\/wp\/v2\/product_brand?post=21903"},{"taxonomy":"product_cat","embeddable":true,"href":"https:\/\/v2smt.com\/es\/wp-json\/wp\/v2\/product_cat?post=21903"},{"taxonomy":"product_tag","embeddable":true,"href":"https:\/\/v2smt.com\/es\/wp-json\/wp\/v2\/product_tag?post=21903"}],"curies":[{"name":"wp","href":"https:\/\/api.w.org\/{rel}","templated":true}]}}