{"id":21901,"date":"2024-07-23T15:33:53","date_gmt":"2024-07-23T15:33:53","guid":{"rendered":"https:\/\/v2smt.com\/?post_type=product&#038;p=21901"},"modified":"2024-08-22T17:03:57","modified_gmt":"2024-08-22T17:03:57","slug":"mso-600-heavy-duty-offline-selective-soldering-machine","status":"publish","type":"product","link":"https:\/\/v2smt.com\/es\/products\/mso-600-heavy-duty-offline-selective-soldering-machine\/","title":{"rendered":"MSO-600 M\u00e1quina de soldadura selectiva fuera de l\u00ednea de alta resistencia"},"content":{"rendered":"<p>Plataforma de movimiento integrada: Combina pulverizaci\u00f3n y soldadura en un espacio compacto.<\/p>\n<p>Posici\u00f3n estacionaria de la placa PCB: Proporciona estabilidad mientras el pulverizador y la plataforma de soldadura se mueven.<\/p>\n<p>Alta calidad de soldadura: Mejora la tasa de aprobaci\u00f3n de la soldadura con control de precisi\u00f3n.<\/p>\n<p>Dise\u00f1o modular: Facilita la formaci\u00f3n flexible de l\u00edneas y el transporte fuera de l\u00ednea.<\/p>\n<p>Control total por PC: Los par\u00e1metros se configuran y guardan en un PC para facilitar la trazabilidad.<\/p>\n<p>Sistema de software avanzado: Basado en Windows 10 para un funcionamiento f\u00e1cil de usar.<\/p>\n<p>Mesa de movimiento XYZ: Equipada con husillos de bolas, gu\u00edas lineales y servomotores para un movimiento preciso.<\/p>\n<p>V\u00e1lvula de chorro de fundente importado: Garantiza una aplicaci\u00f3n eficaz y precisa del fundente.<\/p>\n<p>Sistema de precalentamiento por infrarrojos: Prepara la placa de circuito impreso para unas condiciones \u00f3ptimas de soldadura.<\/p>\n<p>Soldador de 15KG: Con un servomotor e impulsor para un flujo de soldadura consistente y control de la temperatura.<\/p>","protected":false},"excerpt":{"rendered":"<p>La MSO-600 es una m\u00e1quina de soldadura selectiva fuera de l\u00ednea de alta resistencia dise\u00f1ada para realizar soldaduras de alta calidad con un sistema compacto y modular. Integra una gama completa de funcionalidades, incluida una plataforma de movimiento con pulverizaci\u00f3n y soldadura integradas, lo que garantiza un alto \u00edndice de paso de soldadura y una formaci\u00f3n flexible de la l\u00ednea de producci\u00f3n. La m\u00e1quina est\u00e1 totalmente controlada por un PC, que permite ajustar y guardar todos los par\u00e1metros, lo que mejora la trazabilidad y la repetibilidad de la calidad de la soldadura.<\/p>","protected":false},"featured_media":21700,"comment_status":"open","ping_status":"closed","template":"","meta":{"iawp_total_views":55},"etheme_brands":[],"product_brand":[],"product_cat":[139,138],"product_tag":[],"class_list":{"0":"post-21901","1":"product","2":"type-product","3":"status-publish","4":"has-post-thumbnail","6":"product_cat-selective-wave-soldering","7":"product_cat-wave-soldering","9":"first","10":"instock","11":"shipping-taxable","12":"product-type-simple"},"_links":{"self":[{"href":"https:\/\/v2smt.com\/es\/wp-json\/wp\/v2\/product\/21901","targetHints":{"allow":["GET"]}}],"collection":[{"href":"https:\/\/v2smt.com\/es\/wp-json\/wp\/v2\/product"}],"about":[{"href":"https:\/\/v2smt.com\/es\/wp-json\/wp\/v2\/types\/product"}],"replies":[{"embeddable":true,"href":"https:\/\/v2smt.com\/es\/wp-json\/wp\/v2\/comments?post=21901"}],"version-history":[{"count":0,"href":"https:\/\/v2smt.com\/es\/wp-json\/wp\/v2\/product\/21901\/revisions"}],"wp:featuredmedia":[{"embeddable":true,"href":"https:\/\/v2smt.com\/es\/wp-json\/wp\/v2\/media\/21700"}],"wp:attachment":[{"href":"https:\/\/v2smt.com\/es\/wp-json\/wp\/v2\/media?parent=21901"}],"wp:term":[{"taxonomy":"brand","embeddable":true,"href":"https:\/\/v2smt.com\/es\/wp-json\/wp\/v2\/etheme_brands?post=21901"},{"taxonomy":"product_brand","embeddable":true,"href":"https:\/\/v2smt.com\/es\/wp-json\/wp\/v2\/product_brand?post=21901"},{"taxonomy":"product_cat","embeddable":true,"href":"https:\/\/v2smt.com\/es\/wp-json\/wp\/v2\/product_cat?post=21901"},{"taxonomy":"product_tag","embeddable":true,"href":"https:\/\/v2smt.com\/es\/wp-json\/wp\/v2\/product_tag?post=21901"}],"curies":[{"name":"wp","href":"https:\/\/api.w.org\/{rel}","templated":true}]}}